{"id":740683,"date":"2025-08-28T00:32:58","date_gmt":"2025-08-27T21:32:58","guid":{"rendered":"https:\/\/roveyayinevi.com.tr\/index.php\/urun\/voyage-au-centre-de-la-terre\/"},"modified":"2026-04-16T02:51:55","modified_gmt":"2026-04-15T23:51:55","slug":"voyage-au-centre-de-la-terre","status":"publish","type":"product","link":"https:\/\/roveyayinevi.com.tr\/index.php\/urun\/voyage-au-centre-de-la-terre\/","title":{"rendered":"Voyage au Centre de la Terre"},"content":{"rendered":"<p>Voyage au Centre de la TerreJules Verne\u201cLe 24 mai 1863, un dimanche,mon oncle, le professeur Lidenbrock,revint pr\u00e9cipitamment vers sa petite maison situ\u00e9eau num\u00e9ro 19 de K\u00f6nigstrasse,l\u2019une des plus anciennes rues duvieux quartier de Hambourg.\u201dL\u2019\u0153uvre immortelle de Jules VerneVoyage au Centre de la Terre dans sa langue d&#8217;origine&#8230;<\/p>\n","protected":false},"excerpt":{"rendered":"<p>Voyage au Centre de la TerreJules Verne\u201cLe 24 mai 1863, un dimanche,mon oncle, le professeur Lidenbrock,revint pr\u00e9cipitamment vers sa petite maison situ\u00e9eau num\u00e9ro 19 de K\u00f6nigstrasse,l\u2019une<span class=\"excerpt-hellip\"> [\u2026]<\/span><\/p>\n","protected":false},"featured_media":0,"template":"","meta":{"_monsterinsights_skip_tracking":false,"_monsterinsights_sitenote_active":false,"_monsterinsights_sitenote_note":"","_monsterinsights_sitenote_category":0},"product_brand":[],"product_cat":[12472],"product_tag":[],"class_list":{"0":"post-740683","1":"product","2":"type-product","3":"status-publish","5":"product_cat-yabanci-dilde-kitaplar","6":"pa_cilt-ciltsiz","7":"pa_tur-kitap","8":"pa_yayinevi-sapiens-yayinlari","9":"pa_yazar-jules-verne","11":"first","12":"instock","13":"sale","14":"shipping-taxable","15":"purchasable","16":"product-type-simple"},"_links":{"self":[{"href":"https:\/\/roveyayinevi.com.tr\/index.php\/wp-json\/wp\/v2\/product\/740683","targetHints":{"allow":["GET"]}}],"collection":[{"href":"https:\/\/roveyayinevi.com.tr\/index.php\/wp-json\/wp\/v2\/product"}],"about":[{"href":"https:\/\/roveyayinevi.com.tr\/index.php\/wp-json\/wp\/v2\/types\/product"}],"wp:attachment":[{"href":"https:\/\/roveyayinevi.com.tr\/index.php\/wp-json\/wp\/v2\/media?parent=740683"}],"wp:term":[{"taxonomy":"product_brand","embeddable":true,"href":"https:\/\/roveyayinevi.com.tr\/index.php\/wp-json\/wp\/v2\/product_brand?post=740683"},{"taxonomy":"product_cat","embeddable":true,"href":"https:\/\/roveyayinevi.com.tr\/index.php\/wp-json\/wp\/v2\/product_cat?post=740683"},{"taxonomy":"product_tag","embeddable":true,"href":"https:\/\/roveyayinevi.com.tr\/index.php\/wp-json\/wp\/v2\/product_tag?post=740683"}],"curies":[{"name":"wp","href":"https:\/\/api.w.org\/{rel}","templated":true}]}}