{"id":740677,"date":"2025-08-28T00:32:52","date_gmt":"2025-08-27T21:32:52","guid":{"rendered":"https:\/\/roveyayinevi.com.tr\/index.php\/urun\/hayalet-2\/"},"modified":"2026-04-16T02:51:55","modified_gmt":"2026-04-15T23:51:55","slug":"hayalet-2","status":"publish","type":"product","link":"https:\/\/roveyayinevi.com.tr\/index.php\/urun\/hayalet-2\/","title":{"rendered":"Hayalet"},"content":{"rendered":"<p>HayaletG\u00fcrkan Kad\u0131o\u011fluAk\u015fam sanc\u0131lar\u0131 \u00e7eken bir \u00e7ocuk var \u015fehrin i\u00e7inde.\u0130kinci ve \u00fc\u00e7\u00fcnc\u00fc karakterleriyle beraber ya\u015f\u0131yor.Ge\u00e7inip gidemiyorlar bir t\u00fcrl\u00fc.Yaln\u0131zl\u0131\u011fa hafakanlar bas\u0131yor.Beyaz bir \u0131\u015f\u0131k s\u00fcz\u00fcl\u00fcyor duvarda.Sayfalarda kalemsiz yaz\u0131lar beliriyor.Pencerenin d\u0131\u015f\u0131nda g\u00f6steri d\u00fcnyas\u0131 \u0131\u015f\u0131l \u0131\u015f\u0131l.Sehpan\u0131n hemen yan\u0131nda bir siluet&#8230;&#8221;Biri mi var orada?&#8221;Hayalet, edebiyat\u0131n karas\u0131n\u0131,ger\u00e7e\u011fin gerek\u00e7esi olan hayat\u0131,asl\u0131nda orada olmayan\u0131 anlat\u0131yor.Siz korkarak bakarken yata\u011f\u0131n alt\u0131na,metaforlar y\u0131ld\u0131r\u0131m misali geceyi ayd\u0131nlat\u0131yor.<\/p>\n","protected":false},"excerpt":{"rendered":"<p>HayaletG\u00fcrkan Kad\u0131o\u011fluAk\u015fam sanc\u0131lar\u0131 \u00e7eken bir \u00e7ocuk var \u015fehrin i\u00e7inde.\u0130kinci ve \u00fc\u00e7\u00fcnc\u00fc karakterleriyle beraber ya\u015f\u0131yor.Ge\u00e7inip gidemiyorlar bir t\u00fcrl\u00fc.Yaln\u0131zl\u0131\u011fa hafakanlar bas\u0131yor.Beyaz bir \u0131\u015f\u0131k s\u00fcz\u00fcl\u00fcyor duvarda.Sayfalarda kalemsiz yaz\u0131lar beliriyor.Pencerenin<span class=\"excerpt-hellip\"> [\u2026]<\/span><\/p>\n","protected":false},"featured_media":0,"template":"","meta":{"_monsterinsights_skip_tracking":false,"_monsterinsights_sitenote_active":false,"_monsterinsights_sitenote_note":"","_monsterinsights_sitenote_category":0},"product_brand":[],"product_cat":[12291,12509],"product_tag":[],"class_list":{"0":"post-740677","1":"product","2":"type-product","3":"status-publish","5":"product_cat-edebiyat","6":"product_cat-siir","7":"pa_cilt-ciltsiz","8":"pa_tur-kitap","9":"pa_yayinevi-sapiens-yayinlari","10":"pa_yazar-gurkan-kadioglu","12":"first","13":"instock","14":"sale","15":"shipping-taxable","16":"purchasable","17":"product-type-simple"},"_links":{"self":[{"href":"https:\/\/roveyayinevi.com.tr\/index.php\/wp-json\/wp\/v2\/product\/740677","targetHints":{"allow":["GET"]}}],"collection":[{"href":"https:\/\/roveyayinevi.com.tr\/index.php\/wp-json\/wp\/v2\/product"}],"about":[{"href":"https:\/\/roveyayinevi.com.tr\/index.php\/wp-json\/wp\/v2\/types\/product"}],"wp:attachment":[{"href":"https:\/\/roveyayinevi.com.tr\/index.php\/wp-json\/wp\/v2\/media?parent=740677"}],"wp:term":[{"taxonomy":"product_brand","embeddable":true,"href":"https:\/\/roveyayinevi.com.tr\/index.php\/wp-json\/wp\/v2\/product_brand?post=740677"},{"taxonomy":"product_cat","embeddable":true,"href":"https:\/\/roveyayinevi.com.tr\/index.php\/wp-json\/wp\/v2\/product_cat?post=740677"},{"taxonomy":"product_tag","embeddable":true,"href":"https:\/\/roveyayinevi.com.tr\/index.php\/wp-json\/wp\/v2\/product_tag?post=740677"}],"curies":[{"name":"wp","href":"https:\/\/api.w.org\/{rel}","templated":true}]}}