{"id":740676,"date":"2025-08-28T00:32:50","date_gmt":"2025-08-27T21:32:50","guid":{"rendered":"https:\/\/roveyayinevi.com.tr\/index.php\/urun\/delikten\/"},"modified":"2025-12-30T10:53:03","modified_gmt":"2025-12-30T07:53:03","slug":"delikten","status":"publish","type":"product","link":"https:\/\/roveyayinevi.com.tr\/index.php\/urun\/delikten\/","title":{"rendered":"Delikten"},"content":{"rendered":"<p>I\u015f\u0131l Camg\u00f6z\u2019\u00fcn kitab\u0131 Delikten ve Ye\u011fdir ba\u015fl\u0131kl\u0131 iki b\u00f6l\u00fcmde toplanm\u0131\u015f \u00f6yk\u00fclerden olu\u015fuyor. Kitap i\u00e7inde g\u00f6ndermeler yap\u0131lan \u015fark\u0131lara eri\u015febilece\u011finiz QR kodlar ile de okuyucuyu ritmine ortak olmaya davet ediyor. Delikten; s\u0131k\u0131\u015fm\u0131\u015f, arada kalm\u0131\u015f, kendileri olduklar\u0131 i\u00e7in toplum d\u0131\u015f\u0131na itilmi\u015f karakterlerin var olma \u00e7abalar\u0131n\u0131 mizahi \u00f6\u011felerle okuyucuya aktar\u0131yor. Karakterlerin \u00e7o\u011fu bu \u00e7aban\u0131n bir sonucu yahut gereklili\u011fi olarak ya yo\u011fun \u00e7at\u0131\u015fmalara giriyor yahut da yuva \u00f6zlemiyle g\u00fcvenli sulara, yani ge\u00e7mi\u015flerine d\u00f6n\u00fcp nostaljiye tutunuyor. B\u00f6ylelikle duygudan duyguya ge\u00e7ebilece\u011finiz keyifli bir okuma deneyimi ortaya \u00e7\u0131k\u0131yor. Arka Kapak: \u201cSizi k\u00fc\u00e7\u00fckken severler miydi? Zab\u0131talar k\u00fc\u00e7\u00fcc\u00fck \u00e7ocuklar\u0131n tezgahlar\u0131n\u0131 da\u011f\u0131t\u0131yorlar, sizin haberiniz var m\u0131 doktor? \u2026Kumrular var m\u0131 doktor? Bu hastanede kumrular var m\u0131? Kad\u0131nlar leb demeden leblebi diyen erkeklerden \u00e7ok \u00e7ekiyorlar, biliyor musunuz? Bazen a\u015f\u0131k oluyorum, kar\u015f\u0131l\u0131\u011f\u0131 olmuyor; bazen kar\u015f\u0131l\u0131\u011f\u0131 \u00e7ok a\u011f\u0131r oluyor doktor! An\u0131lar\u0131m var benim; beni unutamayanlar da var. Ama hi\u00e7 \u00f6nemi yok bunlar\u0131n. \u00c7\u00fcnk\u00fc ya\u015flanabilirsek hepimiz huzur evine gidece\u011fiz. Yine de beni sevsinler, sevsinler, sevin doktor! Beni b\u0131rakmay\u0131n!\u201d <\/p>\n","protected":false},"excerpt":{"rendered":"<p>I\u015f\u0131l Camg\u00f6z\u2019\u00fcn kitab\u0131 Delikten ve Ye\u011fdir ba\u015fl\u0131kl\u0131 iki b\u00f6l\u00fcmde toplanm\u0131\u015f \u00f6yk\u00fclerden olu\u015fuyor. Kitap i\u00e7inde g\u00f6ndermeler yap\u0131lan \u015fark\u0131lara eri\u015febilece\u011finiz QR kodlar ile de okuyucuyu ritmine ortak olmaya<span class=\"excerpt-hellip\"> [\u2026]<\/span><\/p>\n","protected":false},"featured_media":0,"template":"","meta":{"_monsterinsights_skip_tracking":false,"_monsterinsights_sitenote_active":false,"_monsterinsights_sitenote_note":"","_monsterinsights_sitenote_category":0},"product_brand":[],"product_cat":[12291,12711],"product_tag":[],"class_list":{"0":"post-740676","1":"product","2":"type-product","3":"status-publish","5":"product_cat-edebiyat","6":"product_cat-roman-oyku","7":"pa_cilt-ciltsiz","8":"pa_tur-kitap","9":"pa_yayinevi-kitapol-yayinlari","10":"pa_yazar-isil-camgoz","12":"first","13":"instock","14":"sale","15":"shipping-taxable","16":"purchasable","17":"product-type-simple"},"_links":{"self":[{"href":"https:\/\/roveyayinevi.com.tr\/index.php\/wp-json\/wp\/v2\/product\/740676","targetHints":{"allow":["GET"]}}],"collection":[{"href":"https:\/\/roveyayinevi.com.tr\/index.php\/wp-json\/wp\/v2\/product"}],"about":[{"href":"https:\/\/roveyayinevi.com.tr\/index.php\/wp-json\/wp\/v2\/types\/product"}],"wp:attachment":[{"href":"https:\/\/roveyayinevi.com.tr\/index.php\/wp-json\/wp\/v2\/media?parent=740676"}],"wp:term":[{"taxonomy":"product_brand","embeddable":true,"href":"https:\/\/roveyayinevi.com.tr\/index.php\/wp-json\/wp\/v2\/product_brand?post=740676"},{"taxonomy":"product_cat","embeddable":true,"href":"https:\/\/roveyayinevi.com.tr\/index.php\/wp-json\/wp\/v2\/product_cat?post=740676"},{"taxonomy":"product_tag","embeddable":true,"href":"https:\/\/roveyayinevi.com.tr\/index.php\/wp-json\/wp\/v2\/product_tag?post=740676"}],"curies":[{"name":"wp","href":"https:\/\/api.w.org\/{rel}","templated":true}]}}