{"id":740668,"date":"2025-08-28T00:32:42","date_gmt":"2025-08-27T21:32:42","guid":{"rendered":"https:\/\/roveyayinevi.com.tr\/index.php\/urun\/balikesir-gastronomi-atlasi\/"},"modified":"2026-04-16T02:51:54","modified_gmt":"2026-04-15T23:51:54","slug":"balikesir-gastronomi-atlasi","status":"publish","type":"product","link":"https:\/\/roveyayinevi.com.tr\/index.php\/urun\/balikesir-gastronomi-atlasi\/","title":{"rendered":"Bal\u0131kesir Gastronomi Atlas\u0131"},"content":{"rendered":"<p>\u015eef, seyyah ve ara\u015ft\u0131rmac\u0131 \u00d6m\u00fcr Akkor, T\u00fcrkiye\u2019ninlezzet hazinelerini ke\u015ffetmeye devam ediyor. Rotas\u0131n\u0131 bu kez Ege\u2019nin gastronomi merkezine, Bal\u0131kesir\u2019e k\u0131r\u0131yor.Akkor, il\u00e7e il\u00e7e, kar\u0131\u015f kar\u0131\u015f gezerek Bal\u0131kesir\u2019in lezzet duraklar\u0131nda solukland\u0131. Bal\u0131kesir\u2019in zeytini, zeytinya\u011f\u0131, peyniri ve ge\u00e7mi\u015ften bu yana y\u00f6rede yap\u0131lan t\u00fcm yemekleri; \u015fefin samimi \u00e7izimleri, \u00f6nerileri ve foto\u011fraflar\u0131 ile Bal\u0131kesir Gastronomi Atlas\u0131\u2019nda bulu\u015ftu.<\/p>\n","protected":false},"excerpt":{"rendered":"<p>\u015eef, seyyah ve ara\u015ft\u0131rmac\u0131 \u00d6m\u00fcr Akkor, T\u00fcrkiye\u2019ninlezzet hazinelerini ke\u015ffetmeye devam ediyor. Rotas\u0131n\u0131 bu kez Ege\u2019nin gastronomi merkezine, Bal\u0131kesir\u2019e k\u0131r\u0131yor.Akkor, il\u00e7e il\u00e7e, kar\u0131\u015f kar\u0131\u015f gezerek Bal\u0131kesir\u2019in lezzet<span class=\"excerpt-hellip\"> [\u2026]<\/span><\/p>\n","protected":false},"featured_media":0,"template":"","meta":{"_monsterinsights_skip_tracking":false,"_monsterinsights_sitenote_active":false,"_monsterinsights_sitenote_note":"","_monsterinsights_sitenote_category":0},"product_brand":[],"product_cat":[12458,12457],"product_tag":[],"class_list":{"0":"post-740668","1":"product","2":"type-product","3":"status-publish","5":"product_cat-turk-mutfagi","6":"product_cat-yemek-kitaplari","7":"pa_cilt-ciltsiz","8":"pa_tur-kitap","9":"pa_yayinevi-ketebe-yayinlari","10":"pa_yazar-omur-akkor","12":"first","13":"instock","14":"sale","15":"shipping-taxable","16":"purchasable","17":"product-type-simple"},"_links":{"self":[{"href":"https:\/\/roveyayinevi.com.tr\/index.php\/wp-json\/wp\/v2\/product\/740668","targetHints":{"allow":["GET"]}}],"collection":[{"href":"https:\/\/roveyayinevi.com.tr\/index.php\/wp-json\/wp\/v2\/product"}],"about":[{"href":"https:\/\/roveyayinevi.com.tr\/index.php\/wp-json\/wp\/v2\/types\/product"}],"wp:attachment":[{"href":"https:\/\/roveyayinevi.com.tr\/index.php\/wp-json\/wp\/v2\/media?parent=740668"}],"wp:term":[{"taxonomy":"product_brand","embeddable":true,"href":"https:\/\/roveyayinevi.com.tr\/index.php\/wp-json\/wp\/v2\/product_brand?post=740668"},{"taxonomy":"product_cat","embeddable":true,"href":"https:\/\/roveyayinevi.com.tr\/index.php\/wp-json\/wp\/v2\/product_cat?post=740668"},{"taxonomy":"product_tag","embeddable":true,"href":"https:\/\/roveyayinevi.com.tr\/index.php\/wp-json\/wp\/v2\/product_tag?post=740668"}],"curies":[{"name":"wp","href":"https:\/\/api.w.org\/{rel}","templated":true}]}}