{"id":740659,"date":"2025-08-28T00:32:29","date_gmt":"2025-08-27T21:32:29","guid":{"rendered":"https:\/\/roveyayinevi.com.tr\/index.php\/urun\/disk-dunya-27-son-kahraman\/"},"modified":"2026-04-11T02:59:09","modified_gmt":"2026-04-10T23:59:09","slug":"disk-dunya-27-son-kahraman","status":"publish","type":"product","link":"https:\/\/roveyayinevi.com.tr\/index.php\/urun\/disk-dunya-27-son-kahraman\/","title":{"rendered":"Disk D\u00fcnya 27: Son Kahraman"},"content":{"rendered":"<p>D\u00fcnyan\u0131n sonunu haber veriyorsan\u0131z, bunu herkesin bilmesini istemezsiniz!   Efsane yazar S\u00f6r Terry Pratchett&#8217;\u0131n benzersiz yarat\u0131m\u0131 \u201cDiskd\u00fcnya\u201d serisine resimli bir parantez a\u00e7an Son Kahraman, tanr\u0131lara ate\u015fi iade etmeyi kafas\u0131na koymu\u015f bir grup barbar kahraman\u0131n m\u00fccadelesine odaklanan epik bir roman.   D\u00fcnya \u00e7ap\u0131nda 100 milyonun \u00fczerinde satan k\u00fclliyat\u0131n yirmi yedinci halkas\u0131 olan kitap, \u201cSihirbaz ve Kahraman Romanlar\u0131\u201d alt serisinin de yedinci ser\u00fcveni.    Diskd\u00fcnya&#8217;n\u0131n son kahramanlar\u0131n\u0131, nam\u0131di\u011fer G\u00fcm\u00fc\u015f Ordu&#8217;yu son bir \u015fark\u0131 s\u00f6ylemek \u00fczere er meydan\u0131na \u00e7\u0131karan Pratchett, parmak \u0131s\u0131rtan bir kurgu ve Paul Kidby&#8217;nin harikulade g\u00f6rselleri e\u015fli\u011finde, her zamankinden \u00e7ok daha komik bir anlat\u0131 sunuyor.  Tan\u0131rlar inanca inan\u0131r. Tanr\u0131lardan ate\u015fi \u00e7alan kahraman\u0131n ba\u015f\u0131na neler geldi\u011fi malum; cezaland\u0131r\u0131ld\u0131. \u0130nsanlar i\u00e7in can\u0131n\u0131 feda etti bir yerde. O y\u00fczden, elbette birileri \u00e7\u0131kacak ve onun kan\u0131n\u0131 yerde b\u0131rakmayacakt\u0131. B\u0131rakmad\u0131 da: \u015eimdi sahne Diskd\u00fcnya&#8217;n\u0131n son kahramanlar\u0131nda! Barbar Cohen ve ekibi G\u00fcm\u00fc\u015f Ordu, tanr\u0131lara ate\u015fi iade etmeye bir hayli kararl\u0131 duruyor. Tanr\u0131lara kar\u015f\u0131 \u00f6fkeleri b\u00fcy\u00fck \u00e7\u00fcnk\u00fc: Yitirdikleri onca kahraman\u0131n intikam\u0131n\u0131 almal\u0131lar. Bu geli\u015fmeleri duyan Ankh-Morpark y\u00f6netimi ise duruma kay\u0131ts\u0131z kalamazd\u0131 tabii ki: Alelacele bir ekip kurdu, hem de ne ekip! Peki ama, ba\u015far\u0131s\u0131z bir sihirbaz, kabu\u011funa s\u0131\u011fmayan bir d\u00e2hi ve ye\u015fil sabun kokan bir y\u00fczba\u015f\u0131, \u00f6m\u00fcrlerini \u201ckahramanca\u201d sava\u015farak ge\u00e7irmi\u015f koskoca bir orduyla ba\u015fa \u00e7\u0131kabilecek mi? Belki de tanr\u0131lar\u0131n bu i\u015fe bir dur demesi daha do\u011fru olacak&#8230;     Serinin ilk kez T\u00fcrk\u00e7eye \u00e7evrilen bu ser\u00fcveninde, d\u00fcnyay\u0131 olas\u0131 bir k\u0131yametten kurtarmak i\u00e7in kahramanca \u00e7arp\u0131\u015fanlar\u0131n hikmeti, yeni bir Diskd\u00fcnya destan\u0131 yazd\u0131r\u0131yor.  Bilim ve b\u00fcy\u00fcden esinlenen sat\u0131rlar\u0131yla Son Kahraman, insanl\u0131\u011f\u0131n kaderiyle oyun oynamaya kalkanlar\u0131n k\u0131vrak\u00e7a geri p\u00fcsk\u00fcrt\u00fcld\u00fc\u011f\u00fc, mitolojik bir parodi.<\/p>\n","protected":false},"excerpt":{"rendered":"<p>D\u00fcnyan\u0131n sonunu haber veriyorsan\u0131z, bunu herkesin bilmesini istemezsiniz! Efsane yazar S\u00f6r Terry Pratchett&#8217;\u0131n benzersiz yarat\u0131m\u0131 \u201cDiskd\u00fcnya\u201d serisine resimli bir parantez a\u00e7an Son Kahraman, tanr\u0131lara ate\u015fi iade<span class=\"excerpt-hellip\"> [\u2026]<\/span><\/p>\n","protected":false},"featured_media":0,"template":"","meta":{"_monsterinsights_skip_tracking":false,"_monsterinsights_sitenote_active":false,"_monsterinsights_sitenote_note":"","_monsterinsights_sitenote_category":0},"product_brand":[],"product_cat":[12291,12711],"product_tag":[],"class_list":{"0":"post-740659","1":"product","2":"type-product","3":"status-publish","5":"product_cat-edebiyat","6":"product_cat-roman-oyku","7":"pa_cilt-ciltsiz","8":"pa_tur-kitap","9":"pa_yayinevi-delidolu","10":"pa_yazar-terry-pratchett","12":"first","13":"instock","14":"sale","15":"shipping-taxable","16":"purchasable","17":"product-type-simple"},"_links":{"self":[{"href":"https:\/\/roveyayinevi.com.tr\/index.php\/wp-json\/wp\/v2\/product\/740659","targetHints":{"allow":["GET"]}}],"collection":[{"href":"https:\/\/roveyayinevi.com.tr\/index.php\/wp-json\/wp\/v2\/product"}],"about":[{"href":"https:\/\/roveyayinevi.com.tr\/index.php\/wp-json\/wp\/v2\/types\/product"}],"wp:attachment":[{"href":"https:\/\/roveyayinevi.com.tr\/index.php\/wp-json\/wp\/v2\/media?parent=740659"}],"wp:term":[{"taxonomy":"product_brand","embeddable":true,"href":"https:\/\/roveyayinevi.com.tr\/index.php\/wp-json\/wp\/v2\/product_brand?post=740659"},{"taxonomy":"product_cat","embeddable":true,"href":"https:\/\/roveyayinevi.com.tr\/index.php\/wp-json\/wp\/v2\/product_cat?post=740659"},{"taxonomy":"product_tag","embeddable":true,"href":"https:\/\/roveyayinevi.com.tr\/index.php\/wp-json\/wp\/v2\/product_tag?post=740659"}],"curies":[{"name":"wp","href":"https:\/\/api.w.org\/{rel}","templated":true}]}}