{"id":740657,"date":"2025-08-28T00:32:26","date_gmt":"2025-08-27T21:32:26","guid":{"rendered":"https:\/\/roveyayinevi.com.tr\/index.php\/urun\/genc-temucin\/"},"modified":"2026-04-16T02:51:32","modified_gmt":"2026-04-15T23:51:32","slug":"genc-temucin","status":"publish","type":"product","link":"https:\/\/roveyayinevi.com.tr\/index.php\/urun\/genc-temucin\/","title":{"rendered":"Gen\u00e7 Temu\u00e7in"},"content":{"rendered":"<p>&#8220;G\u00f6k Mo\u011follar\u0131n k\u00f6k\u00fc say\u0131lan Bozkurtla Alageyik&#8217;in Tibet da\u011f\u0131ndan kalk\u0131p, g\u00f6l ve \u0131rmaklar\u0131 y\u00fczerek Burhan da\u011f\u0131n\u0131n yama\u00e7lar\u0131na gelip yerle\u015ftikleri zamandan beri b\u00f6ylesine bir g\u00f6r\u00fcnt\u00fcy\u00fc g\u00f6rmek az kimseye nasip oldu. Yulun Eke&#8217;nin o\u011flu karn\u0131 \u00fcst\u00fcnde iki eli aras\u0131nda tuttu\u011fu k\u0131pk\u0131z\u0131l bir \u00e7ul ile do\u011fdu. Yulun Eke o\u011flunu Yes\u00fcgey Bahad\u0131r&#8217;\u0131n y\u00fcz\u00fcne kald\u0131rd\u0131\u011f\u0131 zaman \u00e7ocu\u011fun elleri aras\u0131nda tuttu\u011fu o kanl\u0131 \u00e7ul par\u00e7as\u0131 t\u00fcm sava\u015f\u00e7\u0131lar\u0131n ve \u015eamanlar\u0131n g\u00f6zleri \u00f6n\u00fcnde g\u00f6z kama\u015ft\u0131r\u0131c\u0131 bir par\u0131lt\u0131yla parlad\u0131. \u015eamanlar, Yes\u00fcgey Bahad\u0131r&#8217;\u0131n o\u011flu b\u00fcy\u00fcyecek; b\u00fcy\u00fcy\u00fcnce t\u00fcm uluslar onun ad\u0131yla an\u0131lacak, dediler.<\/p>\n","protected":false},"excerpt":{"rendered":"<p>&#8220;G\u00f6k Mo\u011follar\u0131n k\u00f6k\u00fc say\u0131lan Bozkurtla Alageyik&#8217;in Tibet da\u011f\u0131ndan kalk\u0131p, g\u00f6l ve \u0131rmaklar\u0131 y\u00fczerek Burhan da\u011f\u0131n\u0131n yama\u00e7lar\u0131na gelip yerle\u015ftikleri zamandan beri b\u00f6ylesine bir g\u00f6r\u00fcnt\u00fcy\u00fc g\u00f6rmek az kimseye<span class=\"excerpt-hellip\"> [\u2026]<\/span><\/p>\n","protected":false},"featured_media":0,"template":"","meta":{"_monsterinsights_skip_tracking":false,"_monsterinsights_sitenote_active":false,"_monsterinsights_sitenote_note":"","_monsterinsights_sitenote_category":0},"product_brand":[],"product_cat":[12291,12711],"product_tag":[],"class_list":{"0":"post-740657","1":"product","2":"type-product","3":"status-publish","5":"product_cat-edebiyat","6":"product_cat-roman-oyku","7":"pa_cilt-ciltsiz","8":"pa_tur-kitap","9":"pa_yayinevi-otuken-nesriyat","10":"pa_yazar-cengiz-dagci","12":"first","13":"instock","14":"sale","15":"shipping-taxable","16":"purchasable","17":"product-type-simple"},"_links":{"self":[{"href":"https:\/\/roveyayinevi.com.tr\/index.php\/wp-json\/wp\/v2\/product\/740657","targetHints":{"allow":["GET"]}}],"collection":[{"href":"https:\/\/roveyayinevi.com.tr\/index.php\/wp-json\/wp\/v2\/product"}],"about":[{"href":"https:\/\/roveyayinevi.com.tr\/index.php\/wp-json\/wp\/v2\/types\/product"}],"wp:attachment":[{"href":"https:\/\/roveyayinevi.com.tr\/index.php\/wp-json\/wp\/v2\/media?parent=740657"}],"wp:term":[{"taxonomy":"product_brand","embeddable":true,"href":"https:\/\/roveyayinevi.com.tr\/index.php\/wp-json\/wp\/v2\/product_brand?post=740657"},{"taxonomy":"product_cat","embeddable":true,"href":"https:\/\/roveyayinevi.com.tr\/index.php\/wp-json\/wp\/v2\/product_cat?post=740657"},{"taxonomy":"product_tag","embeddable":true,"href":"https:\/\/roveyayinevi.com.tr\/index.php\/wp-json\/wp\/v2\/product_tag?post=740657"}],"curies":[{"name":"wp","href":"https:\/\/api.w.org\/{rel}","templated":true}]}}