{"id":740656,"date":"2025-08-28T00:32:25","date_gmt":"2025-08-27T21:32:25","guid":{"rendered":"https:\/\/roveyayinevi.com.tr\/index.php\/urun\/korkunc-yillar\/"},"modified":"2026-04-16T02:51:32","modified_gmt":"2026-04-15T23:51:32","slug":"korkunc-yillar","status":"publish","type":"product","link":"https:\/\/roveyayinevi.com.tr\/index.php\/urun\/korkunc-yillar\/","title":{"rendered":"Korkun\u00e7 Y\u0131llar"},"content":{"rendered":"<p>Kocalar\u0131 s\u00fcr\u00fclen, yavrular\u0131n\u0131n kar\u0131nlar\u0131 d\u00fc\u015fman s\u00fcng\u00fcleriyle de\u015filen kad\u0131nlar\u0131n talihi! Ak sakallar\u0131ndan tutup s\u00fcr\u00fcklenen ihtiyarlar\u0131n talihi! Cephekerde, bize s\u00f6ven, y\u00fcz\u00fcm\u00fcze t\u00fck\u00fcren d\u00fc\u015fmanlar\u0131m\u0131z\u0131n menfaatleri i\u00e7in, kanlar\u0131n\u0131 sebil eden gen\u00e7lerimizin talihi!.. Bu gece r\u00fcyama gene \u015ei\u015fkof girecek. Gene beni mezarlara g\u00f6t\u00fcr\u00fcp \u00f6len askerlerin \u00fcniformalar\u0131n\u0131 g\u00f6sterecek. Sen, sen Sad\u0131k Turan, s\u0131rt\u0131nda d\u00fc\u015fman \u00fcniformas\u0131 Rusya&#8217;ya kar\u015f\u0131 harp ettin&#8221; diyecek! Gene so\u011fuk terler d\u00f6k\u00fcp sabah\u0131 kim bilir nas\u0131l edece\u011fim. D\u00fc\u015fman \u00fcniformas\u0131&#8230; D\u00fc\u015fman\u0131m kim? Siz de\u011fil misiniz \u015ei\u015fkof! Yalanla dolanla memleketimi istil\u00e2 ettiniz. Himayenize girmekle topraklar\u0131m\u0131z, mal\u0131m\u0131z, m\u00fclk\u00fcm\u00fcz, dinimiz korunacak diye, sizden \u00f6ncekiler s\u00f6z verdiler. Teslim olduk. O millet, yurdunu her \u015feyden \u00e7ok sevdi\u011finden teslim oldu. Silahlar\u0131m\u0131z\u0131 b\u0131rakt\u0131k. Ya siz?.. Memleketimize girdi\u011finiz g\u00fcnden beri o toprak kan i\u00e7inde. Minarelerimizi devirdiniz. Su kemerlerimizi, \u00e7e\u015fmelerimizi, heykellerimizi, mermer saraylar\u0131m\u0131z\u0131 atlar\u0131n\u0131za ah\u0131r yapt\u0131n\u0131z. M\u00fcezzinlerimiz, ezan okumak \u00fczere minarelere \u00e7\u0131kt\u0131klar\u0131 vakit, sarho\u015f askerleriniz, e\u011flenmek i\u00e7in, kalplerine ni\u015fan alma talimi yapt\u0131lar&#8230;&#8221;<\/p>\n","protected":false},"excerpt":{"rendered":"<p>Kocalar\u0131 s\u00fcr\u00fclen, yavrular\u0131n\u0131n kar\u0131nlar\u0131 d\u00fc\u015fman s\u00fcng\u00fcleriyle de\u015filen kad\u0131nlar\u0131n talihi! Ak sakallar\u0131ndan tutup s\u00fcr\u00fcklenen ihtiyarlar\u0131n talihi! Cephekerde, bize s\u00f6ven, y\u00fcz\u00fcm\u00fcze t\u00fck\u00fcren d\u00fc\u015fmanlar\u0131m\u0131z\u0131n menfaatleri i\u00e7in, kanlar\u0131n\u0131 sebil eden<span class=\"excerpt-hellip\"> [\u2026]<\/span><\/p>\n","protected":false},"featured_media":0,"template":"","meta":{"_monsterinsights_skip_tracking":false,"_monsterinsights_sitenote_active":false,"_monsterinsights_sitenote_note":"","_monsterinsights_sitenote_category":0},"product_brand":[],"product_cat":[12291,12711],"product_tag":[],"class_list":{"0":"post-740656","1":"product","2":"type-product","3":"status-publish","5":"product_cat-edebiyat","6":"product_cat-roman-oyku","7":"pa_cilt-ciltsiz","8":"pa_tur-kitap","9":"pa_yayinevi-otuken-nesriyat","10":"pa_yazar-cengiz-dagci","12":"first","13":"instock","14":"sale","15":"shipping-taxable","16":"purchasable","17":"product-type-simple"},"_links":{"self":[{"href":"https:\/\/roveyayinevi.com.tr\/index.php\/wp-json\/wp\/v2\/product\/740656","targetHints":{"allow":["GET"]}}],"collection":[{"href":"https:\/\/roveyayinevi.com.tr\/index.php\/wp-json\/wp\/v2\/product"}],"about":[{"href":"https:\/\/roveyayinevi.com.tr\/index.php\/wp-json\/wp\/v2\/types\/product"}],"wp:attachment":[{"href":"https:\/\/roveyayinevi.com.tr\/index.php\/wp-json\/wp\/v2\/media?parent=740656"}],"wp:term":[{"taxonomy":"product_brand","embeddable":true,"href":"https:\/\/roveyayinevi.com.tr\/index.php\/wp-json\/wp\/v2\/product_brand?post=740656"},{"taxonomy":"product_cat","embeddable":true,"href":"https:\/\/roveyayinevi.com.tr\/index.php\/wp-json\/wp\/v2\/product_cat?post=740656"},{"taxonomy":"product_tag","embeddable":true,"href":"https:\/\/roveyayinevi.com.tr\/index.php\/wp-json\/wp\/v2\/product_tag?post=740656"}],"curies":[{"name":"wp","href":"https:\/\/api.w.org\/{rel}","templated":true}]}}