{"id":740655,"date":"2025-08-28T00:32:24","date_gmt":"2025-08-27T21:32:24","guid":{"rendered":"https:\/\/roveyayinevi.com.tr\/index.php\/urun\/babamin-sarkilari\/"},"modified":"2026-04-16T02:51:32","modified_gmt":"2026-04-15T23:51:32","slug":"babamin-sarkilari","status":"publish","type":"product","link":"https:\/\/roveyayinevi.com.tr\/index.php\/urun\/babamin-sarkilari\/","title":{"rendered":"Babam\u0131n \u015eark\u0131lar\u0131"},"content":{"rendered":"<p>Edit\u00f6r: Zeynep Yadigaro\u011flu T\u00fcrk M\u00fbsikisi, \u00f6zellikle T\u00fcrkiye Cumhuriyeti ve Osmanl\u0131 tarihi incelendi\u011fi zaman entelekt\u00fcel kesimin b\u00fcy\u00fck ilgisine mazhar olmu\u015f bir sanatt\u0131r. Klasik sanatlar\u0131n olu\u015fumunda ve olgunla\u015fmas\u0131nda toplumun ayd\u0131n kesiminin kat\u0131l\u0131m\u0131 bu sebeple zaruridir. \u00dclkemizde h\u00e2len Kl\u00e2sik T\u00fcrk M\u00fczi\u011fi, konservatuvarlar\u0131m\u0131z d\u0131\u015f\u0131nda toplumumuzun farkl\u0131 alanlar\u0131nda uzman olan ki\u015filerin deste\u011fini almaktad\u0131r. \u00d6zellikle hekimlerimizden! T\u0131p bilimi alan\u0131nda hemen akl\u0131m\u0131za gelen \u00fcnl\u00fc besteci ve \u015feflerimizden Dr. Nevzat Atl\u0131\u011f ve Dr. Al\u00e2eddin Yava\u015f\u00e7a\u2019ya ne kadar \u015f\u00fckranlar\u0131m\u0131z\u0131 sunsak az olur. \u201cT\u0131p sanat\u0131\u201d diye bir kavram\u0131n da doktorlar\u0131m\u0131z\u0131n sanata verdikleri ehemmiyetten ileri geldi\u011fini d\u00fc\u015f\u00fcnebiliriz bu sayede. \u015eahsen benim kendisini tan\u0131makla gurur duydu\u011fum entelekt\u00fcel ve sanatsever hekimlerimizden biri de Say\u0131n Abd\u00fclkadir Kaya\u2019d\u0131r. Sevgili mesai arkada\u015f\u0131m Zeynep Yadigaro\u011flu, \u201cbabam\u0131n besteleri var\u201d deyince \u00e7ok sevinmi\u015f ve tan\u0131\u015fmak istemi\u015ftim. Abd\u00fclkadir Bey ile bestelerini icr\u00e2 etmi\u015f ve sanat\u0131m\u0131z\u0131n kl\u00e2sizmini bestelerinde buram buram hissetmi\u015ftim.  Bu kitaptaki eserler T\u00fcrk M\u00fczi\u011fi\u2019nin Abd\u00fclkadir Bey\u2019deki bir yans\u0131mas\u0131. Sanatseverlere sonsuza kadar b\u0131rak\u0131lm\u0131\u015f bir emanet. Bir\u00e7ok farkl\u0131 makamda eserlerle sizlerin be\u011fenisine sunulmakta. Abd\u00fclkadir Bey\u2019e, bu besteleri bizlere hediye etti\u011fi i\u00e7in sanat c\u00e2mias\u0131 ad\u0131na \u015f\u00fckranlar\u0131m\u0131z\u0131 sunuyoruz. \u0130yi ki vars\u0131n\u0131z. Sizler v\u00e2rolduk\u00e7a T\u00fcrk Musikisi de v\u00e2rolacak. Sayg\u0131lar bizden size.                                    Do\u00e7. Dr. Ali Kerim \u00d6NER,                                                                                                                             Hac\u0131 Bayram Veli \u00dcniversitesi \u00d6\u011fretim \u00dcyesi Abdulkadir Bey\u2019in ilk gen\u00e7lik y\u0131llar\u0131ndan itibaren yapt\u0131\u011f\u0131 T\u00fcrk Sanat M\u00fczi\u011fi bestelerini inceledim. Besteler olduk\u00e7a g\u00fczel, ak\u0131c\u0131, kolay de\u015fifre edilebilir \u00f6zellikte. Hem bir s\u00f6z yazar\u0131, hem de besteci olarak duygular\u0131n\u0131 aktarmadaki tasvirselli\u011fi, zaman zaman h\u00fcz\u00fcn, zaman zaman da ne\u015fe olarak bizlere yans\u0131makta. T\u00fcrk Sanat M\u00fczi\u011fi de di\u011fer m\u00fczik t\u00fcrleri gibi varolu\u015funu, \u00fcretilen eserlerle s\u00fcrd\u00fcrmektedir. Bu bak\u0131mdan bestecilerimiz her daim \u00e7ok k\u0131ymetlidir. Dr. Abdulkadir Kaya\u2019y\u0131 kutluyor; daha nice y\u0131llar g\u00fczel s\u00f6zler ve bestelerle \u00fcretimini s\u00fcrd\u00fcrerek, bizlerle payla\u015fmas\u0131n\u0131 diliyorum. Sevgilerimle\u2026 Mine GE\u00c7\u0130L\u0130 B\u0130TMEZ, TRT \u0130stanbul Radyosu Ses Sanat\u00e7\u0131s\u0131   Bir toplumun kalk\u0131nmas\u0131 i\u00e7in en \u00f6nemli etkenlerden biri de \u015f\u00fcphesiz k\u00fclt\u00fcr ve sanat konusunda do\u011fru kaynaklardan beslenmi\u015f bireylere sahip olmakt\u0131r. Bu k\u00fclt\u00fcrel doygunluktan nasiplenmi\u015f, icr\u00e2 etti\u011fi mesleki sorumlulu\u011fun yan\u0131nda sanatsal kimli\u011fi ile de \u00f6rnek te\u015fkil edip toplumun k\u00fclt\u00fcrel dinamiklerini ayakta tutmak i\u00e7in \u00e7aba sarfeden Dr.Abdulkadir Bey gibi g\u00f6n\u00fcl adamlar\u0131n\u0131n varolu\u015fu insanl\u0131k i\u00e7in bulunmaz bir nimettir. \u0130nsanl\u0131k ad\u0131na \u00e7ok ulvi bir g\u00f6rev olan T\u0131p alan\u0131na \u00f6mr\u00fcn\u00fc adam\u0131\u015f, ayn\u0131 zamanda m\u00fbs\u0131k\u00ee sanat\u0131n\u0131n en zor dallar\u0131ndan biri olan bestecilik ve s\u00f6z yazarl\u0131\u011f\u0131 konusunda da meydana getirdi\u011fi eserlerle dinleyenleri kendi i\u00e7 d\u00fcnyas\u0131na ortak eden Abdulkadir Bey, bestelerinde tercih etti\u011fi \u00e7ok \u00e7e\u015fitli makamlar\u0131n yan\u0131 s\u0131ra,  T\u00fcrk M\u00fczi\u011fi\u2019nin folklorik ve klasik t\u0131n\u0131lar\u0131n\u0131 da yerli yerince kullanm\u0131\u015f. Ayr\u0131ca \u015fahs\u0131na m\u00fcnhas\u0131r m\u00fczikal duyu\u015funun, fantezi t\u00fcr\u00fcndeki eserlerde de kendini g\u00f6steriyor olmas\u0131; gen\u00e7lik y\u0131llar\u0131ndan beri i\u00e7inde bulundu\u011fu ve m\u00fbs\u0131k\u00ee ad\u0131na beslendi\u011fi kaynaklar\u0131n \u00e7e\u015fitlili\u011fini de g\u00f6zler \u00f6n\u00fcne seriyor. Malatyal\u0131 Fahri Kayahan\u2019\u0131n yolunda ve memleketinde, besteleriyle toplumun sanat ve m\u00fczikalite \u00e7\u0131tas\u0131n\u0131 y\u00fckselten Dr.Abdulkadir Kaya\u2019y\u0131 tebrik ediyor; eserlerinin sonraki ku\u015faklara \u00e7ok faydal\u0131 olaca\u011f\u0131na inan\u0131yorum. Sayg\u0131lar\u0131mla\u2026 \u00d6\u011fr. G\u00f6r. Ya\u015far MUSAO\u011eLU                                                                                                                                        Aksaray \u00dcniversitesi \u00d6\u011fretim Eleman\u0131 <\/p>\n","protected":false},"excerpt":{"rendered":"<p>Edit\u00f6r: Zeynep Yadigaro\u011flu T\u00fcrk M\u00fbsikisi, \u00f6zellikle T\u00fcrkiye Cumhuriyeti ve Osmanl\u0131 tarihi incelendi\u011fi zaman entelekt\u00fcel kesimin b\u00fcy\u00fck ilgisine mazhar olmu\u015f bir sanatt\u0131r. Klasik sanatlar\u0131n olu\u015fumunda ve olgunla\u015fmas\u0131nda<span class=\"excerpt-hellip\"> [\u2026]<\/span><\/p>\n","protected":false},"featured_media":0,"template":"","meta":{"_monsterinsights_skip_tracking":false,"_monsterinsights_sitenote_active":false,"_monsterinsights_sitenote_note":"","_monsterinsights_sitenote_category":0},"product_brand":[],"product_cat":[14591,14556],"product_tag":[],"class_list":{"0":"post-740655","1":"product","2":"type-product","3":"status-publish","5":"product_cat-genel-kavramlar-kuram-ve-tarihce","6":"product_cat-muzik","7":"pa_cilt-ciltsiz","8":"pa_tur-kitap","9":"pa_yayinevi-muzik-egitimi-yayinlari","10":"pa_yazar-abdulkadir-kaya","12":"first","13":"instock","14":"sale","15":"shipping-taxable","16":"purchasable","17":"product-type-simple"},"_links":{"self":[{"href":"https:\/\/roveyayinevi.com.tr\/index.php\/wp-json\/wp\/v2\/product\/740655","targetHints":{"allow":["GET"]}}],"collection":[{"href":"https:\/\/roveyayinevi.com.tr\/index.php\/wp-json\/wp\/v2\/product"}],"about":[{"href":"https:\/\/roveyayinevi.com.tr\/index.php\/wp-json\/wp\/v2\/types\/product"}],"wp:attachment":[{"href":"https:\/\/roveyayinevi.com.tr\/index.php\/wp-json\/wp\/v2\/media?parent=740655"}],"wp:term":[{"taxonomy":"product_brand","embeddable":true,"href":"https:\/\/roveyayinevi.com.tr\/index.php\/wp-json\/wp\/v2\/product_brand?post=740655"},{"taxonomy":"product_cat","embeddable":true,"href":"https:\/\/roveyayinevi.com.tr\/index.php\/wp-json\/wp\/v2\/product_cat?post=740655"},{"taxonomy":"product_tag","embeddable":true,"href":"https:\/\/roveyayinevi.com.tr\/index.php\/wp-json\/wp\/v2\/product_tag?post=740655"}],"curies":[{"name":"wp","href":"https:\/\/api.w.org\/{rel}","templated":true}]}}