{"id":740654,"date":"2025-08-28T00:32:22","date_gmt":"2025-08-27T21:32:22","guid":{"rendered":"https:\/\/roveyayinevi.com.tr\/index.php\/urun\/edebiyat-ekseninde-makaleler-incelemeler\/"},"modified":"2026-04-16T02:51:32","modified_gmt":"2026-04-15T23:51:32","slug":"edebiyat-ekseninde-makaleler-incelemeler","status":"publish","type":"product","link":"https:\/\/roveyayinevi.com.tr\/index.php\/urun\/edebiyat-ekseninde-makaleler-incelemeler\/","title":{"rendered":"Edebiyat Ekseninde Makaleler &amp; \u0130ncelemeler"},"content":{"rendered":"<p>Beste BEK\u0130R T\u00fcrk \u015fair, yazar, akademisyen ve \u00f6\u011fretmen.   Yazmay\u0131 hayat bi\u00e7imi h\u00e2line getiren \u015fair, edebiyat d\u00fcnyas\u0131na hen\u00fcz dokuz ya\u015f\u0131ndayken yazd\u0131\u011f\u0131 anne ve \u00f6\u011fretmen konulu \u015fiirlerle ad\u0131m att\u0131.   \u0130stanbul Erkek Lisesinde okudu\u011fu y\u0131llarda kat\u0131ld\u0131\u011f\u0131 \u015fair \u0130brahim Minneto\u011flu an\u0131s\u0131na yap\u0131lan \u015fiir yar\u0131\u015fmas\u0131nda &#8220;Bana Kendini Getir Gelirken&#8221; isimli \u015fiiriyle \u00fc\u00e7\u00fcnc\u00fcl\u00fck kazand\u0131.   Marmara \u00dcniversitesi T\u00fcrk Dili ve Edebiyat\u0131 ile Alman Dili ve Edebiyat\u0131 b\u00f6l\u00fcmlerinden mezun olan Beste Bekir, \u00e7e\u015fitli \u00f6zel e\u011fitim kurumlar\u0131nda Almanca, T\u00fcrk\u00e7e ve edebiyat \u00f6\u011fretmenli\u011fi yapt\u0131ktan sonra bir vak\u0131f  \u00fcniversitesinde T\u00fcrk\u00e7e okutman\u0131 olarak \u00e7al\u0131\u015ft\u0131. Y\u00fcksek lisans\u0131 Marmara \u00dcniversitesinde Yeni T\u00fcrk Edebiyat\u0131 Anabilim Dal\u0131nda s\u00fcrmektedir. Ana dil seviyesinde Almanca ve \u0130ngilizce ile orta derecede Yunanca ve \u0130spanyolca bilen \u015fairin \u00e7ok say\u0131da edebiyat dergisinde \u015fiir, deneme ve \u00e7evirilerine yer verilmi\u015f olup \u00e7e\u015fitli internet sitelerinde d\u00fczenli olarak k\u00f6\u015fe yaz\u0131lar\u0131 yay\u0131nlanmaktad\u0131r.   &#8220;Edebiyat Ekseninde \u2013 Makaleler &amp; \u0130ncelemeler&#8221; adl\u0131 kitab\u0131n\u0131n yan\u0131 s\u0131ra Sakl\u0131, K\u0131rg\u0131n G\u00fcn\u00e7i\u00e7e\u011fi, Hayalin I\u015f\u0131lt\u0131lar \u0130klimi, Zembere\u011fin Sanc\u0131s\u0131 ve D\u00fc\u015f Dokunu\u015flu Zamanlara S\u0131\u011f\u0131nd\u0131k adl\u0131 be\u015f \u015fiir kitab\u0131 ile dergilerde yer alan ve be\u011fenilen biyografi, deneme ve \u015fiir \u00e7evirilerini bir araya toplad\u0131\u011f\u0131 &#8220;Kalemimden D\u00f6k\u00fclenler&#8221; adl\u0131 bir kitab\u0131 bulunmaktad\u0131r.   <\/p>\n","protected":false},"excerpt":{"rendered":"<p>Beste BEK\u0130R T\u00fcrk \u015fair, yazar, akademisyen ve \u00f6\u011fretmen. Yazmay\u0131 hayat bi\u00e7imi h\u00e2line getiren \u015fair, edebiyat d\u00fcnyas\u0131na hen\u00fcz dokuz ya\u015f\u0131ndayken yazd\u0131\u011f\u0131 anne ve \u00f6\u011fretmen konulu \u015fiirlerle ad\u0131m<span class=\"excerpt-hellip\"> [\u2026]<\/span><\/p>\n","protected":false},"featured_media":0,"template":"","meta":{"_monsterinsights_skip_tracking":false,"_monsterinsights_sitenote_active":false,"_monsterinsights_sitenote_note":"","_monsterinsights_sitenote_category":0},"product_brand":[],"product_cat":[12777,12291],"product_tag":[],"class_list":{"0":"post-740654","1":"product","2":"type-product","3":"status-publish","5":"product_cat-deneme","6":"product_cat-edebiyat","7":"pa_cilt-ciltsiz","8":"pa_tur-kitap","9":"pa_yayinevi-gulnar-yayinlari","10":"pa_yazar-beste-bekir","12":"first","13":"instock","14":"sale","15":"shipping-taxable","16":"purchasable","17":"product-type-simple"},"_links":{"self":[{"href":"https:\/\/roveyayinevi.com.tr\/index.php\/wp-json\/wp\/v2\/product\/740654","targetHints":{"allow":["GET"]}}],"collection":[{"href":"https:\/\/roveyayinevi.com.tr\/index.php\/wp-json\/wp\/v2\/product"}],"about":[{"href":"https:\/\/roveyayinevi.com.tr\/index.php\/wp-json\/wp\/v2\/types\/product"}],"wp:attachment":[{"href":"https:\/\/roveyayinevi.com.tr\/index.php\/wp-json\/wp\/v2\/media?parent=740654"}],"wp:term":[{"taxonomy":"product_brand","embeddable":true,"href":"https:\/\/roveyayinevi.com.tr\/index.php\/wp-json\/wp\/v2\/product_brand?post=740654"},{"taxonomy":"product_cat","embeddable":true,"href":"https:\/\/roveyayinevi.com.tr\/index.php\/wp-json\/wp\/v2\/product_cat?post=740654"},{"taxonomy":"product_tag","embeddable":true,"href":"https:\/\/roveyayinevi.com.tr\/index.php\/wp-json\/wp\/v2\/product_tag?post=740654"}],"curies":[{"name":"wp","href":"https:\/\/api.w.org\/{rel}","templated":true}]}}