{"id":740650,"date":"2025-08-28T00:32:17","date_gmt":"2025-08-27T21:32:17","guid":{"rendered":"https:\/\/roveyayinevi.com.tr\/index.php\/urun\/radyum-ve-radyoaktivitenin-tarihi\/"},"modified":"2026-04-16T02:51:31","modified_gmt":"2026-04-15T23:51:31","slug":"radyum-ve-radyoaktivitenin-tarihi","status":"publish","type":"product","link":"https:\/\/roveyayinevi.com.tr\/index.php\/urun\/radyum-ve-radyoaktivitenin-tarihi\/","title":{"rendered":"Radyum ve Radyoaktivitenin Tarihi"},"content":{"rendered":"<p>19. y\u00fczy\u0131l\u0131n sonunda ke\u015ffedilen radyoaktif elementler aras\u0131nda halk\u0131n ve giri\u015fimcilerin ilgisini en fazla \u00e7eken radyum olmu\u015ftu. Radyum, \u0130ngiltere Krali\u00e7esine hediye olarak sunuluyor, gece kost\u00fcmlerini s\u00fcsl\u00fcyor, di\u015f macunlar\u0131na kar\u0131\u015ft\u0131r\u0131l\u0131yor, hazine avc\u0131lar\u0131 onun pe\u015fine d\u00fc\u015f\u00fcyordu. Hekimler ve giri\u015fimciler bu yeni mucizevi elementi metala\u015ft\u0131rmak i\u00e7in d\u00e2hiyane yollar icat ederken, hevesli t\u00fcketiciler radyoaktif e\u015fyalar\u0131 evlerine sokmaya can at\u0131yordu. Radyum ve Radyoaktivitenin Tarihi radyumlu \u00fcr\u00fcnlerin feti\u015fle\u015ftirilmesiyle ba\u015flay\u0131p radyumun bir korku nesnesi haline gelmesiyle sonu\u00e7lanan \u201cradyoaktif\u201d bir \u00f6yk\u00fc i\u00e7eriyor. Tarih\u00e7i Lucy Jane Santos radyumlu e\u015fyalar \u00fcretilmesini \u015farlatanl\u0131k ve aptall\u0131k olarak nitelendiren eski bilim tarihi yakla\u015f\u0131m\u0131n\u0131 reddederek radyum ve radyoaktivitenin tarihini bilim ve pop\u00fcler k\u00fclt\u00fcr aras\u0131ndaki ili\u015fki penceresinden ele al\u0131yor. Bilime ve bilim \u00f6yk\u00fclerine merakl\u0131 okurlar\u0131 fazlas\u0131yla doyuracak cinsten bir kitap. <\/p>\n","protected":false},"excerpt":{"rendered":"<p>19. y\u00fczy\u0131l\u0131n sonunda ke\u015ffedilen radyoaktif elementler aras\u0131nda halk\u0131n ve giri\u015fimcilerin ilgisini en fazla \u00e7eken radyum olmu\u015ftu. Radyum, \u0130ngiltere Krali\u00e7esine hediye olarak sunuluyor, gece kost\u00fcmlerini s\u00fcsl\u00fcyor, di\u015f<span class=\"excerpt-hellip\"> [\u2026]<\/span><\/p>\n","protected":false},"featured_media":0,"template":"","meta":{"_monsterinsights_skip_tracking":false,"_monsterinsights_sitenote_active":false,"_monsterinsights_sitenote_note":"","_monsterinsights_sitenote_category":0},"product_brand":[],"product_cat":[13005,13006],"product_tag":[],"class_list":{"0":"post-740650","1":"product","2":"type-product","3":"status-publish","5":"product_cat-bilim-muhendislik","6":"product_cat-populer-bilim","7":"pa_cilt-ciltsiz","8":"pa_tur-kitap","9":"pa_yayinevi-say-yayinlari","10":"pa_yazar-lucy-jane-santos","12":"first","13":"instock","14":"sale","15":"shipping-taxable","16":"purchasable","17":"product-type-simple"},"_links":{"self":[{"href":"https:\/\/roveyayinevi.com.tr\/index.php\/wp-json\/wp\/v2\/product\/740650","targetHints":{"allow":["GET"]}}],"collection":[{"href":"https:\/\/roveyayinevi.com.tr\/index.php\/wp-json\/wp\/v2\/product"}],"about":[{"href":"https:\/\/roveyayinevi.com.tr\/index.php\/wp-json\/wp\/v2\/types\/product"}],"wp:attachment":[{"href":"https:\/\/roveyayinevi.com.tr\/index.php\/wp-json\/wp\/v2\/media?parent=740650"}],"wp:term":[{"taxonomy":"product_brand","embeddable":true,"href":"https:\/\/roveyayinevi.com.tr\/index.php\/wp-json\/wp\/v2\/product_brand?post=740650"},{"taxonomy":"product_cat","embeddable":true,"href":"https:\/\/roveyayinevi.com.tr\/index.php\/wp-json\/wp\/v2\/product_cat?post=740650"},{"taxonomy":"product_tag","embeddable":true,"href":"https:\/\/roveyayinevi.com.tr\/index.php\/wp-json\/wp\/v2\/product_tag?post=740650"}],"curies":[{"name":"wp","href":"https:\/\/api.w.org\/{rel}","templated":true}]}}