{"id":740648,"date":"2025-08-28T00:32:16","date_gmt":"2025-08-27T21:32:16","guid":{"rendered":"https:\/\/roveyayinevi.com.tr\/index.php\/urun\/albert-camus-ve-baskaldirma-felsefesi\/"},"modified":"2026-04-16T02:51:31","modified_gmt":"2026-04-15T23:51:31","slug":"albert-camus-ve-baskaldirma-felsefesi","status":"publish","type":"product","link":"https:\/\/roveyayinevi.com.tr\/index.php\/urun\/albert-camus-ve-baskaldirma-felsefesi\/","title":{"rendered":"Albert Camus ve Ba\u015fkald\u0131rma Felsefesi"},"content":{"rendered":"<p>Albert Camus, \u00fclkemizde daha \u00e7ok roman ve tiyatro eserleriyle, k\u0131sacas\u0131 edebiyat\u00e7\u0131 ki\u015fili\u011fiyle tan\u0131nm\u0131\u015f \u00e7a\u011fda\u015f bir Frans\u0131z sanat\u00e7\u0131-filozoftur. Oysa Camus\u2019y\u00fc sadece bir edebiyat\u00e7\u0131 olarak d\u00fc\u015f\u00fcnmek ve edebiyat\u00e7\u0131 ki\u015fili\u011fiyle ona yakla\u015fmak bir eksikliktir; \u00e7\u00fcnk\u00fc yaz\u0131lar\u0131nda bir ya\u015fama felsefesi ortaya koymas\u0131, onun edeb\u00ee ki\u015fili\u011fi yan\u0131nda filozof tavr\u0131n\u0131n da oldu\u011funu g\u00f6stermektedir. Camus\u2019y\u00fc tan\u0131mak, onu her iki cephesiyle tan\u0131mak demektir. Oysa bug\u00fcne kadar, \u00f6zellikle daha \u00e7ok Frans\u0131z edebiyat\u0131 ile u\u011fra\u015fanlar\u0131n dikkatini \u00e7eken Camus\u2019n\u00fcn eserleri, onun d\u00fc\u015f\u00fcn\u00fcr cephesini dikkate alan akademik bir d\u00fczeyde de\u011ferlendirilmemi\u015ftir. Camus, ya\u015fad\u0131\u011f\u0131 \u00e7a\u011f\u0131n \u00f6nemli olaylar\u0131 kar\u015f\u0131s\u0131nda, bir hayat tecr\u00fcbesinden \u00e7\u0131kar\u0131lm\u0131\u015f d\u00fc\u015f\u00fcncelerini, kendisi bir varolu\u015f\u00e7u filozof oldu\u011funu reddetti\u011fi h\u00e2lde, varolu\u015f\u00e7u bir \u00e7izgide ortaya koymaya \u00e7al\u0131\u015fm\u0131\u015ft\u0131r. Albert Camus ve Ba\u015fkald\u0131rma Felsefesi, Camus\u2019n\u00fcn b\u00fct\u00fcn eserleri dikkate al\u0131narak, bu eserlerindeki d\u00fc\u015f\u00fcncelerini, \u00f6zellikle \u201cabs\u00fcrd\u201d ve \u201cba\u015fkald\u0131rma\u201d kavramlar\u0131 ba\u011flam\u0131nda nas\u0131l ortaya koydu\u011funa odaklanmakta, \u00e7a\u011f\u0131n\u0131n d\u00fc\u015f\u00fcnce ve olaylar\u0131 kar\u015f\u0131s\u0131nda onun nas\u0131l bir tav\u0131r tak\u0131nmaya \u00e7al\u0131\u015ft\u0131\u011f\u0131 ve bu tavr\u0131n\u0131n filozof\u00e7a bir tav\u0131r olup olmad\u0131\u011f\u0131 tart\u0131\u015f\u0131lmaktad\u0131r.   <\/p>\n","protected":false},"excerpt":{"rendered":"<p>Albert Camus, \u00fclkemizde daha \u00e7ok roman ve tiyatro eserleriyle, k\u0131sacas\u0131 edebiyat\u00e7\u0131 ki\u015fili\u011fiyle tan\u0131nm\u0131\u015f \u00e7a\u011fda\u015f bir Frans\u0131z sanat\u00e7\u0131-filozoftur. Oysa Camus\u2019y\u00fc sadece bir edebiyat\u00e7\u0131 olarak d\u00fc\u015f\u00fcnmek ve edebiyat\u00e7\u0131<span class=\"excerpt-hellip\"> [\u2026]<\/span><\/p>\n","protected":false},"featured_media":0,"template":"","meta":{"_monsterinsights_skip_tracking":false,"_monsterinsights_sitenote_active":false,"_monsterinsights_sitenote_note":"","_monsterinsights_sitenote_category":0},"product_brand":[],"product_cat":[12388,13555],"product_tag":[],"class_list":{"0":"post-740648","1":"product","2":"type-product","3":"status-publish","5":"product_cat-felsefe","6":"product_cat-genel-felsefe","7":"pa_cilt-ciltsiz","8":"pa_tur-kitap","9":"pa_yayinevi-say-yayinlari","10":"pa_yazar-ali-osman-gundogan","12":"first","13":"instock","14":"sale","15":"shipping-taxable","16":"purchasable","17":"product-type-simple"},"_links":{"self":[{"href":"https:\/\/roveyayinevi.com.tr\/index.php\/wp-json\/wp\/v2\/product\/740648","targetHints":{"allow":["GET"]}}],"collection":[{"href":"https:\/\/roveyayinevi.com.tr\/index.php\/wp-json\/wp\/v2\/product"}],"about":[{"href":"https:\/\/roveyayinevi.com.tr\/index.php\/wp-json\/wp\/v2\/types\/product"}],"wp:attachment":[{"href":"https:\/\/roveyayinevi.com.tr\/index.php\/wp-json\/wp\/v2\/media?parent=740648"}],"wp:term":[{"taxonomy":"product_brand","embeddable":true,"href":"https:\/\/roveyayinevi.com.tr\/index.php\/wp-json\/wp\/v2\/product_brand?post=740648"},{"taxonomy":"product_cat","embeddable":true,"href":"https:\/\/roveyayinevi.com.tr\/index.php\/wp-json\/wp\/v2\/product_cat?post=740648"},{"taxonomy":"product_tag","embeddable":true,"href":"https:\/\/roveyayinevi.com.tr\/index.php\/wp-json\/wp\/v2\/product_tag?post=740648"}],"curies":[{"name":"wp","href":"https:\/\/api.w.org\/{rel}","templated":true}]}}