{"id":740647,"date":"2025-08-28T00:32:14","date_gmt":"2025-08-27T21:32:14","guid":{"rendered":"https:\/\/roveyayinevi.com.tr\/index.php\/urun\/haykiris\/"},"modified":"2026-04-16T02:51:31","modified_gmt":"2026-04-15T23:51:31","slug":"haykiris","status":"publish","type":"product","link":"https:\/\/roveyayinevi.com.tr\/index.php\/urun\/haykiris\/","title":{"rendered":"Hayk\u0131r\u0131\u015f"},"content":{"rendered":"<p>\u201cHayk\u0131r, affet, \u00f6\u011fren, devam et&#8230; B\u0131rak g\u00f6zya\u015flar\u0131n gelecekteki mutluluklar\u0131n\u0131 sulas\u0131n.\u201d \u2013 Steve Maraboli   Yazarlar\u0131m\u0131z, de\u011fi\u015fen ve puslanan bir d\u00fcnyan\u0131n ayk\u0131r\u0131 hallerini dile getirirken d\u00fcnden bug\u00fcne ula\u015fan \u00e7izgide ikili ili\u015fkilerin h\u00fcz\u00fcnl\u00fc y\u00f6nlerini ge\u00e7i\u015flerle, ba\u011flant\u0131larla sergiliyor, t\u00fckenen sevgiyi, unutulmayan anlar\u0131 dile getiriyorlar. \u00d6yk\u00fclerin co\u011frafyas\u0131 geni\u015f, kurgular ola\u011fan\u00fcst\u00fcn\u00fc ola\u011fan k\u0131lmay\u0131 ba\u015far\u0131yor. \u2013 \u0130nci Aral   Bellek, bazen de karanl\u0131\u011f\u0131yla engeldir g\u00f6rmeye. Dayat\u0131lm\u0131\u015f rollerden, kurgulanm\u0131\u015f ideallerden, konfordan vazge\u00e7mek karanl\u0131\u011f\u0131n i\u00e7ine bakma cesaretini gerektirir. Bu kitab\u0131n yazarlar\u0131 kendi i\u00e7lerine do\u011fru \u00e7\u0131\u011fl\u0131k atanlar\u0131 konu edindiler; yaz\u0131lar\u0131yla hayk\u0131rarak. \u2013 Hakan Akdo\u011fan   S\u0131ra d\u0131\u015f\u0131 i\u00e7in \u00f6nceden haz\u0131rlanm\u0131\u015f bir \u015fablon, kal\u0131p, patron, kli\u015fe, \u00f6rnek, \u00f6nc\u00fcl yoktur. Ancak bir yaratma \u00f6yk\u00fcs\u00fcyle ula\u015f\u0131labilir k\u00e2inattaki yoklu\u011funa. En \u00e7ok da bu nedenle, Tanr\u0131\u2019y\u0131 oynamaya soyunmakt\u0131r ya s\u0131ra d\u0131\u015f\u0131 olmak. Yetenek elde bir, \u00e7al\u0131\u015fmak elde ikidir&#8230; Gerisi dipsiz mutsuzluktur. Buna ra\u011fmen arzulan\u0131r, zorlan\u0131r, ittirilir, hayk\u0131r\u0131l\u0131r&#8230; Yokluk, sadece bazen ses verir. \u00c7o\u011funlukla sessiz kal\u0131r. \u2013 Osman Balc\u0131gil   S\u0131radan \u015feyler s\u0131radan insanlar\u0131n ba\u015f\u0131na gelir ama edebiyat s\u0131radan olanla ilgilenmez. O, s\u0131n\u0131rlar\u0131 geni\u015fletmek, insanlara s\u0131ra d\u0131\u015f\u0131 olan\u0131n cazibesini g\u00f6stermek i\u00e7in kalemini sivriltir. Bu kitaptaki \u00f6yk\u00fcler yazmasayd\u0131m \u00e7\u0131ld\u0131racakt\u0131m diyenlerden; okunmasa \u00e7\u0131ld\u0131racak olanlara bir k\u00f6pr\u00fc olsun. \u2013 G\u00fcl\u015fah Elikbank   Hayk\u0131r\u0131\u015f, yazarl\u0131k yolculu\u011funun asl\u0131nda ilk etapta neye denk d\u00fc\u015ft\u00fc\u011f\u00fcn\u00fc de ifade ediyor. Bu \u201cses\u201d, yazar \u201ckahraman\u0131n\u201d ilk e\u015fi\u011fi ge\u00e7mesi i\u00e7in k\u0131ymetli bir \u00f6ns\u00f6z. Velhas\u0131l, yola revan olma zaman\u0131d\u0131r! \u2013 M\u00fcge \u0130plik\u00e7i   Meselesinden yola \u00e7\u0131kanlarda bir ayk\u0131r\u0131l\u0131k hali malum ki i\u015fte o zaman yarat\u0131m merak uyand\u0131ran sonu\u00e7lara d\u00f6n\u00fc\u015f\u00fcyor. Yaz\u0131 yolculu\u011funda hayk\u0131r\u0131\u015flar\u0131n\u0131 dile getiren 14 yazar\u0131m\u0131z her bir hik\u00e2yede ba\u015fka bir d\u00fcnyaya davet ediyor bizleri. \u2013 Zuhal G\u00fcr\u00e7imen   Her hayk\u0131r\u0131\u015f, d\u00fczene ayk\u0131r\u0131 bir beyand\u0131r. Hik\u00e2yeler ise yazar\u0131n \u00f6mr\u00fcn\u00fcn \u00f6tesinde ya\u015fayabilir olmalar\u0131yla hayata ba\u015fkald\u0131r\u0131r. T\u0131pk\u0131 bu kitap gibi&#8230; \u2013 Hasan G\u00fcmen   Bu hayk\u0131r\u0131\u015fta bir edep, bir \u00e7ekince var. G\u00f6z\u00fc kara, ba\u015fka hayk\u0131r\u0131\u015flar\u0131n habercisi sanki&#8230; \u2013 Selda Terek <\/p>\n","protected":false},"excerpt":{"rendered":"<p>\u201cHayk\u0131r, affet, \u00f6\u011fren, devam et&#8230; B\u0131rak g\u00f6zya\u015flar\u0131n gelecekteki mutluluklar\u0131n\u0131 sulas\u0131n.\u201d \u2013 Steve Maraboli Yazarlar\u0131m\u0131z, de\u011fi\u015fen ve puslanan bir d\u00fcnyan\u0131n ayk\u0131r\u0131 hallerini dile getirirken d\u00fcnden bug\u00fcne ula\u015fan<span class=\"excerpt-hellip\"> [\u2026]<\/span><\/p>\n","protected":false},"featured_media":0,"template":"","meta":{"_monsterinsights_skip_tracking":false,"_monsterinsights_sitenote_active":false,"_monsterinsights_sitenote_note":"","_monsterinsights_sitenote_category":0},"product_brand":[],"product_cat":[12291,12711],"product_tag":[],"class_list":{"0":"post-740647","1":"product","2":"type-product","3":"status-publish","5":"product_cat-edebiyat","6":"product_cat-roman-oyku","7":"pa_cilt-ciltsiz","8":"pa_tur-kitap","9":"pa_yayinevi-destek-yayinlari","10":"pa_yazar-destek-yayinlari-kolektif","12":"first","13":"instock","14":"sale","15":"shipping-taxable","16":"purchasable","17":"product-type-simple"},"_links":{"self":[{"href":"https:\/\/roveyayinevi.com.tr\/index.php\/wp-json\/wp\/v2\/product\/740647","targetHints":{"allow":["GET"]}}],"collection":[{"href":"https:\/\/roveyayinevi.com.tr\/index.php\/wp-json\/wp\/v2\/product"}],"about":[{"href":"https:\/\/roveyayinevi.com.tr\/index.php\/wp-json\/wp\/v2\/types\/product"}],"wp:attachment":[{"href":"https:\/\/roveyayinevi.com.tr\/index.php\/wp-json\/wp\/v2\/media?parent=740647"}],"wp:term":[{"taxonomy":"product_brand","embeddable":true,"href":"https:\/\/roveyayinevi.com.tr\/index.php\/wp-json\/wp\/v2\/product_brand?post=740647"},{"taxonomy":"product_cat","embeddable":true,"href":"https:\/\/roveyayinevi.com.tr\/index.php\/wp-json\/wp\/v2\/product_cat?post=740647"},{"taxonomy":"product_tag","embeddable":true,"href":"https:\/\/roveyayinevi.com.tr\/index.php\/wp-json\/wp\/v2\/product_tag?post=740647"}],"curies":[{"name":"wp","href":"https:\/\/api.w.org\/{rel}","templated":true}]}}