{"id":740646,"date":"2025-08-28T00:32:13","date_gmt":"2025-08-27T21:32:13","guid":{"rendered":"https:\/\/roveyayinevi.com.tr\/index.php\/urun\/gosteriscilik\/"},"modified":"2026-04-16T02:51:31","modified_gmt":"2026-04-15T23:51:31","slug":"gosteriscilik","status":"publish","type":"product","link":"https:\/\/roveyayinevi.com.tr\/index.php\/urun\/gosteriscilik\/","title":{"rendered":"G\u00f6steri\u015f\u00e7ilik"},"content":{"rendered":"<p>G\u00f6steri\u015f\u00e7ilik nedir? Onu neden hor g\u00f6r\u00fcr\u00fcz? Ve daha tart\u0131\u015fmal\u0131 bir soru soracak olursak: Geli\u015fmekte olan bir k\u00fclt\u00fcr i\u00e7in g\u00f6steri\u015f\u00e7ilik neden hayati \u00f6nem ta\u015f\u0131r? Bu tutkulu ve parlak denemesinde Dan Fox, b\u00fcy\u00fck ba\u015far\u0131lara ula\u015fm\u0131\u015f pop m\u00fczik ve modadan edebiyat ve g\u00f6rsel sanatlar\u0131n en \u00e7apra\u015f\u0131k patikalar\u0131na dek g\u00f6steri\u015f\u00e7ili\u011fin her t\u00fcrden sanat\u0131n asli mekanizmas\u0131 oldu\u011funu iddia ediyor. G\u00f6steri\u015f\u00e7ilik s\u00f6zc\u00fc\u011f\u00fcn kullan\u0131m alanlar\u0131n\u0131 inceleyerek onun tiyatro, politika ve s\u0131n\u0131fla olan ba\u011flant\u0131lar\u0131n\u0131n izini s\u00fcr\u00fcyor. Fox art\u0131k refleks halini alm\u0131\u015f elitizm su\u00e7lamalar\u0131 ya da yeni ve farkl\u0131 olana duyulan korku kar\u015f\u0131s\u0131nda ele\u015ftirel hayal g\u00fcc\u00fcn\u00fc ve a\u00e7\u0131k fikirlili\u011fi savunurken, metot oyunculu\u011fundan Harlem\u2019in drag balolar\u0131na varana dek geni\u015f bir referans yelpazesinden yararlan\u0131yor. Fox\u2019un sanat\u0131n radikal k\u0131y\u0131lar\u0131ndaki kendi ya\u015fam ve \u00e7al\u0131\u015fma deneyimlerinden beslenen kitap, k\u00fclt\u00fcr\u00fcm\u00fczde yenilik ve \u00e7e\u015fitlilik i\u00e7in bir zorunluluk olarak g\u00f6rd\u00fc\u011f\u00fc g\u00f6steri\u015f\u00e7ili\u011fe dair zaman\u0131 gelmi\u015f bir savunu niteli\u011fi ta\u015f\u0131yor.\u201cG\u00f6steri\u015f\u00e7ilik zekice yaz\u0131lm\u0131\u015f, sezgilere ayk\u0131r\u0131 bir methiye olmas\u0131n\u0131n yan\u0131 s\u0131ra toplumsal ve entelekt\u00fcel tutuculu\u011fa gark olmu\u015f kitlesel g\u00fc\u00e7lerin h\u00e2kimiyeti alt\u0131na gitgide daha fazla girmekte olan bir d\u00fcnyada d\u00fc\u015f\u00fcnmenin, yaratman\u0131n ve nihayet ya\u015faman\u0131n berrak ve co\u015fkulu bir savunusu.\u201d \u2013Tom McCarthy<\/p>\n","protected":false},"excerpt":{"rendered":"<p>G\u00f6steri\u015f\u00e7ilik nedir? Onu neden hor g\u00f6r\u00fcr\u00fcz? Ve daha tart\u0131\u015fmal\u0131 bir soru soracak olursak: Geli\u015fmekte olan bir k\u00fclt\u00fcr i\u00e7in g\u00f6steri\u015f\u00e7ilik neden hayati \u00f6nem ta\u015f\u0131r? Bu tutkulu ve<span class=\"excerpt-hellip\"> [\u2026]<\/span><\/p>\n","protected":false},"featured_media":0,"template":"","meta":{"_monsterinsights_skip_tracking":false,"_monsterinsights_sitenote_active":false,"_monsterinsights_sitenote_note":"","_monsterinsights_sitenote_category":0},"product_brand":[],"product_cat":[12777,12291],"product_tag":[],"class_list":{"0":"post-740646","1":"product","2":"type-product","3":"status-publish","5":"product_cat-deneme","6":"product_cat-edebiyat","7":"pa_cilt-ciltsiz","8":"pa_tur-kitap","9":"pa_yayinevi-minotor-kitap","10":"pa_yazar-dan-fox","12":"first","13":"instock","14":"sale","15":"shipping-taxable","16":"purchasable","17":"product-type-simple"},"_links":{"self":[{"href":"https:\/\/roveyayinevi.com.tr\/index.php\/wp-json\/wp\/v2\/product\/740646","targetHints":{"allow":["GET"]}}],"collection":[{"href":"https:\/\/roveyayinevi.com.tr\/index.php\/wp-json\/wp\/v2\/product"}],"about":[{"href":"https:\/\/roveyayinevi.com.tr\/index.php\/wp-json\/wp\/v2\/types\/product"}],"wp:attachment":[{"href":"https:\/\/roveyayinevi.com.tr\/index.php\/wp-json\/wp\/v2\/media?parent=740646"}],"wp:term":[{"taxonomy":"product_brand","embeddable":true,"href":"https:\/\/roveyayinevi.com.tr\/index.php\/wp-json\/wp\/v2\/product_brand?post=740646"},{"taxonomy":"product_cat","embeddable":true,"href":"https:\/\/roveyayinevi.com.tr\/index.php\/wp-json\/wp\/v2\/product_cat?post=740646"},{"taxonomy":"product_tag","embeddable":true,"href":"https:\/\/roveyayinevi.com.tr\/index.php\/wp-json\/wp\/v2\/product_tag?post=740646"}],"curies":[{"name":"wp","href":"https:\/\/api.w.org\/{rel}","templated":true}]}}