{"id":740644,"date":"2025-08-28T00:32:10","date_gmt":"2025-08-27T21:32:10","guid":{"rendered":"https:\/\/roveyayinevi.com.tr\/index.php\/urun\/gercek-olamayacak-kadar-guzel\/"},"modified":"2026-04-16T02:51:31","modified_gmt":"2026-04-15T23:51:31","slug":"gercek-olamayacak-kadar-guzel","status":"publish","type":"product","link":"https:\/\/roveyayinevi.com.tr\/index.php\/urun\/gercek-olamayacak-kadar-guzel\/","title":{"rendered":"Ger\u00e7ek Olamayacak Kadar G\u00fczel"},"content":{"rendered":"<p>Bir A\u015fk\u0130ki Evlilik\u00dc\u00e7 Farkl\u0131 Ger\u00e7ekSkye Starling, h\u0131zl\u0131 bir fl\u00f6rt s\u00fcrecinin ard\u0131ndan sevgilisi Burke Michaels\u2019tan evlenme teklifi ald\u0131\u011f\u0131 i\u00e7in \u00e7ok mutluydu. Her ne kadar d\u00fcnya ayaklar\u0131n\u0131n alt\u0131na serili olsa da Skye, annesini kaybetti\u011finden beri hayat\u0131n\u0131 fel\u00e7 eden OKB ile m\u00fccadele ediyordu ve \u00f6zel hayat\u0131 da bundan fazlas\u0131yla etkileniyordu. Oysa \u015fimdi kusursuz bir adam onu istiyordu. Hem de sonsuza dek.Sadece ufak bir sorun vard\u0131\u2026 Burke, oldu\u011funu iddia etti\u011fi ki\u015fi de\u011fildi. Terapistine yazd\u0131\u011f\u0131 mektuplarda Burke, mutlu bir evlili\u011fi oldu\u011funu ve Skye\u2019\u0131 kendi emelleri i\u00e7in kulland\u0131\u011f\u0131n\u0131 itiraf ediyordu. Hik\u00e2yenin di\u011fer y\u00fcz\u00fcndeyse hayalleri hayat\u0131na birka\u00e7 beden b\u00fcy\u00fck gelen Heather duruyordu.Skye d\u00fc\u011f\u00fcn\u00fcn\u00fc her \u015feyden habersiz organize ederken Burke\u2019\u00fcn plan\u0131 da giderek kar\u0131\u015f\u0131yordu. \u0130yiler kadar k\u00f6t\u00fclerin de hayatlar\u0131n\u0131 mahvedecek s\u0131rlar a\u00e7\u0131\u011fa \u00e7\u0131kmak \u00fczereydi ve ilmek ilmek dokunmu\u015f intikam nihayet al\u0131nacakt\u0131.\u201cS\u00fcrprizlerle dolu bir a\u015fk, a\u00e7g\u00f6zl\u00fcl\u00fck, ihanet ve intikam hik\u00e2yesi.\u201d \u2014Michele Campbell\u201cBu fi\u015fek gibi roman, okurlar\u0131 a\u015fk i\u00e7in neleri kabul edebileceklerini ve en m\u00fckemmel g\u00f6r\u00fcnen ya\u015famlar\u0131n ard\u0131n\u0131 sorgulamaya itecek. Kitap kul\u00fcpleri muhakkak okumal\u0131.\u201d \u2014Booklist, starred review\u201cS\u00fcrprizi bozmayay\u0131m ama son sayfaya kadar devam eden ters k\u00f6\u015feler aras\u0131nda tahminlerinizi s\u00fcrekli de\u011fi\u015ftireceksiniz.\u201d \u2014The Skim\u201cKendi karakterlerine ta\u015f \u00e7\u0131karacak manip\u00fclasyon ustal\u0131\u011f\u0131yla Carola Lovering, bir yandan \u00e7oklu anlat\u0131c\u0131lar\u0131yla jongl\u00f6rl\u00fck yap\u0131yor, bir yandan da psikolojik entrikalarla \u00f6r\u00fcl\u00fc hik\u00e2yesini katman katman a\u00e7\u0131yor.\u201d \u2014Kirkus, starred review\u201cBa\u015f d\u00f6nd\u00fcr\u00fcc\u00fc girift kurgusu ve \u00e7ok say\u0131daki ters k\u00f6\u015fesiyle psikolojik gerilim tutkunlar\u0131n\u0131 kendine hayran b\u0131rakacak.\u201d \u2014Publishers Weekly\u201cTam da olay\u0131 \u00e7\u00f6zd\u00fc\u011f\u00fcn\u00fcz\u00fc d\u00fc\u015f\u00fcnd\u00fc\u011f\u00fcn\u00fcz anda Lovering sizi bir kez daha \u015fa\u015f\u0131rt\u0131yor.\u201d \u2014Betches\u201c\u0130kili zaman \u00f6rg\u00fcs\u00fc ve \u00fc\u00e7 ayr\u0131 perspektifle sunulan bu s\u0131rad\u0131\u015f\u0131 psikolojik gerilim, hangi karaktere g\u00fcvenip hangisini destekleyece\u011finize bir t\u00fcrl\u00fc karar veremeyece\u011finiz ters k\u00f6\u015felerle dolu.\u201d \u2014BookRiot\u201c\u0130nsan\u0131 avucunun i\u00e7ine alan, i\u015ftah kabart\u0131c\u0131 ve temposu k\u0131vam\u0131nda bir roman. Carola Lovering nas\u0131l becerdiyse ikiy\u00fczl\u00fcl\u00fc\u011f\u00fc seksi, hatta anla\u015f\u0131l\u0131r g\u00f6stermeyi ba\u015farm\u0131\u015f. Zorlu, ba\u015ftan \u00e7\u0131kar\u0131c\u0131 bir yolculu\u011fa haz\u0131r olun.\u201d \u2014Sara Shepard\u201cOkurlar\u0131n kitab\u0131 elinden b\u0131rakmas\u0131na engel olan ters k\u00f6\u015felerle dolu bu hik\u00e2ye, tam da gece lambalar\u0131n\u0131n icat edilme sebeplerinden biri.\u201d \u2014Erica Katz\u201cUstaca ters k\u00f6\u015felerle dolu bir kedi-fare oyunu. Son sayfaya kadar tahminde bulunmaya devam edeceksiniz.\u201d \u2014Liv Constantine<\/p>\n","protected":false},"excerpt":{"rendered":"<p>Bir A\u015fk\u0130ki Evlilik\u00dc\u00e7 Farkl\u0131 Ger\u00e7ekSkye Starling, h\u0131zl\u0131 bir fl\u00f6rt s\u00fcrecinin ard\u0131ndan sevgilisi Burke Michaels\u2019tan evlenme teklifi ald\u0131\u011f\u0131 i\u00e7in \u00e7ok mutluydu. Her ne kadar d\u00fcnya ayaklar\u0131n\u0131n alt\u0131na<span class=\"excerpt-hellip\"> [\u2026]<\/span><\/p>\n","protected":false},"featured_media":0,"template":"","meta":{"_monsterinsights_skip_tracking":false,"_monsterinsights_sitenote_active":false,"_monsterinsights_sitenote_note":"","_monsterinsights_sitenote_category":0},"product_brand":[],"product_cat":[12291,12711],"product_tag":[],"class_list":{"0":"post-740644","1":"product","2":"type-product","3":"status-publish","5":"product_cat-edebiyat","6":"product_cat-roman-oyku","7":"pa_cilt-ciltsiz","8":"pa_tur-kitap","9":"pa_yayinevi-yabanci-yayinevi","10":"pa_yazar-carola-lovering","12":"first","13":"instock","14":"sale","15":"shipping-taxable","16":"purchasable","17":"product-type-simple"},"_links":{"self":[{"href":"https:\/\/roveyayinevi.com.tr\/index.php\/wp-json\/wp\/v2\/product\/740644","targetHints":{"allow":["GET"]}}],"collection":[{"href":"https:\/\/roveyayinevi.com.tr\/index.php\/wp-json\/wp\/v2\/product"}],"about":[{"href":"https:\/\/roveyayinevi.com.tr\/index.php\/wp-json\/wp\/v2\/types\/product"}],"wp:attachment":[{"href":"https:\/\/roveyayinevi.com.tr\/index.php\/wp-json\/wp\/v2\/media?parent=740644"}],"wp:term":[{"taxonomy":"product_brand","embeddable":true,"href":"https:\/\/roveyayinevi.com.tr\/index.php\/wp-json\/wp\/v2\/product_brand?post=740644"},{"taxonomy":"product_cat","embeddable":true,"href":"https:\/\/roveyayinevi.com.tr\/index.php\/wp-json\/wp\/v2\/product_cat?post=740644"},{"taxonomy":"product_tag","embeddable":true,"href":"https:\/\/roveyayinevi.com.tr\/index.php\/wp-json\/wp\/v2\/product_tag?post=740644"}],"curies":[{"name":"wp","href":"https:\/\/api.w.org\/{rel}","templated":true}]}}