{"id":740643,"date":"2025-08-28T00:32:09","date_gmt":"2025-08-27T21:32:09","guid":{"rendered":"https:\/\/roveyayinevi.com.tr\/index.php\/urun\/insanin-asil-sinavi-kendisidir\/"},"modified":"2026-04-08T02:59:25","modified_gmt":"2026-04-07T23:59:25","slug":"insanin-asil-sinavi-kendisidir","status":"publish","type":"product","link":"https:\/\/roveyayinevi.com.tr\/index.php\/urun\/insanin-asil-sinavi-kendisidir\/","title":{"rendered":"\u0130nsan\u0131n As\u0131l S\u0131nav\u0131 Kendisidir"},"content":{"rendered":"<p>\u201cA\u015f\u0131lmas\u0131 en zor s\u0131nav sensin, kendini yenersen d\u00fcnyay\u0131 yenersin.\u201dBu kitapta a\u015fka, aile ili\u015fkilerine, hayal k\u0131r\u0131kl\u0131klar\u0131na, yeniden yola koyulu\u015flara, merak etmeye ve yeni cevaplar aramaya yani insanl\u0131k hallerine dair ger\u00e7ek hik\u00e2yeler, ya\u015fanm\u0131\u015fl\u0131klar bulacaks\u0131n\u0131z.Bet\u00fcl Yerg\u00f6k \u201c\u0130nsan\u0131n As\u0131l S\u0131nav\u0131 Kendisidir\u201d kitab\u0131nda bizleri kendi ger\u00e7eklerimizi ke\u015ffetmeye, merak etmeye, hayat\u0131n bilinmezliklerini sorgulamaya, kendimiz olabilme yolunda cesaretle ad\u0131m atmaya \u00e7a\u011f\u0131r\u0131yor. Hayat yolunda insan\u0131n as\u0131l s\u0131nav\u0131n\u0131n kendisi oldu\u011funu hat\u0131rlat\u0131yor ve ya\u015fam\u0131n k\u0131y\u0131s\u0131ndan k\u00f6\u015fesinden de\u011fil, ta i\u00e7inden sesleniyor:\u201c\u015eimdiden s\u00f6z verin, d\u00fc\u015ft\u00fc\u011f\u00fcm \u00e7ukurlara d\u00fc\u015fm\u00fc\u015fseniz \u2018Ben de\u2019 deyin, \u00e7\u0131kt\u0131ysan\u0131z \u2018Ben de\u2019 deyin, h\u00e2l\u00e2 oradaysan\u0131z da okuduktan sonra \u2018Ben de\u2019 deyin. \u00c7\u00fcnk\u00fc ben ak\u0131l vermeye de\u011fil, ya\u015fam hik\u00e2yemi sohbete konu ederek hayat bah\u00e7esinde birlikte y\u00fcr\u00fcy\u00fc\u015fe \u00e7\u0131kal\u0131m diye geldim.\u201d<\/p>\n","protected":false},"excerpt":{"rendered":"<p>\u201cA\u015f\u0131lmas\u0131 en zor s\u0131nav sensin, kendini yenersen d\u00fcnyay\u0131 yenersin.\u201dBu kitapta a\u015fka, aile ili\u015fkilerine, hayal k\u0131r\u0131kl\u0131klar\u0131na, yeniden yola koyulu\u015flara, merak etmeye ve yeni cevaplar aramaya yani insanl\u0131k<span class=\"excerpt-hellip\"> [\u2026]<\/span><\/p>\n","protected":false},"featured_media":0,"template":"","meta":{"_monsterinsights_skip_tracking":false,"_monsterinsights_sitenote_active":false,"_monsterinsights_sitenote_note":"","_monsterinsights_sitenote_category":0},"product_brand":[],"product_cat":[12364,12376],"product_tag":[],"class_list":{"0":"post-740643","1":"product","2":"type-product","3":"status-publish","5":"product_cat-genel-konular","6":"product_cat-kisisel-gelisim","7":"pa_cilt-ciltsiz","8":"pa_tur-kitap","9":"pa_yayinevi-muptela-yayinevi","10":"pa_yazar-betul-yergok","12":"first","13":"instock","14":"sale","15":"shipping-taxable","16":"purchasable","17":"product-type-simple"},"_links":{"self":[{"href":"https:\/\/roveyayinevi.com.tr\/index.php\/wp-json\/wp\/v2\/product\/740643","targetHints":{"allow":["GET"]}}],"collection":[{"href":"https:\/\/roveyayinevi.com.tr\/index.php\/wp-json\/wp\/v2\/product"}],"about":[{"href":"https:\/\/roveyayinevi.com.tr\/index.php\/wp-json\/wp\/v2\/types\/product"}],"wp:attachment":[{"href":"https:\/\/roveyayinevi.com.tr\/index.php\/wp-json\/wp\/v2\/media?parent=740643"}],"wp:term":[{"taxonomy":"product_brand","embeddable":true,"href":"https:\/\/roveyayinevi.com.tr\/index.php\/wp-json\/wp\/v2\/product_brand?post=740643"},{"taxonomy":"product_cat","embeddable":true,"href":"https:\/\/roveyayinevi.com.tr\/index.php\/wp-json\/wp\/v2\/product_cat?post=740643"},{"taxonomy":"product_tag","embeddable":true,"href":"https:\/\/roveyayinevi.com.tr\/index.php\/wp-json\/wp\/v2\/product_tag?post=740643"}],"curies":[{"name":"wp","href":"https:\/\/api.w.org\/{rel}","templated":true}]}}