{"id":740642,"date":"2025-08-28T00:32:08","date_gmt":"2025-08-27T21:32:08","guid":{"rendered":"https:\/\/roveyayinevi.com.tr\/index.php\/urun\/etnomuzikoloji-kulturler-ve-muzikler\/"},"modified":"2026-04-16T02:51:31","modified_gmt":"2026-04-15T23:51:31","slug":"etnomuzikoloji-kulturler-ve-muzikler","status":"publish","type":"product","link":"https:\/\/roveyayinevi.com.tr\/index.php\/urun\/etnomuzikoloji-kulturler-ve-muzikler\/","title":{"rendered":"Etnom\u00fczikoloji: K\u00fclt\u00fcrler ve M\u00fczikler"},"content":{"rendered":"<p>\u201cEtnom\u00fczikoloji disiplini hem ge\u00e7irdi\u011fi tarihsel s\u00fcre\u00e7 hem de g\u00fcncel durumu a\u00e7\u0131s\u0131ndan s\u00fcrekli olu\u015fum halinde olan bir aland\u0131r. Her ne kadar ge\u00e7mi\u015fi m\u00fczik folkloru, m\u00fczik etnografisi, m\u00fczik sosyolojisi, hatta m\u00fczik felsefesi gibi bir\u00e7ok m\u00fczik ara\u015ft\u0131rma alan\u0131 ve antropoloji, sosyoloji ba\u015fta olmak \u00fczere m\u00fczik d\u0131\u015f\u0131 pek \u00e7ok alanla ili\u015fkili olsa da, \u0130kinci D\u00fcnya Sava\u015f\u0131 sonras\u0131nda \u015fekillenen bir bilim alan\u0131 olarak etnom\u00fczikoloji olduk\u00e7a dinamik bir disiplindir. Bu \u00e7al\u0131\u015fma, etnom\u00fczikoloji disiplinini kapsaml\u0131 bir literat\u00fcrle ele alma hedefinde olan bir giri\u015f kitab\u0131d\u0131r.Kitapta eme\u011fi ge\u00e7en yazarlar, \u00e7o\u011funlukla ayn\u0131 ku\u015faktan say\u0131labilecek etnom\u00fczikoloji, m\u00fczikoloji, m\u00fczik antropolojisi ve dans ara\u015ft\u0131rmalar\u0131 alanlar\u0131ndan gelen uzmanlar olarak bu alanlar\u0131n etnom\u00fczikolojiyle olan ili\u015fkilerini, genel etnom\u00fczikoloji literat\u00fcr\u00fc i\u00e7erisinden de\u011ferlendiriyorlar. Kitaptaki konu ve kavramlar\u0131n bir\u00e7o\u011fu (performans, toplumsal cinsiyet, pop\u00fcler k\u00fclt\u00fcr, dans, kimlik, g\u00f6\u00e7 vb.) etnom\u00fczikoloji d\u0131\u015f\u0131nda pek \u00e7ok disiplinin \u00e7al\u0131\u015fma konular\u0131 aras\u0131ndad\u0131r. Ayr\u0131ca notasyon, m\u00fczik etnografisi vb. konular ise m\u00fczikle ili\u015fkili di\u011fer bir\u00e7ok bilimsel alan\u0131n kulland\u0131\u011f\u0131 y\u00f6ntem, teknik ya da yakla\u015f\u0131mlarla ili\u015fkilidir. Bu y\u00fczden kitapta ele al\u0131nan konu ve kavramlar\u0131 m\u00fcmk\u00fcn oldu\u011funca derinlemesine incelerken, etnom\u00fczikologlar\u0131n bunlar\u0131 nas\u0131l ele ald\u0131klar\u0131 sorusunu cevaplamak ana hedef olmu\u015ftur.\u201d\u0130thaki Yay\u0131nlar\u0131 olarak m\u00fczik \u00e7al\u0131\u015fmalar\u0131na yapt\u0131\u011f\u0131m\u0131z m\u00fctevaz\u0131 katk\u0131ya bir ilavede bulunmaktan mutluluk duyuyoruz<\/p>\n","protected":false},"excerpt":{"rendered":"<p>\u201cEtnom\u00fczikoloji disiplini hem ge\u00e7irdi\u011fi tarihsel s\u00fcre\u00e7 hem de g\u00fcncel durumu a\u00e7\u0131s\u0131ndan s\u00fcrekli olu\u015fum halinde olan bir aland\u0131r. Her ne kadar ge\u00e7mi\u015fi m\u00fczik folkloru, m\u00fczik etnografisi, m\u00fczik<span class=\"excerpt-hellip\"> [\u2026]<\/span><\/p>\n","protected":false},"featured_media":0,"template":"","meta":{"_monsterinsights_skip_tracking":false,"_monsterinsights_sitenote_active":false,"_monsterinsights_sitenote_note":"","_monsterinsights_sitenote_category":0},"product_brand":[],"product_cat":[12312,12304],"product_tag":[],"class_list":{"0":"post-740642","1":"product","2":"type-product","3":"status-publish","5":"product_cat-diger","6":"product_cat-tarih","7":"pa_cilt-ciltsiz","8":"pa_tur-kitap","9":"pa_yayinevi-ithaki-yayinlari","10":"pa_yazar-ithaki-yayinlari-kolektif","12":"first","13":"instock","14":"sale","15":"shipping-taxable","16":"purchasable","17":"product-type-simple"},"_links":{"self":[{"href":"https:\/\/roveyayinevi.com.tr\/index.php\/wp-json\/wp\/v2\/product\/740642","targetHints":{"allow":["GET"]}}],"collection":[{"href":"https:\/\/roveyayinevi.com.tr\/index.php\/wp-json\/wp\/v2\/product"}],"about":[{"href":"https:\/\/roveyayinevi.com.tr\/index.php\/wp-json\/wp\/v2\/types\/product"}],"wp:attachment":[{"href":"https:\/\/roveyayinevi.com.tr\/index.php\/wp-json\/wp\/v2\/media?parent=740642"}],"wp:term":[{"taxonomy":"product_brand","embeddable":true,"href":"https:\/\/roveyayinevi.com.tr\/index.php\/wp-json\/wp\/v2\/product_brand?post=740642"},{"taxonomy":"product_cat","embeddable":true,"href":"https:\/\/roveyayinevi.com.tr\/index.php\/wp-json\/wp\/v2\/product_cat?post=740642"},{"taxonomy":"product_tag","embeddable":true,"href":"https:\/\/roveyayinevi.com.tr\/index.php\/wp-json\/wp\/v2\/product_tag?post=740642"}],"curies":[{"name":"wp","href":"https:\/\/api.w.org\/{rel}","templated":true}]}}