{"id":740641,"date":"2025-08-28T00:32:07","date_gmt":"2025-08-27T21:32:07","guid":{"rendered":"https:\/\/roveyayinevi.com.tr\/index.php\/urun\/metropol-ninnisi\/"},"modified":"2026-04-16T02:51:31","modified_gmt":"2026-04-15T23:51:31","slug":"metropol-ninnisi","status":"publish","type":"product","link":"https:\/\/roveyayinevi.com.tr\/index.php\/urun\/metropol-ninnisi\/","title":{"rendered":"Metropol Ninnisi"},"content":{"rendered":"<p>\u201c\u0130nsan bazendir, daima de\u011fil!\u201d\u0130. U. Eskiciyan\u2019\u0131n muzip, alayc\u0131 ama bir o kadar da ciddi \u00f6yk\u00fclerini toplad\u0131\u011f\u0131 Metropol Ninnisi, 2015 Sel\u00e7uk Baran \u00d6yk\u00fc \u00d6d\u00fcl\u00fc\u2019n\u00fc alm\u0131\u015ft\u0131. Merkezine insan\u0131 alan, onun bilincini, fark edilmesi zor yanlar\u0131n\u0131 ve toplum i\u00e7indeki yerini irdeleyen bu \u00f6yk\u00fcler, Eskiciyan\u2019\u0131n ince mizah anlay\u0131\u015f\u0131n\u0131 g\u00f6zler \u00f6n\u00fcne seriyor. Olana ya da olmas\u0131 m\u00fcmk\u00fcn g\u00f6r\u00fcnene de\u011fil, akla gelmeyene dikkat kesilmemizi sal\u0131k veriyor Metropol Ninnisi.&#8221;Jiletleyecektim kendimi m\u00fczik sustu. M\u00fczik sustu, adam \u00f6ld\u00fc. Bu eski bir masal Niyazi. Bilmesen de olur. Adam cambaz, bunla yetin. Jilet g\u00fczel kelime, s\u0131rf ismi kesiyor bile\u011fimi. Dilimde d\u00f6nerken yar\u0131yor c\u00fcmlemi. Niyazi baz\u0131 kelimeler, sadece s\u00f6zden olu\u015fmaz. Baz\u0131 kelimeler topraktan gelir. Patates gibidir, fasulye gibidir. B\u00fcy\u00fcy\u00fcnce b\u00f6yle duygusal olaca\u011f\u0131m akl\u0131ma gelmezdi. Yerdeki jilet h\u00fcz\u00fcnlendiriyor beni. Neyse bu tats\u0131z konulara girmeyelim. Ama hakikaten adam \u00f6ld\u00fc. \u00c7\u00fcnk\u00fc m\u00fczik yanl\u0131\u015f yerde susmu\u015ftu.&#8221;<\/p>\n","protected":false},"excerpt":{"rendered":"<p>\u201c\u0130nsan bazendir, daima de\u011fil!\u201d\u0130. U. Eskiciyan\u2019\u0131n muzip, alayc\u0131 ama bir o kadar da ciddi \u00f6yk\u00fclerini toplad\u0131\u011f\u0131 Metropol Ninnisi, 2015 Sel\u00e7uk Baran \u00d6yk\u00fc \u00d6d\u00fcl\u00fc\u2019n\u00fc alm\u0131\u015ft\u0131. Merkezine insan\u0131<span class=\"excerpt-hellip\"> [\u2026]<\/span><\/p>\n","protected":false},"featured_media":0,"template":"","meta":{"_monsterinsights_skip_tracking":false,"_monsterinsights_sitenote_active":false,"_monsterinsights_sitenote_note":"","_monsterinsights_sitenote_category":0},"product_brand":[],"product_cat":[12291,12711],"product_tag":[],"class_list":{"0":"post-740641","1":"product","2":"type-product","3":"status-publish","5":"product_cat-edebiyat","6":"product_cat-roman-oyku","7":"pa_cilt-ciltsiz","8":"pa_tur-kitap","9":"pa_yayinevi-ithaki-yayinlari","10":"pa_yazar-isahag-uygar-eskiciyan","12":"first","13":"instock","14":"sale","15":"shipping-taxable","16":"purchasable","17":"product-type-simple"},"_links":{"self":[{"href":"https:\/\/roveyayinevi.com.tr\/index.php\/wp-json\/wp\/v2\/product\/740641","targetHints":{"allow":["GET"]}}],"collection":[{"href":"https:\/\/roveyayinevi.com.tr\/index.php\/wp-json\/wp\/v2\/product"}],"about":[{"href":"https:\/\/roveyayinevi.com.tr\/index.php\/wp-json\/wp\/v2\/types\/product"}],"wp:attachment":[{"href":"https:\/\/roveyayinevi.com.tr\/index.php\/wp-json\/wp\/v2\/media?parent=740641"}],"wp:term":[{"taxonomy":"product_brand","embeddable":true,"href":"https:\/\/roveyayinevi.com.tr\/index.php\/wp-json\/wp\/v2\/product_brand?post=740641"},{"taxonomy":"product_cat","embeddable":true,"href":"https:\/\/roveyayinevi.com.tr\/index.php\/wp-json\/wp\/v2\/product_cat?post=740641"},{"taxonomy":"product_tag","embeddable":true,"href":"https:\/\/roveyayinevi.com.tr\/index.php\/wp-json\/wp\/v2\/product_tag?post=740641"}],"curies":[{"name":"wp","href":"https:\/\/api.w.org\/{rel}","templated":true}]}}