{"id":740637,"date":"2025-08-28T00:32:01","date_gmt":"2025-08-27T21:32:01","guid":{"rendered":"https:\/\/roveyayinevi.com.tr\/index.php\/urun\/doganin-kudreti\/"},"modified":"2026-04-11T02:59:09","modified_gmt":"2026-04-10T23:59:09","slug":"doganin-kudreti","status":"publish","type":"product","link":"https:\/\/roveyayinevi.com.tr\/index.php\/urun\/doganin-kudreti\/","title":{"rendered":"Do\u011fan\u0131n Kudreti"},"content":{"rendered":"<p>B\u0130R DEDEKT\u0130F AARON FALK ROMANIBe\u015f i\u015f arkada\u015f\u0131 \u00e7al\u0131\u015ft\u0131klar\u0131 \u015firketin d\u00fczenledi\u011fi do\u011fa y\u00fcr\u00fcy\u00fc\u015f\u00fcne gitmek zorunda kal\u0131r, \u00e7antalar\u0131n\u0131 g\u00f6n\u00fcls\u00fczce s\u0131rtlar\u0131na ge\u00e7irip \u00e7amurlu patikada orman\u0131n i\u00e7lerine do\u011fru yola \u00e7\u0131karlar. Fakat bu be\u015f kad\u0131ndan birisi geri d\u00f6nmeyecek, kalan d\u00f6rtl\u00fc ise ya\u015fananlara dair birbirinden farkl\u0131 hik\u00e2yeler anlatacakt\u0131r. Federal Ajan Aaron Falk ise Avustralya yaban\u0131n\u0131n herkesten uzak derinliklerine kadar girmek zorunda kalaca\u011f\u0131 bu soru\u015fturmada da\u011flar\u0131n saklad\u0131\u011f\u0131 s\u0131rlar\u0131 ke\u015ffedecek ve rekabetin, dostlu\u011fun, \u015f\u00fcphenin, ihanetin birbirine girdi\u011fi bir d\u00fc\u011f\u00fcm\u00fc ortaya \u00e7\u0131karacakt\u0131r.Sinemaya da uyarlanan Kurak\u2019\u0131n her roman\u0131yla \u00e7oksatanlar listelerine giren \u00f6d\u00fcll\u00fc yazar\u0131 Jane Harper, ince ince i\u015fledi\u011fi gizemiyle Do\u011fan\u0131n Kudreti\u2019nde o me\u015fum soruyu y\u00f6neltiyor okura: Beraber \u00e7al\u0131\u015ft\u0131\u011f\u0131n\u0131z insanlar\u0131 asl\u0131nda ne kadar iyi tan\u0131yorsunuz?\u201cZek\u00e2 f\u0131\u015fk\u0131ran, gerilim sa\u00e7an bir kitap.\u201d \u2013A. J. Finn\u201cRomandaki t\u00fcm karakterler istisnai bir giriftli\u011fe sahip olacak bi\u00e7imde tasarlanm\u0131\u015f, \u00f6zellikle de Aaron Falk&#8230; Al\u0131\u015f\u0131ld\u0131k bir dedektiften \u00e7ok daha fazlas\u0131 olan, d\u00fc\u015f\u00fcnceli ve \u015fefkatli Falk kitab\u0131n ahlaki pusulas\u0131.\u201d \u2013New York Times Book Review\u201cHayatta kalmaya dair nefes kesici bir hik\u00e2ye&#8230; Harper bir kere daha dikkate al\u0131nmas\u0131 gereken kudretli bir hik\u00e2ye anlat\u0131c\u0131s\u0131 oldu\u011funu g\u00f6steriyor.\u201d \u2013Publishers Weekly<\/p>\n","protected":false},"excerpt":{"rendered":"<p>B\u0130R DEDEKT\u0130F AARON FALK ROMANIBe\u015f i\u015f arkada\u015f\u0131 \u00e7al\u0131\u015ft\u0131klar\u0131 \u015firketin d\u00fczenledi\u011fi do\u011fa y\u00fcr\u00fcy\u00fc\u015f\u00fcne gitmek zorunda kal\u0131r, \u00e7antalar\u0131n\u0131 g\u00f6n\u00fcls\u00fczce s\u0131rtlar\u0131na ge\u00e7irip \u00e7amurlu patikada orman\u0131n i\u00e7lerine do\u011fru yola \u00e7\u0131karlar.<span class=\"excerpt-hellip\"> [\u2026]<\/span><\/p>\n","protected":false},"featured_media":0,"template":"","meta":{"_monsterinsights_skip_tracking":false,"_monsterinsights_sitenote_active":false,"_monsterinsights_sitenote_note":"","_monsterinsights_sitenote_category":0},"product_brand":[],"product_cat":[12291,12711],"product_tag":[],"class_list":{"0":"post-740637","1":"product","2":"type-product","3":"status-publish","5":"product_cat-edebiyat","6":"product_cat-roman-oyku","7":"pa_cilt-ciltsiz","8":"pa_tur-kitap","9":"pa_yayinevi-ithaki-yayinlari","10":"pa_yazar-jane-harper","12":"first","13":"instock","14":"sale","15":"shipping-taxable","16":"purchasable","17":"product-type-simple"},"_links":{"self":[{"href":"https:\/\/roveyayinevi.com.tr\/index.php\/wp-json\/wp\/v2\/product\/740637","targetHints":{"allow":["GET"]}}],"collection":[{"href":"https:\/\/roveyayinevi.com.tr\/index.php\/wp-json\/wp\/v2\/product"}],"about":[{"href":"https:\/\/roveyayinevi.com.tr\/index.php\/wp-json\/wp\/v2\/types\/product"}],"wp:attachment":[{"href":"https:\/\/roveyayinevi.com.tr\/index.php\/wp-json\/wp\/v2\/media?parent=740637"}],"wp:term":[{"taxonomy":"product_brand","embeddable":true,"href":"https:\/\/roveyayinevi.com.tr\/index.php\/wp-json\/wp\/v2\/product_brand?post=740637"},{"taxonomy":"product_cat","embeddable":true,"href":"https:\/\/roveyayinevi.com.tr\/index.php\/wp-json\/wp\/v2\/product_cat?post=740637"},{"taxonomy":"product_tag","embeddable":true,"href":"https:\/\/roveyayinevi.com.tr\/index.php\/wp-json\/wp\/v2\/product_tag?post=740637"}],"curies":[{"name":"wp","href":"https:\/\/api.w.org\/{rel}","templated":true}]}}