{"id":740635,"date":"2025-08-28T00:31:58","date_gmt":"2025-08-27T21:31:58","guid":{"rendered":"https:\/\/roveyayinevi.com.tr\/index.php\/urun\/kara-bulut\/"},"modified":"2026-04-16T02:51:30","modified_gmt":"2026-04-15T23:51:30","slug":"kara-bulut","status":"publish","type":"product","link":"https:\/\/roveyayinevi.com.tr\/index.php\/urun\/kara-bulut\/","title":{"rendered":"Kara Bulut"},"content":{"rendered":"<p>\u201cKara Bulut bana g\u00f6re Isaac Asimov ve Arthur C. Clarke\u2019\u0131n en iyi eserleriyle birlikte, bug\u00fcne dek yaz\u0131lm\u0131\u015f en iyi b\u00fcy\u00fck bilimkurgu romanlar\u0131ndan biri.\u201d \u2013Richard Dawkins\u201cUstaca kaleme al\u0131nm\u0131\u015f bir hik\u00e2ye.\u201d \u2013Damon Knight\u201cB\u0130L\u0130M\u0130N YARATTI\u011eI B\u00dcT\u00dcN DE\u011e\u0130\u015e\u0130MLERE RA\u011eMEN NEDEN H\u00c2L\u00c2 AYNI ESK\u0130 TOPLUMSAL \u00d6NCEL\u0130K D\u00dcZEN\u0130N\u0130 KORUYORUZ?\u201dKariyerinin b\u00fcy\u00fck k\u0131sm\u0131n\u0131 Cambridge Astronomi Enstit\u00fcs\u00fc\u2019nde ge\u00e7iren, y\u0131ld\u0131z n\u00fckleosentezi teorisinin kurucusu, alan\u0131n\u0131n sayg\u0131n biliminsanlar\u0131ndan biri olan Fred Hoyle, ayn\u0131 zamanda yetenekli bir bilimkurgu yazar\u0131. Ba\u015fyap\u0131t\u0131 Kara Bulut da pek \u00e7ok biliminsan\u0131na ilham veren, yaz\u0131lm\u0131\u015f en bilimsel spek\u00fclatif kurgu romanlar\u0131ndan biri.Amat\u00f6r astronomlar, rutin g\u00f6zlemler s\u0131ras\u0131nda g\u00f6ky\u00fcz\u00fcnde bir tuhafl\u0131k fark eder. Y\u0131ld\u0131zlar\u0131n belli bir b\u00f6l\u00fcm\u00fc, olmas\u0131 gerekti\u011finden \u00e7ok daha karanl\u0131ktad\u0131r. Dahas\u0131 bu karanl\u0131k giderek G\u00fcne\u015f Sistemi\u2019ne do\u011fru geni\u015flemektedir ve \u00e7ok ge\u00e7meden simsiyah bir gaz bulutunun do\u011frudan G\u00fcne\u015f ile D\u00fcnya\u2019n\u0131n \u00fczerine geldi\u011fi anla\u015f\u0131l\u0131r.Harekete ge\u00e7en yetkililer yakla\u015f\u0131k on sekiz ay i\u00e7inde ger\u00e7ekle\u015fecek felakete haz\u0131rlanmaya ba\u015flar. Kara Bulut\u2019u ara\u015ft\u0131rmak \u00fczere \u0130ngiltere\u2019de, \u00e7e\u015fitli \u00fclkelere mensup biliminsanlar\u0131n\u0131n bir araya geldi\u011fi bir enstit\u00fc kurulur. Bu enstit\u00fcn\u00fcn ba\u015f\u0131nda da huysuz ama fazlas\u0131yla zeki astronom Christopher Kingsley bulunmaktad\u0131r.Ancak y\u0131k\u0131ma giden bu yolda, biliminsanlar\u0131 sadece evrenin ac\u0131mas\u0131zl\u0131\u011f\u0131yla de\u011fil, h\u00fck\u00fcmetlerin iktidars\u0131zl\u0131klar\u0131yla da y\u00fczle\u015fmek zorunda kalacaklard\u0131r.Kara Bulut, y\u0131k\u0131m\u0131n insanl\u0131\u011f\u0131n \u00fczerine d\u00fc\u015fen g\u00f6lgesi.Richard Dawkins\u2019in sons\u00f6z\u00fcyle<\/p>\n","protected":false},"excerpt":{"rendered":"<p>\u201cKara Bulut bana g\u00f6re Isaac Asimov ve Arthur C. Clarke\u2019\u0131n en iyi eserleriyle birlikte, bug\u00fcne dek yaz\u0131lm\u0131\u015f en iyi b\u00fcy\u00fck bilimkurgu romanlar\u0131ndan biri.\u201d \u2013Richard Dawkins\u201cUstaca kaleme<span class=\"excerpt-hellip\"> [\u2026]<\/span><\/p>\n","protected":false},"featured_media":0,"template":"","meta":{"_monsterinsights_skip_tracking":false,"_monsterinsights_sitenote_active":false,"_monsterinsights_sitenote_note":"","_monsterinsights_sitenote_category":0},"product_brand":[],"product_cat":[12291,12711],"product_tag":[],"class_list":{"0":"post-740635","1":"product","2":"type-product","3":"status-publish","5":"product_cat-edebiyat","6":"product_cat-roman-oyku","7":"pa_cilt-ciltsiz","8":"pa_tur-kitap","9":"pa_yayinevi-ithaki-yayinlari","10":"pa_yazar-fred-hoyle","12":"first","13":"instock","14":"sale","15":"shipping-taxable","16":"purchasable","17":"product-type-simple"},"_links":{"self":[{"href":"https:\/\/roveyayinevi.com.tr\/index.php\/wp-json\/wp\/v2\/product\/740635","targetHints":{"allow":["GET"]}}],"collection":[{"href":"https:\/\/roveyayinevi.com.tr\/index.php\/wp-json\/wp\/v2\/product"}],"about":[{"href":"https:\/\/roveyayinevi.com.tr\/index.php\/wp-json\/wp\/v2\/types\/product"}],"wp:attachment":[{"href":"https:\/\/roveyayinevi.com.tr\/index.php\/wp-json\/wp\/v2\/media?parent=740635"}],"wp:term":[{"taxonomy":"product_brand","embeddable":true,"href":"https:\/\/roveyayinevi.com.tr\/index.php\/wp-json\/wp\/v2\/product_brand?post=740635"},{"taxonomy":"product_cat","embeddable":true,"href":"https:\/\/roveyayinevi.com.tr\/index.php\/wp-json\/wp\/v2\/product_cat?post=740635"},{"taxonomy":"product_tag","embeddable":true,"href":"https:\/\/roveyayinevi.com.tr\/index.php\/wp-json\/wp\/v2\/product_tag?post=740635"}],"curies":[{"name":"wp","href":"https:\/\/api.w.org\/{rel}","templated":true}]}}