{"id":740631,"date":"2025-08-28T00:31:53","date_gmt":"2025-08-27T21:31:53","guid":{"rendered":"https:\/\/roveyayinevi.com.tr\/index.php\/urun\/marifet\/"},"modified":"2026-04-16T02:51:30","modified_gmt":"2026-04-15T23:51:30","slug":"marifet","status":"publish","type":"product","link":"https:\/\/roveyayinevi.com.tr\/index.php\/urun\/marifet\/","title":{"rendered":"Ma&#8217;rifet"},"content":{"rendered":"<p>Ma&#8217;rifet ad\u0131yla okudu\u011funuz bu kitab\u0131m\u0131z tasavvuf d\u00fcnyas\u0131na kat\u0131lan yeni bir eserdir. Eserimiz her nesne gibi bir noktadan has\u0131l olmu\u015ftur. Kainat dahi bir noktadan ibarettir. Yarat\u0131lan canl\u0131 ve cans\u0131z her \u015fey cemadat, nebatat, mahlukat yani k\u00fclli e\u015fyan\u0131n tamam\u0131 yani evren dahi bir noktadan olu\u015fmaktad\u0131r.Elinizdeki bu kitab\u0131n konusu olan \u015fiirler, Ehlibeyt&#8217;i  tasvir etmektedir.  Ehlibeyt evlad\u0131n\u0131 do\u011fru tan\u0131mlamak i\u00e7in illa bir debdebeye ve g\u00f6steri\u015fe ihtiya\u00e7 yoktur.  \u00c7\u00fcnk\u00fc insana mahsus olan bu inan\u00e7lar, Evlad-\u0131 Resul&#8217;den bizlere intikal eden \u00f6nemli bir edebiyatt\u0131r.  Bu edebiyat bir destan\u0131 ifade etmektedir. Zira Ehlibeyt kap\u0131s\u0131 dar-ul emand\u0131r. Yani s\u0131\u011f\u0131n\u0131lacak bir Hakk kap\u0131s\u0131d\u0131r.  Bizler, bir b\u00fcy\u00fck felsefenin sadece bir zerresine i\u015faret etmeye \u00e7al\u0131\u015ft\u0131k.<\/p>\n","protected":false},"excerpt":{"rendered":"<p>Ma&#8217;rifet ad\u0131yla okudu\u011funuz bu kitab\u0131m\u0131z tasavvuf d\u00fcnyas\u0131na kat\u0131lan yeni bir eserdir. Eserimiz her nesne gibi bir noktadan has\u0131l olmu\u015ftur. Kainat dahi bir noktadan ibarettir. Yarat\u0131lan canl\u0131<span class=\"excerpt-hellip\"> [\u2026]<\/span><\/p>\n","protected":false},"featured_media":0,"template":"","meta":{"_monsterinsights_skip_tracking":false,"_monsterinsights_sitenote_active":false,"_monsterinsights_sitenote_note":"","_monsterinsights_sitenote_category":0},"product_brand":[],"product_cat":[12718,12719],"product_tag":[],"class_list":{"0":"post-740631","1":"product","2":"type-product","3":"status-publish","5":"product_cat-din","6":"product_cat-islam","7":"pa_cilt-ciltsiz","8":"pa_tur-kitap","9":"pa_yayinevi-fa-yayinlari","10":"pa_yazar-haydar-sahin","12":"first","13":"instock","14":"sale","15":"shipping-taxable","16":"purchasable","17":"product-type-simple"},"_links":{"self":[{"href":"https:\/\/roveyayinevi.com.tr\/index.php\/wp-json\/wp\/v2\/product\/740631","targetHints":{"allow":["GET"]}}],"collection":[{"href":"https:\/\/roveyayinevi.com.tr\/index.php\/wp-json\/wp\/v2\/product"}],"about":[{"href":"https:\/\/roveyayinevi.com.tr\/index.php\/wp-json\/wp\/v2\/types\/product"}],"wp:attachment":[{"href":"https:\/\/roveyayinevi.com.tr\/index.php\/wp-json\/wp\/v2\/media?parent=740631"}],"wp:term":[{"taxonomy":"product_brand","embeddable":true,"href":"https:\/\/roveyayinevi.com.tr\/index.php\/wp-json\/wp\/v2\/product_brand?post=740631"},{"taxonomy":"product_cat","embeddable":true,"href":"https:\/\/roveyayinevi.com.tr\/index.php\/wp-json\/wp\/v2\/product_cat?post=740631"},{"taxonomy":"product_tag","embeddable":true,"href":"https:\/\/roveyayinevi.com.tr\/index.php\/wp-json\/wp\/v2\/product_tag?post=740631"}],"curies":[{"name":"wp","href":"https:\/\/api.w.org\/{rel}","templated":true}]}}