{"id":740629,"date":"2025-08-28T00:31:02","date_gmt":"2025-08-27T21:31:02","guid":{"rendered":"https:\/\/roveyayinevi.com.tr\/index.php\/urun\/dusundugun-gibisin\/"},"modified":"2026-04-03T02:56:02","modified_gmt":"2026-04-02T23:56:02","slug":"dusundugun-gibisin","status":"publish","type":"product","link":"https:\/\/roveyayinevi.com.tr\/index.php\/urun\/dusundugun-gibisin\/","title":{"rendered":"D\u00fc\u015f\u00fcnd\u00fc\u011f\u00fcn Gibisin"},"content":{"rendered":"<p>&#8220;Ya\u015fam\u0131n\u0131zda ba\u015fard\u0131\u011f\u0131n\u0131z ve ba\u015faramad\u0131\u011f\u0131n\u0131z her \u015fey, d\u00fc\u015f\u00fcncelerinizin sonucudur.&#8221;    James Allen     Ki\u015fisel geli\u015fimin \u00f6nc\u00fc yazarlar\u0131ndan James Allen bu kitab\u0131yla kendi hayat\u0131n\u0131n efendisi olmak isteyenlere, d\u00fc\u015f\u00fcncenin mutlulu\u011fa, ba\u015far\u0131ya ve iyi bir hayata ula\u015fmadaki etkilerini g\u00f6steren bir yol haritas\u0131 sunuyor.    Y\u00fcz y\u0131l\u0131 a\u015fk\u0131n bir s\u00fcre \u00f6nce yaz\u0131lan bu eser, bug\u00fcn h\u00e2l\u00e2 okuyucusuna rehber olmaya devam ediyor\u2026 \u201cKendi d\u00fc\u015f\u00fcncelerinizle ya\u015fam\u0131n\u0131z\u0131, d\u00fcnyan\u0131z\u0131, evreninizi yarat\u0131r ya da y\u0131kars\u0131n\u0131z.\u201d D\u00fc\u015f\u00fcnd\u00fc\u011f\u00fcn Gibisin ve Huzurun Resmi kitaplar\u0131n\u0131n birle\u015fimidir. <\/p>\n","protected":false},"excerpt":{"rendered":"<p>&#8220;Ya\u015fam\u0131n\u0131zda ba\u015fard\u0131\u011f\u0131n\u0131z ve ba\u015faramad\u0131\u011f\u0131n\u0131z her \u015fey, d\u00fc\u015f\u00fcncelerinizin sonucudur.&#8221; James Allen Ki\u015fisel geli\u015fimin \u00f6nc\u00fc yazarlar\u0131ndan James Allen bu kitab\u0131yla kendi hayat\u0131n\u0131n efendisi olmak isteyenlere, d\u00fc\u015f\u00fcncenin mutlulu\u011fa, ba\u015far\u0131ya<span class=\"excerpt-hellip\"> [\u2026]<\/span><\/p>\n","protected":false},"featured_media":0,"template":"","meta":{"_monsterinsights_skip_tracking":false,"_monsterinsights_sitenote_active":false,"_monsterinsights_sitenote_note":"","_monsterinsights_sitenote_category":0},"product_brand":[],"product_cat":[12364,12376],"product_tag":[],"class_list":{"0":"post-740629","1":"product","2":"type-product","3":"status-publish","5":"product_cat-genel-konular","6":"product_cat-kisisel-gelisim","7":"pa_cilt-ciltsiz","8":"pa_tur-kitap","9":"pa_yayinevi-fa-yayinlari","10":"pa_yazar-james-allen","12":"first","13":"instock","14":"sale","15":"shipping-taxable","16":"purchasable","17":"product-type-simple"},"_links":{"self":[{"href":"https:\/\/roveyayinevi.com.tr\/index.php\/wp-json\/wp\/v2\/product\/740629","targetHints":{"allow":["GET"]}}],"collection":[{"href":"https:\/\/roveyayinevi.com.tr\/index.php\/wp-json\/wp\/v2\/product"}],"about":[{"href":"https:\/\/roveyayinevi.com.tr\/index.php\/wp-json\/wp\/v2\/types\/product"}],"wp:attachment":[{"href":"https:\/\/roveyayinevi.com.tr\/index.php\/wp-json\/wp\/v2\/media?parent=740629"}],"wp:term":[{"taxonomy":"product_brand","embeddable":true,"href":"https:\/\/roveyayinevi.com.tr\/index.php\/wp-json\/wp\/v2\/product_brand?post=740629"},{"taxonomy":"product_cat","embeddable":true,"href":"https:\/\/roveyayinevi.com.tr\/index.php\/wp-json\/wp\/v2\/product_cat?post=740629"},{"taxonomy":"product_tag","embeddable":true,"href":"https:\/\/roveyayinevi.com.tr\/index.php\/wp-json\/wp\/v2\/product_tag?post=740629"}],"curies":[{"name":"wp","href":"https:\/\/api.w.org\/{rel}","templated":true}]}}