{"id":740625,"date":"2025-08-28T00:30:56","date_gmt":"2025-08-27T21:30:56","guid":{"rendered":"https:\/\/roveyayinevi.com.tr\/index.php\/urun\/gitmek-dolu-evler\/"},"modified":"2026-04-16T02:51:29","modified_gmt":"2026-04-15T23:51:29","slug":"gitmek-dolu-evler","status":"publish","type":"product","link":"https:\/\/roveyayinevi.com.tr\/index.php\/urun\/gitmek-dolu-evler\/","title":{"rendered":"Gitmek Dolu Evler"},"content":{"rendered":"<p>\u00c7abuk t\u00fckenip \u00e7abuk al\u0131\u015f\u0131yoruzKolay vazge\u00e7iyoruzG\u00fczel kalmaktan g\u00fczel sevmektenHarflerden yap\u0131lmad\u0131 insan ya da say\u0131lardanKelimeler uzakla\u015ft\u0131r\u0131r bazen insan\u0131 insandan Uyumal\u0131y\u0131mAyr\u0131l\u0131klar\u0131 \u015ferre yorulmu\u015f istasyonlardaHayr\u0131 da \u015ferri de gece \u00f6rtm\u00fc\u015ft\u00fcr.<\/p>\n","protected":false},"excerpt":{"rendered":"<p>\u00c7abuk t\u00fckenip \u00e7abuk al\u0131\u015f\u0131yoruzKolay vazge\u00e7iyoruzG\u00fczel kalmaktan g\u00fczel sevmektenHarflerden yap\u0131lmad\u0131 insan ya da say\u0131lardanKelimeler uzakla\u015ft\u0131r\u0131r bazen insan\u0131 insandan Uyumal\u0131y\u0131mAyr\u0131l\u0131klar\u0131 \u015ferre yorulmu\u015f istasyonlardaHayr\u0131 da \u015ferri de gece \u00f6rtm\u00fc\u015ft\u00fcr.<\/p>\n","protected":false},"featured_media":0,"template":"","meta":{"_monsterinsights_skip_tracking":false,"_monsterinsights_sitenote_active":false,"_monsterinsights_sitenote_note":"","_monsterinsights_sitenote_category":0},"product_brand":[],"product_cat":[12291,12509],"product_tag":[],"class_list":{"0":"post-740625","1":"product","2":"type-product","3":"status-publish","5":"product_cat-edebiyat","6":"product_cat-siir","7":"pa_cilt-ciltsiz","8":"pa_tur-kitap","9":"pa_yayinevi-muhit-kitap","10":"pa_yazar-ayse-celikkaya","12":"first","13":"instock","14":"sale","15":"shipping-taxable","16":"purchasable","17":"product-type-simple"},"_links":{"self":[{"href":"https:\/\/roveyayinevi.com.tr\/index.php\/wp-json\/wp\/v2\/product\/740625","targetHints":{"allow":["GET"]}}],"collection":[{"href":"https:\/\/roveyayinevi.com.tr\/index.php\/wp-json\/wp\/v2\/product"}],"about":[{"href":"https:\/\/roveyayinevi.com.tr\/index.php\/wp-json\/wp\/v2\/types\/product"}],"wp:attachment":[{"href":"https:\/\/roveyayinevi.com.tr\/index.php\/wp-json\/wp\/v2\/media?parent=740625"}],"wp:term":[{"taxonomy":"product_brand","embeddable":true,"href":"https:\/\/roveyayinevi.com.tr\/index.php\/wp-json\/wp\/v2\/product_brand?post=740625"},{"taxonomy":"product_cat","embeddable":true,"href":"https:\/\/roveyayinevi.com.tr\/index.php\/wp-json\/wp\/v2\/product_cat?post=740625"},{"taxonomy":"product_tag","embeddable":true,"href":"https:\/\/roveyayinevi.com.tr\/index.php\/wp-json\/wp\/v2\/product_tag?post=740625"}],"curies":[{"name":"wp","href":"https:\/\/api.w.org\/{rel}","templated":true}]}}