{"id":740624,"date":"2025-08-28T00:30:55","date_gmt":"2025-08-27T21:30:55","guid":{"rendered":"https:\/\/roveyayinevi.com.tr\/index.php\/urun\/bakarsin-yagmur-yagar\/"},"modified":"2026-04-07T02:57:21","modified_gmt":"2026-04-06T23:57:21","slug":"bakarsin-yagmur-yagar","status":"publish","type":"product","link":"https:\/\/roveyayinevi.com.tr\/index.php\/urun\/bakarsin-yagmur-yagar\/","title":{"rendered":"Bakars\u0131n Ya\u011fmur Ya\u011far"},"content":{"rendered":"<p>Sizin bakt\u0131\u011f\u0131n\u0131z yerde g\u00f6zya\u015f\u0131 eksik olmuyor\u00c7ocuklar b\u00fcy\u00fcm\u00fcyor; soluk benizleriyleDo\u011fursa bir annenin sevincini \u00f6ld\u00fcr\u00fcpYar\u0131na kalmas\u0131nG\u00fcny\u00fcz\u00fc g\u00f6rmesinUmutlar\u0131 k\u0131r\u0131ls\u0131nK\u00f6t\u00fcr\u00fcm olsun istiyorsunuz Zaman\u0131n kahr\u0131 mutlaka \u00e7\u0131kacak ortayaG\u00f6sterecek y\u00fcz\u00fcn\u00fc y\u00fcz\u00fcn\u00fcze do\u011fru\u00d6l\u00fcmleri bah\u00e7enizde g\u00f6r\u00fcnceAnlam\u0131\u015f olacaks\u0131n\u0131z hayat nas\u0131l daB\u0131rakm\u0131yor kimseyi \u00f6c\u00fcn\u00fc almadan<\/p>\n","protected":false},"excerpt":{"rendered":"<p>Sizin bakt\u0131\u011f\u0131n\u0131z yerde g\u00f6zya\u015f\u0131 eksik olmuyor\u00c7ocuklar b\u00fcy\u00fcm\u00fcyor; soluk benizleriyleDo\u011fursa bir annenin sevincini \u00f6ld\u00fcr\u00fcpYar\u0131na kalmas\u0131nG\u00fcny\u00fcz\u00fc g\u00f6rmesinUmutlar\u0131 k\u0131r\u0131ls\u0131nK\u00f6t\u00fcr\u00fcm olsun istiyorsunuz Zaman\u0131n kahr\u0131 mutlaka \u00e7\u0131kacak ortayaG\u00f6sterecek y\u00fcz\u00fcn\u00fc y\u00fcz\u00fcn\u00fcze do\u011fru\u00d6l\u00fcmleri<span class=\"excerpt-hellip\"> [\u2026]<\/span><\/p>\n","protected":false},"featured_media":0,"template":"","meta":{"_monsterinsights_skip_tracking":false,"_monsterinsights_sitenote_active":false,"_monsterinsights_sitenote_note":"","_monsterinsights_sitenote_category":0},"product_brand":[],"product_cat":[12291,12509],"product_tag":[],"class_list":{"0":"post-740624","1":"product","2":"type-product","3":"status-publish","5":"product_cat-edebiyat","6":"product_cat-siir","7":"pa_cilt-ciltsiz","8":"pa_tur-kitap","9":"pa_yayinevi-muhit-kitap","10":"pa_yazar-nurettin-duman","12":"first","13":"instock","14":"sale","15":"shipping-taxable","16":"purchasable","17":"product-type-simple"},"_links":{"self":[{"href":"https:\/\/roveyayinevi.com.tr\/index.php\/wp-json\/wp\/v2\/product\/740624","targetHints":{"allow":["GET"]}}],"collection":[{"href":"https:\/\/roveyayinevi.com.tr\/index.php\/wp-json\/wp\/v2\/product"}],"about":[{"href":"https:\/\/roveyayinevi.com.tr\/index.php\/wp-json\/wp\/v2\/types\/product"}],"wp:attachment":[{"href":"https:\/\/roveyayinevi.com.tr\/index.php\/wp-json\/wp\/v2\/media?parent=740624"}],"wp:term":[{"taxonomy":"product_brand","embeddable":true,"href":"https:\/\/roveyayinevi.com.tr\/index.php\/wp-json\/wp\/v2\/product_brand?post=740624"},{"taxonomy":"product_cat","embeddable":true,"href":"https:\/\/roveyayinevi.com.tr\/index.php\/wp-json\/wp\/v2\/product_cat?post=740624"},{"taxonomy":"product_tag","embeddable":true,"href":"https:\/\/roveyayinevi.com.tr\/index.php\/wp-json\/wp\/v2\/product_tag?post=740624"}],"curies":[{"name":"wp","href":"https:\/\/api.w.org\/{rel}","templated":true}]}}