{"id":740623,"date":"2025-08-28T00:30:54","date_gmt":"2025-08-27T21:30:54","guid":{"rendered":"https:\/\/roveyayinevi.com.tr\/index.php\/urun\/ruhun-gizli-yasami-gorunmeyen-organimizla-ilgili-her-sey\/"},"modified":"2026-04-16T02:51:29","modified_gmt":"2026-04-15T23:51:29","slug":"ruhun-gizli-yasami-gorunmeyen-organimizla-ilgili-her-sey","status":"publish","type":"product","link":"https:\/\/roveyayinevi.com.tr\/index.php\/urun\/ruhun-gizli-yasami-gorunmeyen-organimizla-ilgili-her-sey\/","title":{"rendered":"Ruhun Gizli Ya\u015fam\u0131: G\u00f6r\u00fcnmeyen Organ\u0131m\u0131zla \u0130lgili Her \u015eey"},"content":{"rendered":"<p>Neden b\u00f6yleyiz? Ve b\u00f6yle olmak zorunda m\u0131y\u0131z?\u2022 Neden ayn\u0131 uyaranlara her birimiz farkl\u0131 tepkiler veriyoruz?\u2022 \u0130stedi\u011fimizi sand\u0131\u011f\u0131m\u0131z \u015feyleri ger\u00e7ekten istiyor muyuz? Peki ya korktuklar\u0131m\u0131z ve uzak durmay\u0131 se\u00e7tiklerimiz?\u2022 Ruh nas\u0131l olu\u015fur, nas\u0131l \u00e7al\u0131\u015f\u0131r ve \u00e7al\u0131\u015fmaya nas\u0131l son verir?\u2022 Ruhun zihinsel ve fiziksel sa\u011fl\u0131\u011f\u0131m\u0131z \u00fczerinde nas\u0131l bir etkisi vard\u0131r?\u2022 Hormonlar\u0131m\u0131z kim oldu\u011fumuzu belirler mi? Ebeveynimizle ili\u015fkimiz, sosyal ba\u011flar\u0131m\u0131za ne kadar n\u00fcfuz eder?\u2022 Borderline, obsesif kompulsif ve narsisizm gibi ki\u015filik bozukluklar\u0131 nas\u0131l olu\u015fur ve ruhun bunlara katk\u0131s\u0131 nedir? Onu g\u00f6remiyor olabiliriz ama hissedebiliriz, g\u00f6zlemleyebiliriz ve hakk\u0131nda yeni \u015feyler \u00f6\u011frenebiliriz: Ruh, bedenimizin g\u00f6r\u00fcnmeyen organ\u0131. Y\u00fczy\u0131llar boyunca ruh yaln\u0131zca teorik bir varl\u0131k olarak kabul edildi ancak modern ara\u015ft\u0131rmalar konuya farkl\u0131 bir bak\u0131\u015f a\u00e7\u0131s\u0131 getiriyor. Ruh asl\u0131nda d\u00fc\u015f\u00fcnd\u00fc\u011f\u00fcm\u00fczden daha somut; sinir sistemi vas\u0131tas\u0131yla b\u00fct\u00fcn organizmam\u0131za etki ediyor, beyin ve organ aktivitemizi d\u00fczenliyor, insanlarla ili\u015fkilerimizi belirliyor, ki\u015fili\u011fimizi tan\u0131ml\u0131yor ve isterse bizi hasta edip iyile\u015ftirebiliyor. \u00dcnl\u00fc psikolog Sabine Wery von Limont, ruhun bizimle ileti\u015fim kurmak i\u00e7in hangi stratejileri kulland\u0131\u011f\u0131n\u0131, kendimizi ve di\u011fer insanlar\u0131 daha iyi anlamak i\u00e7in onunla ili\u015fki kurman\u0131n neden gerekli oldu\u011funu sinirbilim, psikoterapi ve epigenetik alan\u0131ndaki en son bulgulardan yararlanarak basit ve anla\u015f\u0131l\u0131r bir dille a\u00e7\u0131kl\u0131yor.<\/p>\n","protected":false},"excerpt":{"rendered":"<p>Neden b\u00f6yleyiz? Ve b\u00f6yle olmak zorunda m\u0131y\u0131z?\u2022 Neden ayn\u0131 uyaranlara her birimiz farkl\u0131 tepkiler veriyoruz?\u2022 \u0130stedi\u011fimizi sand\u0131\u011f\u0131m\u0131z \u015feyleri ger\u00e7ekten istiyor muyuz? Peki ya korktuklar\u0131m\u0131z ve uzak<span class=\"excerpt-hellip\"> [\u2026]<\/span><\/p>\n","protected":false},"featured_media":0,"template":"","meta":{"_monsterinsights_skip_tracking":false,"_monsterinsights_sitenote_active":false,"_monsterinsights_sitenote_note":"","_monsterinsights_sitenote_category":0},"product_brand":[],"product_cat":[12364,12376],"product_tag":[],"class_list":{"0":"post-740623","1":"product","2":"type-product","3":"status-publish","5":"product_cat-genel-konular","6":"product_cat-kisisel-gelisim","7":"pa_cilt-ciltsiz","8":"pa_tur-kitap","9":"pa_yayinevi-epsilon-yayinlari","10":"pa_yazar-sabine-wery-von-limont-jarka-kubsova","12":"first","13":"instock","14":"sale","15":"shipping-taxable","16":"purchasable","17":"product-type-simple"},"_links":{"self":[{"href":"https:\/\/roveyayinevi.com.tr\/index.php\/wp-json\/wp\/v2\/product\/740623","targetHints":{"allow":["GET"]}}],"collection":[{"href":"https:\/\/roveyayinevi.com.tr\/index.php\/wp-json\/wp\/v2\/product"}],"about":[{"href":"https:\/\/roveyayinevi.com.tr\/index.php\/wp-json\/wp\/v2\/types\/product"}],"wp:attachment":[{"href":"https:\/\/roveyayinevi.com.tr\/index.php\/wp-json\/wp\/v2\/media?parent=740623"}],"wp:term":[{"taxonomy":"product_brand","embeddable":true,"href":"https:\/\/roveyayinevi.com.tr\/index.php\/wp-json\/wp\/v2\/product_brand?post=740623"},{"taxonomy":"product_cat","embeddable":true,"href":"https:\/\/roveyayinevi.com.tr\/index.php\/wp-json\/wp\/v2\/product_cat?post=740623"},{"taxonomy":"product_tag","embeddable":true,"href":"https:\/\/roveyayinevi.com.tr\/index.php\/wp-json\/wp\/v2\/product_tag?post=740623"}],"curies":[{"name":"wp","href":"https:\/\/api.w.org\/{rel}","templated":true}]}}