{"id":740622,"date":"2025-08-28T00:30:53","date_gmt":"2025-08-27T21:30:53","guid":{"rendered":"https:\/\/roveyayinevi.com.tr\/index.php\/urun\/feminist-faillige-cagri-dersliklerde-feminist-pedagoji-deneyimleri\/"},"modified":"2026-04-16T02:51:29","modified_gmt":"2026-04-15T23:51:29","slug":"feminist-faillige-cagri-dersliklerde-feminist-pedagoji-deneyimleri","status":"publish","type":"product","link":"https:\/\/roveyayinevi.com.tr\/index.php\/urun\/feminist-faillige-cagri-dersliklerde-feminist-pedagoji-deneyimleri\/","title":{"rendered":"Feminist Failli\u011fe \u00c7a\u011fr\u0131: Dersliklerde Feminist Pedagoji Deneyimleri"},"content":{"rendered":"<p>\u201c\u0130nsan\u0131 her ge\u00e7en g\u00fcn daha da bask\u0131layan, de\u011fersizle\u015ftiren, g\u00fcvencesizle\u015ftiren ve zora dayal\u0131 olarak temel haklar\u0131ndan mahrum b\u0131rakan siyasal ve ekonomik g\u00fc\u00e7ler kar\u015f\u0131s\u0131nda derslikleri her \u015feye ra\u011fmen demokratik, e\u015fitlik\u00e7i \u00f6znellikler ve faillikler \u00fcretebilecek kamusal alanlara d\u00f6n\u00fc\u015ft\u00fcrebiliriz.\u201dFeminist pedagoji do\u011fal ve de\u011fi\u015fmez k\u0131l\u0131nm\u0131\u015f kavramlar\u0131, kimlikleri ve kategorileri ele\u015ftirmek, cinsiyet\u00e7i bask\u0131n\u0131n ve sosyal e\u015fitsizliklerin fark\u0131na varmak, geleneksel pedagojik tarzlara meydan okumak, derslik ile toplumsal de\u011fi\u015fim aras\u0131nda ba\u011f kurmak i\u00e7in yeni bir okuma ve \u00f6\u011fretim metodu yaratmay\u0131 \u00f6nerir ve bu anlamda bir umut ve \u00f6zg\u00fcrle\u015f(tir)me politikas\u0131d\u0131r. Bu kitap arac\u0131l\u0131\u011f\u0131yla feminist pedagoji, sadece okul ve \u00f6\u011frenciler ile s\u0131n\u0131rl\u0131 olmay\u0131p, demokratik ele\u015ftirel bir kamusal alan\u0131n yarat\u0131labildi\u011fi fiziksel veya sanal herhangi bir mecrada bile olsa birlikte \u00fcretilebilecek feminist bir \u00f6znelli\u011fe ve failli\u011fe yap\u0131lan bir \u00e7a\u011fr\u0131d\u0131r.     Feminist Bir Faillik Olu\u015fturmada Feminist Pedagojinin Ufku \u00dczerine \u0130lknur Me\u015fe \u2022 Ta\u015frada ve Akademide Toplumsal Cinsiyet E\u015fit(siz)li\u011fi ve Feminist Pedagojinin \u0130mk\u00e2n\u0131 \u00dczerine Emek Y\u0131ld\u0131r\u0131m \u015eahin \u2022 \u201cTa\u015fra\u201dda Feminist Hoca Olmak: D\u00f6n\u00fc\u015ft\u00fcr\u00fcc\u00fc Bir Deneyim Zehra Y\u0131lmaz \u2022 Yap\u0131sal S\u0131n\u0131rl\u0131l\u0131klar ile \u0130mk\u00e2nlar Aras\u0131nda Feminist Pedagoji Deneyimlerim \u0130lknur Me\u015fe \u2022 Merkezden Ta\u015fraya Zorlu Ad\u0131mlar: Ta\u015fra \u00dcniversitesinde Feminist Dersli\u011fin G\u00fc\u00e7l\u00fckleri Duygu Alt\u0131noluk \u2022 \u201cFeminizm\u201d Dersinin Ard\u0131ndan\u2026 Elif Madakba\u015f G\u00fclener \u2022 Eril Tahakk\u00fcm\u00fc G\u00f6rsel \u0130mgeler \u00dczerinden Sorgulamak Gamze Toksoy \u2022 Erkeklikler Sosyolojisi \u00dczerine: K\u00fc\u00e7\u00fck Ama Kal\u0131c\u0131 \u0130zler B\u0131rakmak Mehmet Bozok \u2022 \u201cTeletabiler Nas\u0131ls\u0131n\u0131z?\u201d S\u0131n\u0131f\u0131 Ba\u015fka Bir Mek\u00e2na D\u00f6n\u00fc\u015ft\u00fcrmek \u0130\u00e7in Feminist Pedagoji\u2019nin Sundu\u011fu \u0130mk\u00e2nlar Zeynep Alica \u2022 Fevziye Say\u0131lan ile M\u00fclakat: \u201cFeminist Pedagoji Bir \u00d6zg\u00fcrle\u015fme ve Umut Pedagojisidir\u201d \u0130lknur Me\u015fe   <\/p>\n","protected":false},"excerpt":{"rendered":"<p>\u201c\u0130nsan\u0131 her ge\u00e7en g\u00fcn daha da bask\u0131layan, de\u011fersizle\u015ftiren, g\u00fcvencesizle\u015ftiren ve zora dayal\u0131 olarak temel haklar\u0131ndan mahrum b\u0131rakan siyasal ve ekonomik g\u00fc\u00e7ler kar\u015f\u0131s\u0131nda derslikleri her \u015feye ra\u011fmen<span class=\"excerpt-hellip\"> [\u2026]<\/span><\/p>\n","protected":false},"featured_media":0,"template":"","meta":{"_monsterinsights_skip_tracking":false,"_monsterinsights_sitenote_active":false,"_monsterinsights_sitenote_note":"","_monsterinsights_sitenote_category":0},"product_brand":[],"product_cat":[12325,12324],"product_tag":[],"class_list":{"0":"post-740622","1":"product","2":"type-product","3":"status-publish","5":"product_cat-diger-sosyoloji","6":"product_cat-sosyoloji","7":"pa_cilt-ciltsiz","8":"pa_tur-kitap","9":"pa_yayinevi-nika-yayinevi","10":"pa_yazar-nika-yayinevi-kolektif","12":"first","13":"instock","14":"sale","15":"shipping-taxable","16":"purchasable","17":"product-type-simple"},"_links":{"self":[{"href":"https:\/\/roveyayinevi.com.tr\/index.php\/wp-json\/wp\/v2\/product\/740622","targetHints":{"allow":["GET"]}}],"collection":[{"href":"https:\/\/roveyayinevi.com.tr\/index.php\/wp-json\/wp\/v2\/product"}],"about":[{"href":"https:\/\/roveyayinevi.com.tr\/index.php\/wp-json\/wp\/v2\/types\/product"}],"wp:attachment":[{"href":"https:\/\/roveyayinevi.com.tr\/index.php\/wp-json\/wp\/v2\/media?parent=740622"}],"wp:term":[{"taxonomy":"product_brand","embeddable":true,"href":"https:\/\/roveyayinevi.com.tr\/index.php\/wp-json\/wp\/v2\/product_brand?post=740622"},{"taxonomy":"product_cat","embeddable":true,"href":"https:\/\/roveyayinevi.com.tr\/index.php\/wp-json\/wp\/v2\/product_cat?post=740622"},{"taxonomy":"product_tag","embeddable":true,"href":"https:\/\/roveyayinevi.com.tr\/index.php\/wp-json\/wp\/v2\/product_tag?post=740622"}],"curies":[{"name":"wp","href":"https:\/\/api.w.org\/{rel}","templated":true}]}}