{"id":740621,"date":"2025-08-28T00:30:53","date_gmt":"2025-08-27T21:30:53","guid":{"rendered":"https:\/\/roveyayinevi.com.tr\/index.php\/urun\/sovyetlerde-fetret-devri-1923-1924\/"},"modified":"2026-04-16T02:51:29","modified_gmt":"2026-04-15T23:51:29","slug":"sovyetlerde-fetret-devri-1923-1924","status":"publish","type":"product","link":"https:\/\/roveyayinevi.com.tr\/index.php\/urun\/sovyetlerde-fetret-devri-1923-1924\/","title":{"rendered":"Sovyetler&#8217;de Fetret Devri 1923-1924"},"content":{"rendered":"<p>Sovyetler\u2019deki ic\u0327 savas\u0327tan sonra Lenin\u2019in yavas\u0327 yavas\u0327 iktidar\u0131n\u0131 kaybetmesi, Stalin\u2019in ise ayn\u0131 s\u0327ekilde gu\u0308c\u0327 kazanmas\u0131yla bas\u0327layan bir do\u0308nem, Sovyetler\u2019de Fetret Devri. Edward Hallett Carr, Lenin\u2019in o\u0308lu\u0308mu\u0308yle sonlanan bu kitapta, bu do\u0308nemi ad\u0131m ad\u0131m izliyor. Ekonomik krizlerden, bilhassa tan\u0131nma hususunda dig\u0306er u\u0308lkelerle ilis\u0327kilere, Almanya\u2019daki devrim potansiyelinin gerc\u0327ekles\u0327tirilmesi ic\u0327in c\u0327al\u0131s\u0327malardan, ic\u0327erideki iktidar mu\u0308cadelesine ve parti ic\u0327i muhalefetin susturulma c\u0327abalar\u0131na dek uzanan bir perspektifte Sovyetler\u2019deki do\u0308nu\u0308s\u0327u\u0308mu\u0308 takip ediyor. Troc\u0327ki\u2019yle Stalin\u2019in c\u0327at\u0131s\u0327malar\u0131n\u0131 ele alman\u0131n yan\u0131 s\u0131ra, nihayetinde Stalin\u2019in nas\u0131l yavas\u0327 ama kararl\u0131 bir bic\u0327imde iktidara geldig\u0306ini anlat\u0131yor; Stalin ve Lenin\u2019in siyasi go\u0308ru\u0308s\u0327lerindeki farkl\u0131l\u0131klar\u0131n alt\u0131n\u0131 c\u0327iziyor. Birc\u0327ok kaynaktan ve ars\u0327iv kay\u0131tlar\u0131ndan yararlanan Carr, usta tarihc\u0327ilig\u0306iyle Sovyetler\u2019in bir do\u0308nemine \u0131s\u0327\u0131k tutuyor. \u201cLenin\u2019in son hastal\u0131g\u0306\u0131n\u0131n son aylar\u0131 ve o\u0308lu\u0308mu\u0308nden sonraki ilk haftalar, 1923 Mart-1924 May\u0131s aral\u0131g\u0306\u0131, \u2013Sovyet is\u0327lerinde bir ates\u0327kes ya da interregnum olarak\u2013 tart\u0131s\u0327mal\u0131 kararlardan elden geldig\u0306ince kac\u0327\u0131n\u0131ld\u0131g\u0306\u0131 ya da ask\u0131da b\u0131rak\u0131ld\u0131g\u0306\u0131 bir tu\u0308r ara do\u0308nem olarak s\u0327ekillenir: [Bols\u0327evik Devrimi u\u0308zerine haz\u0131rlanan kapsay\u0131c\u0131 c\u0327al\u0131s\u0327man\u0131n] yeni plan\u0131nda bu do\u0308nem, s\u0327imdi Sovyetler\u2019de Fetret Devri 1923-1924 ad\u0131 alt\u0131nda yay\u0131mlanan ayr\u0131 bir cilt olus\u0327turuyor.\u201d EDWARD HALLETT CARR<\/p>\n","protected":false},"excerpt":{"rendered":"<p>Sovyetler\u2019deki ic\u0327 savas\u0327tan sonra Lenin\u2019in yavas\u0327 yavas\u0327 iktidar\u0131n\u0131 kaybetmesi, Stalin\u2019in ise ayn\u0131 s\u0327ekilde gu\u0308c\u0327 kazanmas\u0131yla bas\u0327layan bir do\u0308nem, Sovyetler\u2019de Fetret Devri. Edward Hallett Carr, Lenin\u2019in o\u0308lu\u0308mu\u0308yle<span class=\"excerpt-hellip\"> [\u2026]<\/span><\/p>\n","protected":false},"featured_media":0,"template":"","meta":{"_monsterinsights_skip_tracking":false,"_monsterinsights_sitenote_active":false,"_monsterinsights_sitenote_note":"","_monsterinsights_sitenote_category":0},"product_brand":[],"product_cat":[12312,12304],"product_tag":[],"class_list":{"0":"post-740621","1":"product","2":"type-product","3":"status-publish","5":"product_cat-diger","6":"product_cat-tarih","7":"pa_cilt-ciltsiz","8":"pa_tur-kitap","9":"pa_yayinevi-iletisim-yayinlari","10":"pa_yazar-edward-hallett-carr","12":"first","13":"instock","14":"sale","15":"shipping-taxable","16":"purchasable","17":"product-type-simple"},"_links":{"self":[{"href":"https:\/\/roveyayinevi.com.tr\/index.php\/wp-json\/wp\/v2\/product\/740621","targetHints":{"allow":["GET"]}}],"collection":[{"href":"https:\/\/roveyayinevi.com.tr\/index.php\/wp-json\/wp\/v2\/product"}],"about":[{"href":"https:\/\/roveyayinevi.com.tr\/index.php\/wp-json\/wp\/v2\/types\/product"}],"wp:attachment":[{"href":"https:\/\/roveyayinevi.com.tr\/index.php\/wp-json\/wp\/v2\/media?parent=740621"}],"wp:term":[{"taxonomy":"product_brand","embeddable":true,"href":"https:\/\/roveyayinevi.com.tr\/index.php\/wp-json\/wp\/v2\/product_brand?post=740621"},{"taxonomy":"product_cat","embeddable":true,"href":"https:\/\/roveyayinevi.com.tr\/index.php\/wp-json\/wp\/v2\/product_cat?post=740621"},{"taxonomy":"product_tag","embeddable":true,"href":"https:\/\/roveyayinevi.com.tr\/index.php\/wp-json\/wp\/v2\/product_tag?post=740621"}],"curies":[{"name":"wp","href":"https:\/\/api.w.org\/{rel}","templated":true}]}}