{"id":740620,"date":"2025-08-28T00:30:52","date_gmt":"2025-08-27T21:30:52","guid":{"rendered":"https:\/\/roveyayinevi.com.tr\/index.php\/urun\/uluslararasi-iliskilerde-guvenlik\/"},"modified":"2026-04-16T02:51:29","modified_gmt":"2026-04-15T23:51:29","slug":"uluslararasi-iliskilerde-guvenlik","status":"publish","type":"product","link":"https:\/\/roveyayinevi.com.tr\/index.php\/urun\/uluslararasi-iliskilerde-guvenlik\/","title":{"rendered":"Uluslararas\u0131 \u0130li\u015fkilerde G\u00fcvenlik"},"content":{"rendered":"<p>K\u0130TAP HAKKINDA: En genel anlamda tehdidin yoklu\u011fu ya da g\u00fcvende olmak olarak tan\u0131mlanan g\u00fcvenlik kavram\u0131 ile ilgili Uluslararas\u0131 \u0130li\u015fkiler disiplini i\u00e7erisinde dahi herkesin hemfikir oldu\u011fu bir tan\u0131mlama mevcut de\u011fildir. Farkl\u0131 kuramsal yakla\u015f\u0131mlar g\u00fcvenli\u011fin nas\u0131l tan\u0131mlanmas\u0131 gerekti\u011fiyle ilgili \u00e7o\u011funlukla birbiri ile \u00e7eli\u015fen iddialarda bulunmaktad\u0131rlar. Elinizdeki kitap, g\u00fcvenlik kavram\u0131na getirilen farkl\u0131 kuramsal bak\u0131\u015flar\u0131 ve farkl\u0131 g\u00fcvenlik konular\u0131n\u0131 tek bir eser i\u00e7erisinde toplayarak, bu kavramsal zenginli\u011fi okuyuculara aktarabilmeyi hedeflemektedir. Toplamda 33 b\u00f6l\u00fcmden olu\u015fan kitap birinci k\u0131s\u0131mda Realizmden Postyap\u0131salc\u0131l\u0131\u011fa, Oyun Teorisinden Uluslararas\u0131 Siyaset Sosyolojisine kadar farkl\u0131 kuramsal g\u00fcvenlik yakla\u015f\u0131m\u0131n\u0131 okurlar\u0131na sunmaktad\u0131r. \u0130kinci k\u0131s\u0131mda ise g\u00fc\u00e7, sava\u015f, g\u00f6\u00e7, ter\u00f6rizm, \u00e7evre ve bar\u0131\u015f in\u015fas\u0131 gibi g\u00fcvenlik konular\u0131, yine kitab\u0131n amac\u0131yla ba\u011f\u0131nt\u0131l\u0131 olarak farkl\u0131 perspektiflerden incelenmi\u015ftir. Elinizdeki kitap, akademisyenler i\u00e7in g\u00fcvenlik konular\u0131nda kullanabilecekleri bir ba\u015fvuru kitab\u0131, g\u00fcvenlik meseleleriyle ilgilenen genel kitle i\u00e7in bu meseleleri farkl\u0131 perspektiflerden inceleyen farkl\u0131 temalar\u0131 g\u00f6rebilecekleri bir eser, siyaset\u00e7i ve g\u00fcvenlik profesyonelleri i\u00e7in g\u00fcvenlik konusundaki kuramsal bak\u0131\u015f a\u00e7\u0131lar\u0131n\u0131 zenginle\u015ftirebilecekleri bir rehber ve Uluslararas\u0131 \u0130li\u015fkiler, Sosyoloji, Siyaset Bilimi, B\u00f6lgesel \u00c7al\u0131\u015fmalar gibi alanlarda e\u011fitim alan \u00f6\u011frenciler i\u00e7in g\u00fcvenlik konular\u0131n\u0131 farkl\u0131 a\u00e7\u0131lardan g\u00f6rerek fark\u0131ndal\u0131klar\u0131n\u0131 art\u0131rabilecekleri bir kaynak olmay\u0131 hedeflemektedir.   YAZARLAR: Alperen \u00d6zkan, Ba\u015far Baysal, Berk Esen, Bu\u011fra Sar\u0131, Burak Toygar Halistoprak, Cihan Dizdaro\u011flu, \u00c7a\u011fla L\u00fcleci-Sula, \u00c7a\u011fla Vural, \u00c7a\u011flar Kur\u00e7, \u00c7era\u011f Esra \u00c7uhadar, \u00c7i\u011fdem Pekar, Duygu \u00d6zt\u00fcrk, Efe Tokdemir, Efser Rana Co\u015fkun-T\u00fcrkmen, Egehan Hayrettin Alt\u0131nbay, Erdem Ceydilek, Esra Dilek, G\u00f6zde Turan, Hasan Sel\u00e7uk T\u00fcrkmen, \u0130smail Erkam Sula, Mine Nur K\u00fc\u00e7\u00fck, Minhac \u00c7elik, Mustafa G\u00f6kcan K\u00f6sen, Nebahat Tanr\u0131verdi Ya\u015far, Neslihan Dikmen-Alsancak, Onur Erpul, Petra Cafnik Uluda\u011f, Senem Atvur, Serhan \u00dcnal, Sezgi Karacan, \u015e\u00fckriye G\u00f6k\u00e7e Gezer. <\/p>\n","protected":false},"excerpt":{"rendered":"<p>K\u0130TAP HAKKINDA: En genel anlamda tehdidin yoklu\u011fu ya da g\u00fcvende olmak olarak tan\u0131mlanan g\u00fcvenlik kavram\u0131 ile ilgili Uluslararas\u0131 \u0130li\u015fkiler disiplini i\u00e7erisinde dahi herkesin hemfikir oldu\u011fu bir<span class=\"excerpt-hellip\"> [\u2026]<\/span><\/p>\n","protected":false},"featured_media":0,"template":"","meta":{"_monsterinsights_skip_tracking":false,"_monsterinsights_sitenote_active":false,"_monsterinsights_sitenote_note":"","_monsterinsights_sitenote_category":0},"product_brand":[],"product_cat":[13059,12337],"product_tag":[],"class_list":{"0":"post-740620","1":"product","2":"type-product","3":"status-publish","5":"product_cat-diger-politika-siyaset","6":"product_cat-politika-siyaset","7":"pa_cilt-ciltsiz","8":"pa_tur-kitap","9":"pa_yayinevi-istanbul-bilgi-universitesi-yayinlari","10":"pa_yazar-istanbul-bilgi-universitesi-yayinlari-kolektif","12":"first","13":"instock","14":"sale","15":"shipping-taxable","16":"purchasable","17":"product-type-simple"},"_links":{"self":[{"href":"https:\/\/roveyayinevi.com.tr\/index.php\/wp-json\/wp\/v2\/product\/740620","targetHints":{"allow":["GET"]}}],"collection":[{"href":"https:\/\/roveyayinevi.com.tr\/index.php\/wp-json\/wp\/v2\/product"}],"about":[{"href":"https:\/\/roveyayinevi.com.tr\/index.php\/wp-json\/wp\/v2\/types\/product"}],"wp:attachment":[{"href":"https:\/\/roveyayinevi.com.tr\/index.php\/wp-json\/wp\/v2\/media?parent=740620"}],"wp:term":[{"taxonomy":"product_brand","embeddable":true,"href":"https:\/\/roveyayinevi.com.tr\/index.php\/wp-json\/wp\/v2\/product_brand?post=740620"},{"taxonomy":"product_cat","embeddable":true,"href":"https:\/\/roveyayinevi.com.tr\/index.php\/wp-json\/wp\/v2\/product_cat?post=740620"},{"taxonomy":"product_tag","embeddable":true,"href":"https:\/\/roveyayinevi.com.tr\/index.php\/wp-json\/wp\/v2\/product_tag?post=740620"}],"curies":[{"name":"wp","href":"https:\/\/api.w.org\/{rel}","templated":true}]}}