{"id":740617,"date":"2025-08-28T00:30:48","date_gmt":"2025-08-27T21:30:48","guid":{"rendered":"https:\/\/roveyayinevi.com.tr\/index.php\/urun\/curume\/"},"modified":"2026-04-03T02:56:02","modified_gmt":"2026-04-02T23:56:02","slug":"curume","status":"publish","type":"product","link":"https:\/\/roveyayinevi.com.tr\/index.php\/urun\/curume\/","title":{"rendered":"\u00c7\u00fcr\u00fcme"},"content":{"rendered":"<p>Evet, durmak bir \u00f6l\u00fcm \u00e7e\u015fididir. Yani bir \u015feylerin de\u011fi\u015fmeyi durdurdu\u011fu huzurlu hayat \u00e7\u00fcr\u00fcmedir. Ama yok olmamak i\u00e7in \u00e7\u0131rp\u0131nmak, ac\u0131 ile g\u00fc\u00e7lenmek, \u00e7\u0131\u011fl\u0131k atmak ve hatta can \u00e7eki\u015fmek, ya\u015famakt\u0131r. Ya\u015famak i\u00e7in geldik, \u00e7\u00fcr\u00fcmek i\u00e7in de\u011fil. Koca koca demirleri denizlerin alt\u0131nda, \u00fcst\u00fcnde, bulutlar\u0131n i\u00e7inde y\u00fcr\u00fcten biziz. Bir ufac\u0131k noktac\u0131\u011fa bin kitab\u0131 s\u0131\u011fd\u0131r\u0131yor bir yan\u0131m\u0131z. Bir yan\u0131m\u0131z k\u00fct\u00fcphaneleri yak\u0131yor, hamile kad\u0131nlar\u0131n karn\u0131n\u0131 de\u015fiyor. Vah\u015fiyiz! Do\u011fa tarihinin hi\u00e7 g\u00f6rmedi\u011fi kadar hem de. Hamam b\u00f6cekleri gibi \u00fcr\u00fcyor, \u00e7ekirge gibi t\u00fcketiyoruz. Domuzlar gibi ya\u015f\u0131yor ve birbirimizi \u00e7eki\u015ftiriyoruz. Bombo\u015f \u00e7o\u011fumuzun kafatas\u0131 ve \u00e7o\u011fumuzunki de \u00e7amurla dolu. Bir de i\u015fin garibi, kendimizi en \u00fcst\u00fcn filan san\u0131yoruz do\u011fada. En \u00e7ok bu lafa parmak \u0131s\u0131r\u0131yor do\u011fa. Buraya geldi\u011fimizden beri ka\u00e7 canl\u0131n\u0131n soyunu t\u00fckettik belli de\u011fil. Yoluna giden gergedan\u0131 boynuzu i\u00e7in \u00f6ld\u00fcrd\u00fck, fili di\u015fi i\u00e7in, k\u00fcrk\u00fc i\u00e7in foku ve zevk i\u00e7in ku\u015fu! Biz neyiz? D\u00fcnyan\u0131n sonu! Bazen anlam ac\u0131 verir, bazen de ac\u0131ya anlam y\u00fcklenir ama her ikisi de \u00e7\u00fcr\u00fct\u00fcr. Yazar \u00d6zge\u00e7mi\u015fi Emre Timur Mimar, yazar, e\u011fitmen. Felsefe, psikoloji, edebiyat ve sanatla ilgilenmektedir. Bas\u0131l\u0131 ilk eseri Palya\u00e7onun Listesi\u2019dir. \u015eizofren, \u00d6tekiler, Us, Mimesis kitaplar\u0131n\u0131n yazar\u0131d\u0131r. Profesyonel meslek ya\u015fam\u0131na \u0130zmir\u2019de devam etmektedir. emretimur emretimur.com<\/p>\n","protected":false},"excerpt":{"rendered":"<p>Evet, durmak bir \u00f6l\u00fcm \u00e7e\u015fididir. Yani bir \u015feylerin de\u011fi\u015fmeyi durdurdu\u011fu huzurlu hayat \u00e7\u00fcr\u00fcmedir. Ama yok olmamak i\u00e7in \u00e7\u0131rp\u0131nmak, ac\u0131 ile g\u00fc\u00e7lenmek, \u00e7\u0131\u011fl\u0131k atmak ve hatta can<span class=\"excerpt-hellip\"> [\u2026]<\/span><\/p>\n","protected":false},"featured_media":0,"template":"","meta":{"_monsterinsights_skip_tracking":false,"_monsterinsights_sitenote_active":false,"_monsterinsights_sitenote_note":"","_monsterinsights_sitenote_category":0},"product_brand":[],"product_cat":[12291,12711],"product_tag":[],"class_list":{"0":"post-740617","1":"product","2":"type-product","3":"status-publish","5":"product_cat-edebiyat","6":"product_cat-roman-oyku","7":"pa_cilt-ciltsiz","8":"pa_tur-kitap","9":"pa_yayinevi-inkilap-kitabevi","10":"pa_yazar-emre-timur","12":"first","13":"instock","14":"sale","15":"shipping-taxable","16":"purchasable","17":"product-type-simple"},"_links":{"self":[{"href":"https:\/\/roveyayinevi.com.tr\/index.php\/wp-json\/wp\/v2\/product\/740617","targetHints":{"allow":["GET"]}}],"collection":[{"href":"https:\/\/roveyayinevi.com.tr\/index.php\/wp-json\/wp\/v2\/product"}],"about":[{"href":"https:\/\/roveyayinevi.com.tr\/index.php\/wp-json\/wp\/v2\/types\/product"}],"wp:attachment":[{"href":"https:\/\/roveyayinevi.com.tr\/index.php\/wp-json\/wp\/v2\/media?parent=740617"}],"wp:term":[{"taxonomy":"product_brand","embeddable":true,"href":"https:\/\/roveyayinevi.com.tr\/index.php\/wp-json\/wp\/v2\/product_brand?post=740617"},{"taxonomy":"product_cat","embeddable":true,"href":"https:\/\/roveyayinevi.com.tr\/index.php\/wp-json\/wp\/v2\/product_cat?post=740617"},{"taxonomy":"product_tag","embeddable":true,"href":"https:\/\/roveyayinevi.com.tr\/index.php\/wp-json\/wp\/v2\/product_tag?post=740617"}],"curies":[{"name":"wp","href":"https:\/\/api.w.org\/{rel}","templated":true}]}}