{"id":740616,"date":"2025-08-28T00:30:47","date_gmt":"2025-08-27T21:30:47","guid":{"rendered":"https:\/\/roveyayinevi.com.tr\/index.php\/urun\/son-ozan-livaneli\/"},"modified":"2026-04-16T02:51:29","modified_gmt":"2026-04-15T23:51:29","slug":"son-ozan-livaneli","status":"publish","type":"product","link":"https:\/\/roveyayinevi.com.tr\/index.php\/urun\/son-ozan-livaneli\/","title":{"rendered":"Son Ozan Livaneli"},"content":{"rendered":"<p>Niye Son Ozan? Livaneli, yayg\u0131nla\u015fmas\u0131nda halk\u0131n belirleyici oldu\u011fu bir ozan olarak ortaya \u00e7\u0131kt\u0131. Onun \u201cozan\u201d niteli\u011fi, sadece \u015fair-m\u00fczisyen de\u011fil, edebiyatta ve di\u011fer dallarda da \u201chalk\u0131n sanat\u00e7\u0131s\u0131\u201d olmaya kar\u015f\u0131l\u0131k geliyordu. Ve \u00f6ncekilerden farkl\u0131 olarak, medya \u00e7a\u011f\u0131nda varl\u0131\u011f\u0131n\u0131 s\u00fcrd\u00fcrecekti. Yunus, Karacao\u011flan, Pir Sultan&#8230; Halk\u0131n duygular\u0131yla, d\u00fc\u015f\u00fcnceleriyle, hayalleriyle derin ba\u011flar kurabilen b\u00f6yle sanat\u00e7\u0131lar\u0131n yap\u0131tlar\u0131, dilden dile yayg\u0131nla\u015f\u0131yor, ku\u015faktan ku\u015fa\u011fa ya\u015f\u0131yordu. Ses ve g\u00f6r\u00fcnt\u00fc kaydeden, kitaplar\u0131 h\u0131zla basan teknolojiler geli\u015ftik\u00e7e, kaliteli yap\u0131tlar\u0131 insanlara ula\u015ft\u0131rmak kolayla\u015ft\u0131. Dostoyevski, Chaplin, N\u00e2z\u0131m&#8230; Onlar yay\u0131mc\u0131lar arac\u0131l\u0131\u011f\u0131yla yap\u0131tlar\u0131n\u0131 d\u00fcnya halklar\u0131na ula\u015ft\u0131rd\u0131lar. Ne var ki, kitle ileti\u015fimi, k\u0131sa s\u00fcrede bir iktidar bile\u015feni haline geldi. Art\u0131k sanat\u00e7\u0131lar bu arac\u0131lar\u0131n onay\u0131ndan ge\u00e7erek halka ula\u015fabilecekti. Yayg\u0131nla\u015fmak i\u00e7in piyasan\u0131n ve iktidar\u0131n beklentisine uygun olmak gerekiyordu. Livaneli\u2019nin medya i\u00e7indeki varl\u0131\u011f\u0131, kitle ileti\u015fim iktidarlar\u0131na kar\u015f\u0131 bir halk direni\u015fine d\u00f6n\u00fc\u015ft\u00fc. Bu direni\u015f, iktidarlar\u0131n ki\u015filerde i\u00e7selle\u015fti\u011fi internet \u00e7a\u011f\u0131nda da devam ediyor.Yazar \u00d6zge\u00e7mi\u015fi Zafer K\u00f6se \u00d6\u011frencilik hayat\u0131na, bir i\u015f\u00e7i ailesinin \u00e7ocu\u011fu olarak dokuz y\u0131l ya\u015fad\u0131\u011f\u0131 Almanya\u2019da ba\u015flad\u0131. 1992\u2019de Marmara \u00dcniversitesi Teknik E\u011fitim Fak\u00fcltesi\u2019nden mezun oldu. Birg\u00fcn, Vatan, Cumhuriyet, Radikal, Sol, Yurt gazetelerinde, Sanat Cephesi, Nikbinlik, Lacivert, Edebiyat N\u00f6beti, Ba\u011fla\u00e7, Maviada, Kitapeki, Bavul, Masa, Edebiyatist dergilerinde ve internetteki \u0130leri Haber, Ele\u015ftirel K\u00fclt\u00fcr gibi yay\u0131nlarda yazd\u0131. \u0130lk \u00f6yk\u00fc kitab\u0131ndaki \u201cY\u0131llarca\u201d \u00f6yk\u00fcs\u00fc \u201cS\u0131n\u0131r Tan\u0131mayan Kelimeler\u201d (Words Without Borders) olu\u015fumu i\u00e7in \u0130ngilizceye \u00e7evrildi. G\u00f6zden ge\u00e7irilmi\u015f haliyle yeniden okurla bulu\u015fan Son Ozan yazar\u0131n ikinci kitab\u0131d\u0131r. Yazar\u0131n Di\u011fer Kitaplar\u0131: \u0130yili\u011fi D\u00fc\u015f\u00fcnmek, 2020; Yolda, 2020; Neydi O Gelecek Bayramlar, 2020; Livaneli\u2019nin Penceresinden, 2019; Ku\u015f Sesleriyle Direnenler, 2014; Y\u0131llarca, 2012; Sars\u0131lmak, 2009; S\u00f6z \u0130stiyorum, 2006.<\/p>\n","protected":false},"excerpt":{"rendered":"<p>Niye Son Ozan? Livaneli, yayg\u0131nla\u015fmas\u0131nda halk\u0131n belirleyici oldu\u011fu bir ozan olarak ortaya \u00e7\u0131kt\u0131. Onun \u201cozan\u201d niteli\u011fi, sadece \u015fair-m\u00fczisyen de\u011fil, edebiyatta ve di\u011fer dallarda da \u201chalk\u0131n sanat\u00e7\u0131s\u0131\u201d<span class=\"excerpt-hellip\"> [\u2026]<\/span><\/p>\n","protected":false},"featured_media":0,"template":"","meta":{"_monsterinsights_skip_tracking":false,"_monsterinsights_sitenote_active":false,"_monsterinsights_sitenote_note":"","_monsterinsights_sitenote_category":0},"product_brand":[],"product_cat":[18545,12291],"product_tag":[],"class_list":{"0":"post-740616","1":"product","2":"type-product","3":"status-publish","5":"product_cat-anlati","6":"product_cat-edebiyat","7":"pa_cilt-ciltsiz","8":"pa_tur-kitap","9":"pa_yayinevi-inkilap-kitabevi","10":"pa_yazar-zafer-kose","12":"first","13":"instock","14":"sale","15":"shipping-taxable","16":"purchasable","17":"product-type-simple"},"_links":{"self":[{"href":"https:\/\/roveyayinevi.com.tr\/index.php\/wp-json\/wp\/v2\/product\/740616","targetHints":{"allow":["GET"]}}],"collection":[{"href":"https:\/\/roveyayinevi.com.tr\/index.php\/wp-json\/wp\/v2\/product"}],"about":[{"href":"https:\/\/roveyayinevi.com.tr\/index.php\/wp-json\/wp\/v2\/types\/product"}],"wp:attachment":[{"href":"https:\/\/roveyayinevi.com.tr\/index.php\/wp-json\/wp\/v2\/media?parent=740616"}],"wp:term":[{"taxonomy":"product_brand","embeddable":true,"href":"https:\/\/roveyayinevi.com.tr\/index.php\/wp-json\/wp\/v2\/product_brand?post=740616"},{"taxonomy":"product_cat","embeddable":true,"href":"https:\/\/roveyayinevi.com.tr\/index.php\/wp-json\/wp\/v2\/product_cat?post=740616"},{"taxonomy":"product_tag","embeddable":true,"href":"https:\/\/roveyayinevi.com.tr\/index.php\/wp-json\/wp\/v2\/product_tag?post=740616"}],"curies":[{"name":"wp","href":"https:\/\/api.w.org\/{rel}","templated":true}]}}