{"id":740615,"date":"2025-08-28T00:30:46","date_gmt":"2025-08-27T21:30:46","guid":{"rendered":"https:\/\/roveyayinevi.com.tr\/index.php\/urun\/cagdas-avrupada-siyasi-fikir-akimlari\/"},"modified":"2026-04-16T02:51:28","modified_gmt":"2026-04-15T23:51:28","slug":"cagdas-avrupada-siyasi-fikir-akimlari","status":"publish","type":"product","link":"https:\/\/roveyayinevi.com.tr\/index.php\/urun\/cagdas-avrupada-siyasi-fikir-akimlari\/","title":{"rendered":"\u00c7a\u011fda\u015f Avrupa\u2019da Siyasi Fikir Ak\u0131mlar\u0131"},"content":{"rendered":"<p>T\u00fcrk Devrimi\u2019nin \u00f6nde gelen d\u00fc\u015f\u00fcn\u00fcr ve eylemcilerinden Yusuf Ak\u00e7ura bu eserinde milliyet, h\u00fcrriyet, e\u015fitlik ve sosyalizm gibi siyas\u00ee ve toplumsal fikir ak\u0131mlar\u0131n\u0131n Bat\u0131l\u0131 ve Do\u011fulu kaynaklar\u0131n\u0131 ve tarihsel geli\u015fimlerini inceliyor. Eser, 1923 y\u0131l\u0131ndaki eski yaz\u0131 ilk bas\u0131m\u0131ndan \u00e7evriyaz\u0131 ve sadele\u015ftirme yoluyla haz\u0131rland\u0131, sonraki bas\u0131mlarda yer alan okuma, sadele\u015ftirme ve yaz\u0131m hatalar\u0131 giderildi.   \u201cKarl Marx\u2019\u0131n eserleri aras\u0131nda en m\u00fchim ve en me\u015fhuru Das Kapital (Sermaye) unvanl\u0131 eseridir. Karl Marx \u00e7a\u011fda\u015f sosyalizmin peygamberi say\u0131lacak olursa, Kapital de onun kitab\u0131d\u0131r. \u00c7ok \u00f6zl\u00fc ve metin, bazen kapal\u0131 ve \u00e7etin yaz\u0131lm\u0131\u015f olan bu kitab\u0131 anlayarak okumak her yi\u011fidin k\u00e2r\u0131 de\u011fildir.\u201d (Yusuf Ak\u00e7ura)     <\/p>\n","protected":false},"excerpt":{"rendered":"<p>T\u00fcrk Devrimi\u2019nin \u00f6nde gelen d\u00fc\u015f\u00fcn\u00fcr ve eylemcilerinden Yusuf Ak\u00e7ura bu eserinde milliyet, h\u00fcrriyet, e\u015fitlik ve sosyalizm gibi siyas\u00ee ve toplumsal fikir ak\u0131mlar\u0131n\u0131n Bat\u0131l\u0131 ve Do\u011fulu kaynaklar\u0131n\u0131<span class=\"excerpt-hellip\"> [\u2026]<\/span><\/p>\n","protected":false},"featured_media":0,"template":"","meta":{"_monsterinsights_skip_tracking":false,"_monsterinsights_sitenote_active":false,"_monsterinsights_sitenote_note":"","_monsterinsights_sitenote_category":0},"product_brand":[],"product_cat":[12312,12304],"product_tag":[],"class_list":{"0":"post-740615","1":"product","2":"type-product","3":"status-publish","5":"product_cat-diger","6":"product_cat-tarih","7":"pa_cilt-ciltsiz","8":"pa_tur-kitap","9":"pa_yayinevi-kaynak-yayinlari","10":"pa_yazar-yusuf-akcura","12":"first","13":"instock","14":"sale","15":"shipping-taxable","16":"purchasable","17":"product-type-simple"},"_links":{"self":[{"href":"https:\/\/roveyayinevi.com.tr\/index.php\/wp-json\/wp\/v2\/product\/740615","targetHints":{"allow":["GET"]}}],"collection":[{"href":"https:\/\/roveyayinevi.com.tr\/index.php\/wp-json\/wp\/v2\/product"}],"about":[{"href":"https:\/\/roveyayinevi.com.tr\/index.php\/wp-json\/wp\/v2\/types\/product"}],"wp:attachment":[{"href":"https:\/\/roveyayinevi.com.tr\/index.php\/wp-json\/wp\/v2\/media?parent=740615"}],"wp:term":[{"taxonomy":"product_brand","embeddable":true,"href":"https:\/\/roveyayinevi.com.tr\/index.php\/wp-json\/wp\/v2\/product_brand?post=740615"},{"taxonomy":"product_cat","embeddable":true,"href":"https:\/\/roveyayinevi.com.tr\/index.php\/wp-json\/wp\/v2\/product_cat?post=740615"},{"taxonomy":"product_tag","embeddable":true,"href":"https:\/\/roveyayinevi.com.tr\/index.php\/wp-json\/wp\/v2\/product_tag?post=740615"}],"curies":[{"name":"wp","href":"https:\/\/api.w.org\/{rel}","templated":true}]}}