{"id":740602,"date":"2025-08-28T00:30:32","date_gmt":"2025-08-27T21:30:32","guid":{"rendered":"https:\/\/roveyayinevi.com.tr\/index.php\/urun\/enkaz-altindakiler\/"},"modified":"2026-04-16T02:51:27","modified_gmt":"2026-04-15T23:51:27","slug":"enkaz-altindakiler","status":"publish","type":"product","link":"https:\/\/roveyayinevi.com.tr\/index.php\/urun\/enkaz-altindakiler\/","title":{"rendered":"Enkaz Alt\u0131ndakiler"},"content":{"rendered":"<p>K\u0131r\u0131k  aynan\u0131n ayr\u0131lm\u0131\u015f par\u00e7alar\u0131nda birlikteydik. Birlikte ve  parampar\u00e7ayd\u0131k.   \u201cG\u00f6zlerinizi a\u00e7t\u0131\u011f\u0131n\u0131zda y\u0131k\u0131lm\u0131\u015f bir evde uyanacaks\u0131n\u0131z. Tek \u00e7\u0131k\u0131\u015f yolunuz yerin alt\u0131nda. Kendinizi buldu\u011funuz \u00e7\u0131k\u0131\u015f noktas\u0131 her bir yan\u0131 kameralarla \u00e7evrili, her yeri izlenen bir platonun i\u00e7inde. Tek amac\u0131n\u0131z ise alandaki ipu\u00e7lar\u0131n\u0131 takip edip evleri bulmak. T\u00fcm yar\u0131\u015fmac\u0131lar evleri buldu\u011fu an kazanan belirlenmi\u015f olacak.  \u00d6yleyse, sizi kaybetmemizi ister misiniz?\u201d   Kumru, Uraz, Nisan, Eren ve Bulut\u2026 Farkl\u0131 hayalleri olan ve birbirine yabanc\u0131 be\u015f gen\u00e7\u2026 Enkaz Alt\u0131ndakiler isimli s\u0131rad\u0131\u015f\u0131 bir televizyon yar\u0131\u015fmas\u0131na ba\u015fvurarak inan\u0131lmaz bir deneyime ad\u0131m atarlar. Ancak ortaya \u00e7\u0131kan beklenmedik geli\u015fmelerle hayatlar\u0131 derinden sars\u0131lacak ve unutamayacaklar\u0131 bir yolculu\u011fa \u00e7\u0131kacaklard\u0131r\u2026      &#8220;Ben Kumru Sonat; buraya benim, senin, bizim, enkaz alt\u0131ndakilerin hik\u00e2yesini anlatmaya geldim.  Sen de enkaz alt\u0131ndas\u0131n,  fark\u0131nda de\u011fil misin?&#8221; <\/p>\n","protected":false},"excerpt":{"rendered":"<p>K\u0131r\u0131k aynan\u0131n ayr\u0131lm\u0131\u015f par\u00e7alar\u0131nda birlikteydik. Birlikte ve parampar\u00e7ayd\u0131k. \u201cG\u00f6zlerinizi a\u00e7t\u0131\u011f\u0131n\u0131zda y\u0131k\u0131lm\u0131\u015f bir evde uyanacaks\u0131n\u0131z. Tek \u00e7\u0131k\u0131\u015f yolunuz yerin alt\u0131nda. Kendinizi buldu\u011funuz \u00e7\u0131k\u0131\u015f noktas\u0131 her bir yan\u0131<span class=\"excerpt-hellip\"> [\u2026]<\/span><\/p>\n","protected":false},"featured_media":0,"template":"","meta":{"_monsterinsights_skip_tracking":false,"_monsterinsights_sitenote_active":false,"_monsterinsights_sitenote_note":"","_monsterinsights_sitenote_category":0},"product_brand":[],"product_cat":[12291,12711],"product_tag":[],"class_list":{"0":"post-740602","1":"product","2":"type-product","3":"status-publish","5":"product_cat-edebiyat","6":"product_cat-roman-oyku","7":"pa_cilt-ciltsiz","8":"pa_tur-kitap","9":"pa_yayinevi-indigo-kitap","10":"pa_yazar-beyza-alkoc","12":"first","13":"instock","14":"sale","15":"shipping-taxable","16":"purchasable","17":"product-type-simple"},"_links":{"self":[{"href":"https:\/\/roveyayinevi.com.tr\/index.php\/wp-json\/wp\/v2\/product\/740602","targetHints":{"allow":["GET"]}}],"collection":[{"href":"https:\/\/roveyayinevi.com.tr\/index.php\/wp-json\/wp\/v2\/product"}],"about":[{"href":"https:\/\/roveyayinevi.com.tr\/index.php\/wp-json\/wp\/v2\/types\/product"}],"wp:attachment":[{"href":"https:\/\/roveyayinevi.com.tr\/index.php\/wp-json\/wp\/v2\/media?parent=740602"}],"wp:term":[{"taxonomy":"product_brand","embeddable":true,"href":"https:\/\/roveyayinevi.com.tr\/index.php\/wp-json\/wp\/v2\/product_brand?post=740602"},{"taxonomy":"product_cat","embeddable":true,"href":"https:\/\/roveyayinevi.com.tr\/index.php\/wp-json\/wp\/v2\/product_cat?post=740602"},{"taxonomy":"product_tag","embeddable":true,"href":"https:\/\/roveyayinevi.com.tr\/index.php\/wp-json\/wp\/v2\/product_tag?post=740602"}],"curies":[{"name":"wp","href":"https:\/\/api.w.org\/{rel}","templated":true}]}}