{"id":740599,"date":"2025-08-28T00:30:29","date_gmt":"2025-08-27T21:30:29","guid":{"rendered":"https:\/\/roveyayinevi.com.tr\/index.php\/urun\/komsu-kizi-hijyen\/"},"modified":"2026-04-16T02:51:27","modified_gmt":"2026-04-15T23:51:27","slug":"komsu-kizi-hijyen","status":"publish","type":"product","link":"https:\/\/roveyayinevi.com.tr\/index.php\/urun\/komsu-kizi-hijyen\/","title":{"rendered":"Kom\u015fu K\u0131z\u0131 Hijyen"},"content":{"rendered":"<p>Elinizden evinize kadar hijyen&#8230;   Ne d\u00fcnyay\u0131 \u201ctemizlemek\u201d gibi bir iddiam\u0131z ne de bunu yapabilecek sihirli bir g\u00fcc\u00fcm\u00fcz var.   \u00dcstelik sa\u011fl\u0131kl\u0131 ya\u015fam\u0131 b\u00f6lgesel veya k\u00fcresel \u00f6l\u00e7ekte etkileyen, hatta tehdit eden salg\u0131nlar da d\u00fcnyam\u0131z\u0131n bir ger\u00e7e\u011fi olarak kar\u015f\u0131m\u0131zda.   Ancak daha temiz, rahat, g\u00fcvenli, ya\u015fan\u0131l\u0131r ve s\u00fcrd\u00fcr\u00fclebilir bir d\u00fcnya i\u00e7in elimizde az\u0131msanmayacak bir f\u0131rsat ve imk\u00e2n, \u00fcst\u00fcm\u00fczde de bir \u00f6dev var. \u015eimdi bunlar\u0131 harekete ge\u00e7irme ve fark\u0131ndal\u0131\u011f\u0131m\u0131z\u0131 art\u0131rma zaman\u0131\u2026   \u00d6zellikle Covid salg\u0131n\u0131 d\u00f6neminde hijyen bilinci her zamankinden daha \u00f6nemli hale gelirken bu konudaki eksikliklerimiz ve yanl\u0131\u015f bildiklerimiz de g\u00fcn y\u00fcz\u00fcne \u00e7\u0131kt\u0131. Do\u011fru ile yanl\u0131\u015f, tedbir ile vesvese, rehavet ile risk  birbirine kar\u0131\u015ft\u0131\u2026   \u0130\u015fte bu kitap hijyen konusundaki fark\u0131ndal\u0131\u011f\u0131 art\u0131rma ve ihtiya\u00e7lar\u0131 kar\u015f\u0131lama d\u00fc\u015f\u00fcncesiyle, her biri birbirinden ba\u011f\u0131ms\u0131z \u201cmakale\u201d tad\u0131ndaki yaz\u0131lar\u0131n bir araya toplanmas\u0131yla olu\u015ftu. \u00c7ama\u015f\u0131r hijyeninden bina bak\u0131m\u0131na, mutfak dezenfeksiyonundan hal\u0131lar\u0131n temizli\u011fine kadar g\u00fcnl\u00fck hayat\u0131 kolayla\u015ft\u0131racak pek \u00e7ok bilgi i\u00e7eriyor.  Kolay ve keyifle okunmas\u0131, hat\u0131rda kalmas\u0131, ilham vermesi amac\u0131yla yaz\u0131ld\u0131. <\/p>\n","protected":false},"excerpt":{"rendered":"<p>Elinizden evinize kadar hijyen&#8230; Ne d\u00fcnyay\u0131 \u201ctemizlemek\u201d gibi bir iddiam\u0131z ne de bunu yapabilecek sihirli bir g\u00fcc\u00fcm\u00fcz var. \u00dcstelik sa\u011fl\u0131kl\u0131 ya\u015fam\u0131 b\u00f6lgesel veya k\u00fcresel \u00f6l\u00e7ekte etkileyen,<span class=\"excerpt-hellip\"> [\u2026]<\/span><\/p>\n","protected":false},"featured_media":0,"template":"","meta":{"_monsterinsights_skip_tracking":false,"_monsterinsights_sitenote_active":false,"_monsterinsights_sitenote_note":"","_monsterinsights_sitenote_category":0},"product_brand":[],"product_cat":[12777,12291],"product_tag":[],"class_list":{"0":"post-740599","1":"product","2":"type-product","3":"status-publish","5":"product_cat-deneme","6":"product_cat-edebiyat","7":"pa_cilt-ciltsiz","8":"pa_tur-kitap","9":"pa_yayinevi-dogan-solibri-yayinlari","10":"pa_yazar-velaaddin-kilic","12":"first","13":"instock","14":"sale","15":"shipping-taxable","16":"purchasable","17":"product-type-simple"},"_links":{"self":[{"href":"https:\/\/roveyayinevi.com.tr\/index.php\/wp-json\/wp\/v2\/product\/740599","targetHints":{"allow":["GET"]}}],"collection":[{"href":"https:\/\/roveyayinevi.com.tr\/index.php\/wp-json\/wp\/v2\/product"}],"about":[{"href":"https:\/\/roveyayinevi.com.tr\/index.php\/wp-json\/wp\/v2\/types\/product"}],"wp:attachment":[{"href":"https:\/\/roveyayinevi.com.tr\/index.php\/wp-json\/wp\/v2\/media?parent=740599"}],"wp:term":[{"taxonomy":"product_brand","embeddable":true,"href":"https:\/\/roveyayinevi.com.tr\/index.php\/wp-json\/wp\/v2\/product_brand?post=740599"},{"taxonomy":"product_cat","embeddable":true,"href":"https:\/\/roveyayinevi.com.tr\/index.php\/wp-json\/wp\/v2\/product_cat?post=740599"},{"taxonomy":"product_tag","embeddable":true,"href":"https:\/\/roveyayinevi.com.tr\/index.php\/wp-json\/wp\/v2\/product_tag?post=740599"}],"curies":[{"name":"wp","href":"https:\/\/api.w.org\/{rel}","templated":true}]}}