{"id":740595,"date":"2025-08-28T00:30:24","date_gmt":"2025-08-27T21:30:24","guid":{"rendered":"https:\/\/roveyayinevi.com.tr\/index.php\/urun\/hayatin-kaynagi\/"},"modified":"2026-04-16T02:51:27","modified_gmt":"2026-04-15T23:51:27","slug":"hayatin-kaynagi","status":"publish","type":"product","link":"https:\/\/roveyayinevi.com.tr\/index.php\/urun\/hayatin-kaynagi\/","title":{"rendered":"Hayat\u0131n Kayna\u011f\u0131"},"content":{"rendered":"<p>Hayat\u0131n Kayna\u011f\u0131 K\u0131sa \u00d6zet HAYATIN KAYNA\u011eI Objektivizmin tohumlar\u0131n\u0131 eken ve Ayn Rand?a uluslararas\u0131 \u00fcn kazand\u0131ran edebiyat eseri. Bu modern klasik, karakteri granit kadar sa\u011flam, hi\u00e7bir \u015fekilde uzla\u015fmaya yana\u015fmayan gen\u00e7 mimar Howard Roark?un hik\u00e2yesi. Ve inan\u0131lmaz derecede g\u00fczel ve tutkuyla Roark?a \u00e2\u015f\u0131k oldu\u011fu halde onun en b\u00fcy\u00fck d\u00fc\u015fman\u0131yla evlenen Dominique Francon?un? Ayn\u0131 zamanda muhte\u015fem bir dehaya sinirlenen \u00f6fkeli kalabal\u0131klar\u0131n \u00e7\u0131lg\u0131n ithamlar\u0131n\u0131n? \u0130lk bas\u0131ld\u0131\u011f\u0131 g\u00fcndeki tazeli\u011fini ve \u00f6nemini koruyan, Ayn Rand?\u0131n bu k\u0131\u015fk\u0131rt\u0131c\u0131 roman\u0131 edebiyat tarihinin en b\u00fcy\u00fck iddialar\u0131ndan birini sunuyor: \u0130nsan\u0131n egosu ilerlemenin ve hayat\u0131n kayna\u011f\u0131d\u0131r. ?\u00c7ok g\u00fc\u00e7l\u00fc bir yazar. \u0130ncelikli ve d\u00e2hi bir zihni var; i\u011fneleyici, parlak ve muhte\u015fem bir kaleme sahip? Amerikal\u0131 bir kad\u0131n\u0131n yazd\u0131\u011f\u0131 tek fikirsel kitap olabilir.? The New York Times<\/p>\n","protected":false},"excerpt":{"rendered":"<p>Hayat\u0131n Kayna\u011f\u0131 K\u0131sa \u00d6zet HAYATIN KAYNA\u011eI Objektivizmin tohumlar\u0131n\u0131 eken ve Ayn Rand?a uluslararas\u0131 \u00fcn kazand\u0131ran edebiyat eseri. Bu modern klasik, karakteri granit kadar sa\u011flam, hi\u00e7bir \u015fekilde<span class=\"excerpt-hellip\"> [\u2026]<\/span><\/p>\n","protected":false},"featured_media":0,"template":"","meta":{"_monsterinsights_skip_tracking":false,"_monsterinsights_sitenote_active":false,"_monsterinsights_sitenote_note":"","_monsterinsights_sitenote_category":0},"product_brand":[],"product_cat":[12291,12711],"product_tag":[],"class_list":{"0":"post-740595","1":"product","2":"type-product","3":"status-publish","5":"product_cat-edebiyat","6":"product_cat-roman-oyku","7":"pa_cilt-ciltsiz","8":"pa_tur-kitap","9":"pa_yayinevi-pegasus-yayinlari","10":"pa_yazar-ayn-rand","12":"first","13":"instock","14":"sale","15":"shipping-taxable","16":"purchasable","17":"product-type-simple"},"_links":{"self":[{"href":"https:\/\/roveyayinevi.com.tr\/index.php\/wp-json\/wp\/v2\/product\/740595","targetHints":{"allow":["GET"]}}],"collection":[{"href":"https:\/\/roveyayinevi.com.tr\/index.php\/wp-json\/wp\/v2\/product"}],"about":[{"href":"https:\/\/roveyayinevi.com.tr\/index.php\/wp-json\/wp\/v2\/types\/product"}],"wp:attachment":[{"href":"https:\/\/roveyayinevi.com.tr\/index.php\/wp-json\/wp\/v2\/media?parent=740595"}],"wp:term":[{"taxonomy":"product_brand","embeddable":true,"href":"https:\/\/roveyayinevi.com.tr\/index.php\/wp-json\/wp\/v2\/product_brand?post=740595"},{"taxonomy":"product_cat","embeddable":true,"href":"https:\/\/roveyayinevi.com.tr\/index.php\/wp-json\/wp\/v2\/product_cat?post=740595"},{"taxonomy":"product_tag","embeddable":true,"href":"https:\/\/roveyayinevi.com.tr\/index.php\/wp-json\/wp\/v2\/product_tag?post=740595"}],"curies":[{"name":"wp","href":"https:\/\/api.w.org\/{rel}","templated":true}]}}