{"id":740589,"date":"2025-08-28T00:30:16","date_gmt":"2025-08-27T21:30:16","guid":{"rendered":"https:\/\/roveyayinevi.com.tr\/index.php\/urun\/kadinin-isigi\/"},"modified":"2026-04-16T02:51:27","modified_gmt":"2026-04-15T23:51:27","slug":"kadinin-isigi","status":"publish","type":"product","link":"https:\/\/roveyayinevi.com.tr\/index.php\/urun\/kadinin-isigi\/","title":{"rendered":"Kad\u0131n\u0131n I\u015f\u0131\u011f\u0131"},"content":{"rendered":"<p>Romain Gary&#8217;den gecenin k\u00f6r karanl\u0131\u011f\u0131nda ar\u015f\u0131nlanan sokaklara geri d\u00f6nenlere, ka\u00e7\u0131n\u0131lmaz bir \u00f6l\u00fcm kar\u015f\u0131s\u0131nda yitip gitmemekte direnenlere, alay\u0131n ve ironinin iktidar\u0131na g\u00f6z k\u0131rpanlara, ama en \u00e7ok da art\u0131k orada olmayan, bir ba\u015fka surette yeniden kar\u015f\u0131la\u015f\u0131laca\u011f\u0131na inan\u0131lan sevgiliyi bekleyenlere bir vasiyet, bir elveda, par\u0131lt\u0131l\u0131 bir aldatmaca: Kad\u0131n\u0131n I\u015f\u0131\u011f\u0131&#8230;\u00c7iseleyen ya\u011fmur alt\u0131nda bir taksinin kap\u0131s\u0131 aralan\u0131r, dalg\u0131n adamla kederli kad\u0131n\u0131n bedenleri, g\u00f6z k\u0131rp\u0131\u015flar\u0131, kederleri \u00e7arp\u0131\u015f\u0131r. Pe\u015fpe\u015fe yuvarlanan kadehlerle diller s\u00fcr\u00e7meye, bellek asla u\u011framamas\u0131 gereken dehlizlere s\u0131zmaya ba\u015flad\u0131\u011f\u0131nda mutsuzluk sarho\u015fu bu iki yabanc\u0131 i\u00e7in \u00f6l\u00fcm\u00fc, h\u00fczn\u00fc ve veday\u0131 birbirlerinin kollar\u0131nda duyumsama vakti gelip \u00e7atm\u0131\u015f demektir. \u00d6l\u00fcmden \u00f6lesiye korkan faniler tarihin en g\u00f6rkemli oyununu, ya\u015fam\u0131n ta kendisini oynamaya ba\u015flar. Tek bir gecede yitirilenler ve yak\u0131p kavuran \u00f6zlem, \u00f6l\u00fcm\u00fcn \u00fczerinde y\u00fckselerek dolar ba\u015fkalar\u0131n\u0131n bo\u015faltt\u0131\u011f\u0131 yerlere&#8230;<\/p>\n","protected":false},"excerpt":{"rendered":"<p>Romain Gary&#8217;den gecenin k\u00f6r karanl\u0131\u011f\u0131nda ar\u015f\u0131nlanan sokaklara geri d\u00f6nenlere, ka\u00e7\u0131n\u0131lmaz bir \u00f6l\u00fcm kar\u015f\u0131s\u0131nda yitip gitmemekte direnenlere, alay\u0131n ve ironinin iktidar\u0131na g\u00f6z k\u0131rpanlara, ama en \u00e7ok da<span class=\"excerpt-hellip\"> [\u2026]<\/span><\/p>\n","protected":false},"featured_media":0,"template":"","meta":{"_monsterinsights_skip_tracking":false,"_monsterinsights_sitenote_active":false,"_monsterinsights_sitenote_note":"","_monsterinsights_sitenote_category":0},"product_brand":[],"product_cat":[12291,12711],"product_tag":[],"class_list":{"0":"post-740589","1":"product","2":"type-product","3":"status-publish","5":"product_cat-edebiyat","6":"product_cat-roman-oyku","7":"pa_cilt-ciltsiz","8":"pa_tur-kitap","9":"pa_yayinevi-sel-yayincilik","10":"pa_yazar-romain-gary","12":"first","13":"instock","14":"sale","15":"shipping-taxable","16":"purchasable","17":"product-type-simple"},"_links":{"self":[{"href":"https:\/\/roveyayinevi.com.tr\/index.php\/wp-json\/wp\/v2\/product\/740589","targetHints":{"allow":["GET"]}}],"collection":[{"href":"https:\/\/roveyayinevi.com.tr\/index.php\/wp-json\/wp\/v2\/product"}],"about":[{"href":"https:\/\/roveyayinevi.com.tr\/index.php\/wp-json\/wp\/v2\/types\/product"}],"wp:attachment":[{"href":"https:\/\/roveyayinevi.com.tr\/index.php\/wp-json\/wp\/v2\/media?parent=740589"}],"wp:term":[{"taxonomy":"product_brand","embeddable":true,"href":"https:\/\/roveyayinevi.com.tr\/index.php\/wp-json\/wp\/v2\/product_brand?post=740589"},{"taxonomy":"product_cat","embeddable":true,"href":"https:\/\/roveyayinevi.com.tr\/index.php\/wp-json\/wp\/v2\/product_cat?post=740589"},{"taxonomy":"product_tag","embeddable":true,"href":"https:\/\/roveyayinevi.com.tr\/index.php\/wp-json\/wp\/v2\/product_tag?post=740589"}],"curies":[{"name":"wp","href":"https:\/\/api.w.org\/{rel}","templated":true}]}}