{"id":740582,"date":"2025-08-28T00:30:08","date_gmt":"2025-08-27T21:30:08","guid":{"rendered":"https:\/\/roveyayinevi.com.tr\/index.php\/urun\/10-adimda-erken-bosalma-tedavisi\/"},"modified":"2026-04-16T02:51:26","modified_gmt":"2026-04-15T23:51:26","slug":"10-adimda-erken-bosalma-tedavisi","status":"publish","type":"product","link":"https:\/\/roveyayinevi.com.tr\/index.php\/urun\/10-adimda-erken-bosalma-tedavisi\/","title":{"rendered":"10 Ad\u0131mda Erken Bo\u015falma Tedavisi"},"content":{"rendered":"<p>Erken Bo\u015falma Tedavisi \u0130\u00e7in Cinsel Terapide uzun s\u00fcredir arzulad\u0131\u011f\u0131n\u0131z partnerinizle g\u00fczel bir ak\u015fam yeme\u011finden sonra nihayet birliktesiniz, her \u015fey \u00e7ok g\u00fczel, ortam m\u00fcsait, her iki taraf da birbirini arzuluyor ama her \u015fey 30 saniyede bitiyor. Kendinizi ve partnerinizi d\u00fc\u015f\u00fcn\u00fcn, saniyelerin, dakikalar\u0131n k\u0131ymetini d\u00fc\u015f\u00fcn\u00fcn. 7 dakika ve \u00fczerinde s\u00fcren bir birliktelik i\u00e7in neler vermezdiniz? Erken bo\u015falma k\u00e2busunu ya\u015famamak elinizde. 10 ad\u0131mda erken bo\u015falma tedavisi ile Seksi Doyas\u0131ya Ya\u015fay\u0131nMutlu Olun Mutlu Edin!Cinsel ili\u015fki s\u0131ras\u0131nda erken bo\u015falmaya bu kitaptaki egzersizleri uygulayarak son verebilir, \u00e7ok daha uzun ve mutlu bir cinsel birliktelik ya\u015fayabilirsiniz.Cinsel sorunla kar\u015f\u0131la\u015fmak ve bunu kabul etmek erkek i\u00e7in kolay de\u011fildir. \u00c7\u00fcnk\u00fc erkekler cinsel performans\u0131 erkekli\u011fin g\u00f6stergesi olarak g\u00f6r\u00fcrler. Erken bo\u015falan erkekler bu durum kar\u015f\u0131s\u0131nda partnerlerinden utan\u0131rlar ve \u00f6z\u00fcr dilerler, bu \u00e7ok yanl\u0131\u015f ve yap\u0131lmamas\u0131 gereken bir davran\u0131\u015ft\u0131r. Ayr\u0131ca, b\u00fct\u00fcn su\u00e7u penislerinde g\u00f6r\u00fcrler ve penisi kontrol edemedikleri i\u00e7in k\u0131zarlar. Oysaki erken bo\u015falmada su\u00e7lu olan penis de\u011fildir, olumsuz d\u00fc\u015f\u00fcncelere ve bili\u015fsel \u00e7arp\u0131tmalara sahip olan beyindir. Bo\u015falmay\u0131 kontrol etme s\u00fcreci ayn\u0131 zamanda en b\u00fcy\u00fck cinsel organ\u0131m\u0131z olan beynimize de kontroll\u00fc olmay\u0131 \u00f6\u011fretme s\u00fcrecidir.De\u011fi\u015fime haz\u0131r m\u0131s\u0131n\u0131z?<\/p>\n","protected":false},"excerpt":{"rendered":"<p>Erken Bo\u015falma Tedavisi \u0130\u00e7in Cinsel Terapide uzun s\u00fcredir arzulad\u0131\u011f\u0131n\u0131z partnerinizle g\u00fczel bir ak\u015fam yeme\u011finden sonra nihayet birliktesiniz, her \u015fey \u00e7ok g\u00fczel, ortam m\u00fcsait, her iki taraf<span class=\"excerpt-hellip\"> [\u2026]<\/span><\/p>\n","protected":false},"featured_media":0,"template":"","meta":{"_monsterinsights_skip_tracking":false,"_monsterinsights_sitenote_active":false,"_monsterinsights_sitenote_note":"","_monsterinsights_sitenote_category":0},"product_brand":[],"product_cat":[16965,13365],"product_tag":[],"class_list":{"0":"post-740582","1":"product","2":"type-product","3":"status-publish","5":"product_cat-genel-saglik-kitaplari","6":"product_cat-saglik","7":"pa_cilt-ciltsiz","8":"pa_tur-kitap","9":"pa_yayinevi-pusula-yayinevi-ankara","10":"pa_yazar-kolektif","12":"first","13":"instock","14":"sale","15":"shipping-taxable","16":"purchasable","17":"product-type-simple"},"_links":{"self":[{"href":"https:\/\/roveyayinevi.com.tr\/index.php\/wp-json\/wp\/v2\/product\/740582","targetHints":{"allow":["GET"]}}],"collection":[{"href":"https:\/\/roveyayinevi.com.tr\/index.php\/wp-json\/wp\/v2\/product"}],"about":[{"href":"https:\/\/roveyayinevi.com.tr\/index.php\/wp-json\/wp\/v2\/types\/product"}],"wp:attachment":[{"href":"https:\/\/roveyayinevi.com.tr\/index.php\/wp-json\/wp\/v2\/media?parent=740582"}],"wp:term":[{"taxonomy":"product_brand","embeddable":true,"href":"https:\/\/roveyayinevi.com.tr\/index.php\/wp-json\/wp\/v2\/product_brand?post=740582"},{"taxonomy":"product_cat","embeddable":true,"href":"https:\/\/roveyayinevi.com.tr\/index.php\/wp-json\/wp\/v2\/product_cat?post=740582"},{"taxonomy":"product_tag","embeddable":true,"href":"https:\/\/roveyayinevi.com.tr\/index.php\/wp-json\/wp\/v2\/product_tag?post=740582"}],"curies":[{"name":"wp","href":"https:\/\/api.w.org\/{rel}","templated":true}]}}