{"id":740574,"date":"2025-08-28T00:29:56","date_gmt":"2025-08-27T21:29:56","guid":{"rendered":"https:\/\/roveyayinevi.com.tr\/index.php\/urun\/dedemin-sevgilisi\/"},"modified":"2026-04-16T02:51:26","modified_gmt":"2026-04-15T23:51:26","slug":"dedemin-sevgilisi","status":"publish","type":"product","link":"https:\/\/roveyayinevi.com.tr\/index.php\/urun\/dedemin-sevgilisi\/","title":{"rendered":"Dedemin Sevgilisi"},"content":{"rendered":"<p>Sevmenin ve sevilmenin ya\u015f\u0131 yoktur!Hilal G\u00fcrsu&#8217;nun yaz\u0131p M\u00fcjde Ba\u015fkale&#8217;nin resimledi\u011fi Dedemin Sevgilisi, okurun karn\u0131nda kelebekler u\u00e7u\u015fturacak, sevgiyle \u00f6r\u00fclm\u00fc\u015f, s\u0131cac\u0131k bir anlat\u0131. En b\u00fcy\u00fck dayana\u011f\u0131 biricik dedesi olan sekiz ya\u015f\u0131ndaki Cudi&#8217;nin k\u00fc\u00e7\u00fck afacanl\u0131klar, zamans\u0131z kovalamacalar ve yanl\u0131\u015f anla\u015f\u0131lmalarla dolu hayat\u0131ndan reng\u00e2renk bir kesit payla\u015fan roman, \u00e7ocuklar\u0131n i\u00e7 d\u00fcnyas\u0131na a\u00e7\u0131lan kap\u0131lar\u0131 c\u00f6mert\u00e7e aral\u0131yor. Ya\u015fl\u0131lar\u0131n bug\u00fcn\u00fc ya\u015fama arzusu ile gelecek kayg\u0131lar\u0131n\u0131 saf duygularla ele alan kitap, ba\u015flarda \u00f6nyarg\u0131yla kar\u015f\u0131lanan kimi durumlar\u0131n ileride g\u00fczel geli\u015fmelere neden olabilece\u011fini duyumsat\u0131yor. Dedemin kalbi p\u0131r p\u0131r at\u0131yor&#8230;Dedesiyle birlikte ya\u015fayan ve bo\u015f zamanlar\u0131n\u0131 can dostu Ferdi ile g\u00f6n\u00fcll\u00fc hayvan kurtar\u0131c\u0131l\u0131\u011f\u0131 yaparak ge\u00e7iren Cudi&#8217;nin hayat\u0131 her \u00e7ocu\u011funki gibidir. Ta ki o hi\u00e7 beklenmedik haberle duygu d\u00fcnyas\u0131 alt\u00fcst olana de\u011fin: Kimselerle payla\u015fmaya k\u0131yamad\u0131\u011f\u0131 dedesinin art\u0131k bir sevgilisi vard\u0131r. Cudi, ya\u015fl\u0131 insanlar\u0131n sevgilisi olamaz, diye d\u00fc\u015f\u00fcnse de dedesi onunla hemfikir de\u011fildir. \u0130kinci bahar\u0131n\u0131 ya\u015fayan dedesinin kalbi p\u0131r p\u0131r atarken Cudi&#8217;nin akl\u0131 t\u00fcrl\u00fc planla me\u015fguld\u00fcr. Her \u015feyden \u00f6nce, evlerinde bir yabanc\u0131ya yer a\u00e7maya hi\u00e7 ama hi\u00e7 niyeti yoktur. Ne etraf\u0131 mis gibi saran yemek kokular\u0131 ne de dedesinin tatl\u0131 s\u00f6zleri onu bu karar\u0131ndan al\u0131koyabilecektir. Peki ama Cudi, sevginin s\u0131n\u0131r tan\u0131mazl\u0131\u011f\u0131na kar\u015f\u0131 nas\u0131l direnecektir?Kalbinin sesini dinlerken bazen \u00fcz\u00fclen bazen de \u00fczen Cudi&#8217;nin ger\u00e7e\u011fi kabullenme ve olgunla\u015fma hik\u00e2yesini sayfalar\u0131na ta\u015f\u0131yan bu samimi roman; sevginin birle\u015ftirici, iyile\u015ftirici ve d\u00f6n\u00fc\u015ft\u00fcr\u00fcc\u00fc g\u00fcc\u00fcne vurgu yap\u0131yor.  Ya\u015fl\u0131lar\u0131n \u00e7ekti\u011fi yaln\u0131zl\u0131k hissini \u00e7ocuksu bir safl\u0131kla oda\u011f\u0131na alan Dedemin Sevgilisi, sevmenin ve sevilmenin ya\u015f\u0131 olmad\u0131\u011f\u0131na de\u011finirken i\u00e7imizi ya\u015fama sevinciyle dolduruyor.  <\/p>\n","protected":false},"excerpt":{"rendered":"<p>Sevmenin ve sevilmenin ya\u015f\u0131 yoktur!Hilal G\u00fcrsu&#8217;nun yaz\u0131p M\u00fcjde Ba\u015fkale&#8217;nin resimledi\u011fi Dedemin Sevgilisi, okurun karn\u0131nda kelebekler u\u00e7u\u015fturacak, sevgiyle \u00f6r\u00fclm\u00fc\u015f, s\u0131cac\u0131k bir anlat\u0131. En b\u00fcy\u00fck dayana\u011f\u0131 biricik dedesi<span class=\"excerpt-hellip\"> [\u2026]<\/span><\/p>\n","protected":false},"featured_media":0,"template":"","meta":{"_monsterinsights_skip_tracking":false,"_monsterinsights_sitenote_active":false,"_monsterinsights_sitenote_note":"","_monsterinsights_sitenote_category":0},"product_brand":[],"product_cat":[12274,12284],"product_tag":[],"class_list":{"0":"post-740574","1":"product","2":"type-product","3":"status-publish","5":"product_cat-cocuk-ve-genclik-kitaplari","6":"product_cat-hikayeler","7":"pa_cilt-ciltsiz","8":"pa_tur-kitap","9":"pa_yayinevi-tudem-yayinlari","10":"pa_yazar-hilal-gursu","12":"first","13":"instock","14":"sale","15":"shipping-taxable","16":"purchasable","17":"product-type-simple"},"_links":{"self":[{"href":"https:\/\/roveyayinevi.com.tr\/index.php\/wp-json\/wp\/v2\/product\/740574","targetHints":{"allow":["GET"]}}],"collection":[{"href":"https:\/\/roveyayinevi.com.tr\/index.php\/wp-json\/wp\/v2\/product"}],"about":[{"href":"https:\/\/roveyayinevi.com.tr\/index.php\/wp-json\/wp\/v2\/types\/product"}],"wp:attachment":[{"href":"https:\/\/roveyayinevi.com.tr\/index.php\/wp-json\/wp\/v2\/media?parent=740574"}],"wp:term":[{"taxonomy":"product_brand","embeddable":true,"href":"https:\/\/roveyayinevi.com.tr\/index.php\/wp-json\/wp\/v2\/product_brand?post=740574"},{"taxonomy":"product_cat","embeddable":true,"href":"https:\/\/roveyayinevi.com.tr\/index.php\/wp-json\/wp\/v2\/product_cat?post=740574"},{"taxonomy":"product_tag","embeddable":true,"href":"https:\/\/roveyayinevi.com.tr\/index.php\/wp-json\/wp\/v2\/product_tag?post=740574"}],"curies":[{"name":"wp","href":"https:\/\/api.w.org\/{rel}","templated":true}]}}