{"id":740573,"date":"2025-08-28T00:29:56","date_gmt":"2025-08-27T21:29:56","guid":{"rendered":"https:\/\/roveyayinevi.com.tr\/index.php\/urun\/elastik-direnc-bantlari\/"},"modified":"2026-04-16T02:51:26","modified_gmt":"2026-04-15T23:51:26","slug":"elastik-direnc-bantlari","status":"publish","type":"product","link":"https:\/\/roveyayinevi.com.tr\/index.php\/urun\/elastik-direnc-bantlari\/","title":{"rendered":"Elastik Diren\u00e7 Bantlar\u0131"},"content":{"rendered":"<p>1. B\u00d6L\u00dcM KUVVET ANTRENMANI G\u0130R\u0130\u015e KUVVET ANTRENMANLARI SONRASI OLU\u015eAN DE\u011e\u0130\u015e\u0130MLER   2. B\u00d6L\u00dcM ELAST\u0130K D\u0130REN\u00c7 BANTLARI G\u0130R\u0130\u015e ELAST\u0130K D\u0130REN\u00c7 BANT EGZERS\u0130Z \u00d6RNEKLER\u0130   <\/p>\n","protected":false},"excerpt":{"rendered":"<p>1. B\u00d6L\u00dcM KUVVET ANTRENMANI G\u0130R\u0130\u015e KUVVET ANTRENMANLARI SONRASI OLU\u015eAN DE\u011e\u0130\u015e\u0130MLER 2. B\u00d6L\u00dcM ELAST\u0130K D\u0130REN\u00c7 BANTLARI G\u0130R\u0130\u015e ELAST\u0130K D\u0130REN\u00c7 BANT EGZERS\u0130Z \u00d6RNEKLER\u0130<\/p>\n","protected":false},"featured_media":0,"template":"","meta":{"_monsterinsights_skip_tracking":false,"_monsterinsights_sitenote_active":false,"_monsterinsights_sitenote_note":"","_monsterinsights_sitenote_category":0},"product_brand":[],"product_cat":[12573,12566],"product_tag":[],"class_list":{"0":"post-740573","1":"product","2":"type-product","3":"status-publish","5":"product_cat-akademik-kitaplar","6":"product_cat-egitim","7":"pa_cilt-ciltsiz","8":"pa_tur-kitap","9":"pa_yayinevi-gazi-kitabevi","10":"pa_yazar-yagmur-kocaoglu","12":"first","13":"instock","14":"sale","15":"shipping-taxable","16":"purchasable","17":"product-type-simple"},"_links":{"self":[{"href":"https:\/\/roveyayinevi.com.tr\/index.php\/wp-json\/wp\/v2\/product\/740573","targetHints":{"allow":["GET"]}}],"collection":[{"href":"https:\/\/roveyayinevi.com.tr\/index.php\/wp-json\/wp\/v2\/product"}],"about":[{"href":"https:\/\/roveyayinevi.com.tr\/index.php\/wp-json\/wp\/v2\/types\/product"}],"wp:attachment":[{"href":"https:\/\/roveyayinevi.com.tr\/index.php\/wp-json\/wp\/v2\/media?parent=740573"}],"wp:term":[{"taxonomy":"product_brand","embeddable":true,"href":"https:\/\/roveyayinevi.com.tr\/index.php\/wp-json\/wp\/v2\/product_brand?post=740573"},{"taxonomy":"product_cat","embeddable":true,"href":"https:\/\/roveyayinevi.com.tr\/index.php\/wp-json\/wp\/v2\/product_cat?post=740573"},{"taxonomy":"product_tag","embeddable":true,"href":"https:\/\/roveyayinevi.com.tr\/index.php\/wp-json\/wp\/v2\/product_tag?post=740573"}],"curies":[{"name":"wp","href":"https:\/\/api.w.org\/{rel}","templated":true}]}}