{"id":740571,"date":"2025-08-28T00:29:53","date_gmt":"2025-08-27T21:29:53","guid":{"rendered":"https:\/\/roveyayinevi.com.tr\/index.php\/urun\/mutluluk-ekonomisi-ve-mutlulugun-makroekonomik-belirleyicileri\/"},"modified":"2026-04-16T02:51:25","modified_gmt":"2026-04-15T23:51:25","slug":"mutluluk-ekonomisi-ve-mutlulugun-makroekonomik-belirleyicileri","status":"publish","type":"product","link":"https:\/\/roveyayinevi.com.tr\/index.php\/urun\/mutluluk-ekonomisi-ve-mutlulugun-makroekonomik-belirleyicileri\/","title":{"rendered":"Mutluluk Ekonomisi ve Mutlulu\u011fun Makroekonomik Belirleyicileri"},"content":{"rendered":"<p>\u0130\u00e7indekiler   B\u0130R\u0130NC\u0130 B\u00d6L\u00dcM MUTLULU\u011eUN TANIMI VE \u0130KT\u0130SAT B\u0130L\u0130M\u0130NDE N\u0130TEL\u0130KSEL YAKLA\u015eIM   \u0130K\u0130NC\u0130 B\u00d6L\u00dcM MUTLULU\u011eUN \u00d6L\u00c7\u00dcLMES\u0130 VE MUTLULU\u011eUN \u00d6L\u00c7\u00dcM\u00dcNDE KULLANILAN G\u00d6STERGELER   \u00dc\u00c7\u00dcNC\u00dc B\u00d6L\u00dcM MUTLULU\u011eU ETK\u0130LEYEN MAKROEKONOM\u0130K UNSURLARIN AMP\u0130R\u0130K ANAL\u0130Z\u0130 <\/p>\n","protected":false},"excerpt":{"rendered":"<p>\u0130\u00e7indekiler B\u0130R\u0130NC\u0130 B\u00d6L\u00dcM MUTLULU\u011eUN TANIMI VE \u0130KT\u0130SAT B\u0130L\u0130M\u0130NDE N\u0130TEL\u0130KSEL YAKLA\u015eIM \u0130K\u0130NC\u0130 B\u00d6L\u00dcM MUTLULU\u011eUN \u00d6L\u00c7\u00dcLMES\u0130 VE MUTLULU\u011eUN \u00d6L\u00c7\u00dcM\u00dcNDE KULLANILAN G\u00d6STERGELER \u00dc\u00c7\u00dcNC\u00dc B\u00d6L\u00dcM MUTLULU\u011eU ETK\u0130LEYEN MAKROEKONOM\u0130K UNSURLARIN AMP\u0130R\u0130K<span class=\"excerpt-hellip\"> [\u2026]<\/span><\/p>\n","protected":false},"featured_media":0,"template":"","meta":{"_monsterinsights_skip_tracking":false,"_monsterinsights_sitenote_active":false,"_monsterinsights_sitenote_note":"","_monsterinsights_sitenote_category":0},"product_brand":[],"product_cat":[12573,12566],"product_tag":[],"class_list":{"0":"post-740571","1":"product","2":"type-product","3":"status-publish","5":"product_cat-akademik-kitaplar","6":"product_cat-egitim","7":"pa_cilt-ciltsiz","8":"pa_tur-kitap","9":"pa_yayinevi-gazi-kitabevi","10":"pa_yazar-tuba-sahinoglu","12":"first","13":"instock","14":"sale","15":"shipping-taxable","16":"purchasable","17":"product-type-simple"},"_links":{"self":[{"href":"https:\/\/roveyayinevi.com.tr\/index.php\/wp-json\/wp\/v2\/product\/740571","targetHints":{"allow":["GET"]}}],"collection":[{"href":"https:\/\/roveyayinevi.com.tr\/index.php\/wp-json\/wp\/v2\/product"}],"about":[{"href":"https:\/\/roveyayinevi.com.tr\/index.php\/wp-json\/wp\/v2\/types\/product"}],"wp:attachment":[{"href":"https:\/\/roveyayinevi.com.tr\/index.php\/wp-json\/wp\/v2\/media?parent=740571"}],"wp:term":[{"taxonomy":"product_brand","embeddable":true,"href":"https:\/\/roveyayinevi.com.tr\/index.php\/wp-json\/wp\/v2\/product_brand?post=740571"},{"taxonomy":"product_cat","embeddable":true,"href":"https:\/\/roveyayinevi.com.tr\/index.php\/wp-json\/wp\/v2\/product_cat?post=740571"},{"taxonomy":"product_tag","embeddable":true,"href":"https:\/\/roveyayinevi.com.tr\/index.php\/wp-json\/wp\/v2\/product_tag?post=740571"}],"curies":[{"name":"wp","href":"https:\/\/api.w.org\/{rel}","templated":true}]}}