{"id":740570,"date":"2025-08-28T00:29:52","date_gmt":"2025-08-27T21:29:52","guid":{"rendered":"https:\/\/roveyayinevi.com.tr\/index.php\/urun\/hizmet-isletmelerinde-sosyal-medya-pazarlamasi-yonetici-uygulamalari\/"},"modified":"2026-04-16T02:51:25","modified_gmt":"2026-04-15T23:51:25","slug":"hizmet-isletmelerinde-sosyal-medya-pazarlamasi-yonetici-uygulamalari","status":"publish","type":"product","link":"https:\/\/roveyayinevi.com.tr\/index.php\/urun\/hizmet-isletmelerinde-sosyal-medya-pazarlamasi-yonetici-uygulamalari\/","title":{"rendered":"Hizmet \u0130\u015fletmelerinde Sosyal Medya Pazarlamas\u0131 Y\u00f6netici Uygulamalar\u0131"},"content":{"rendered":"<p>\u0130\u00e7indekiler   1.      G\u0130R\u0130\u015e 2.      SOSYAL MEDYA 3.      SOSYAL MEDYA PAZARLAMASI 4.      H\u0130ZMET SEKT\u00d6R\u00dcNDE SOSYAL MEDYA PAZARLAMASI 5.      H\u0130ZMET \u0130\u015eLETMELER\u0130NDE SOSYAL MEDYA PAZARLAMASINA Y\u00d6NEL\u0130K Y\u00d6NET\u0130C\u0130 UYGULAMALAR 6.      BULGULAR 7.      SONU\u00c7 VE TARTI\u015eMA <\/p>\n","protected":false},"excerpt":{"rendered":"<p>\u0130\u00e7indekiler 1. G\u0130R\u0130\u015e 2. SOSYAL MEDYA 3. SOSYAL MEDYA PAZARLAMASI 4. H\u0130ZMET SEKT\u00d6R\u00dcNDE SOSYAL MEDYA PAZARLAMASI 5. H\u0130ZMET \u0130\u015eLETMELER\u0130NDE SOSYAL MEDYA PAZARLAMASINA Y\u00d6NEL\u0130K Y\u00d6NET\u0130C\u0130 UYGULAMALAR 6.<span class=\"excerpt-hellip\"> [\u2026]<\/span><\/p>\n","protected":false},"featured_media":0,"template":"","meta":{"_monsterinsights_skip_tracking":false,"_monsterinsights_sitenote_active":false,"_monsterinsights_sitenote_note":"","_monsterinsights_sitenote_category":0},"product_brand":[],"product_cat":[12573,12566],"product_tag":[],"class_list":{"0":"post-740570","1":"product","2":"type-product","3":"status-publish","5":"product_cat-akademik-kitaplar","6":"product_cat-egitim","7":"pa_cilt-ciltsiz","8":"pa_tur-kitap","9":"pa_yayinevi-gazi-kitabevi","10":"pa_yazar-asude-yasemin-zengin","12":"first","13":"instock","14":"sale","15":"shipping-taxable","16":"purchasable","17":"product-type-simple"},"_links":{"self":[{"href":"https:\/\/roveyayinevi.com.tr\/index.php\/wp-json\/wp\/v2\/product\/740570","targetHints":{"allow":["GET"]}}],"collection":[{"href":"https:\/\/roveyayinevi.com.tr\/index.php\/wp-json\/wp\/v2\/product"}],"about":[{"href":"https:\/\/roveyayinevi.com.tr\/index.php\/wp-json\/wp\/v2\/types\/product"}],"wp:attachment":[{"href":"https:\/\/roveyayinevi.com.tr\/index.php\/wp-json\/wp\/v2\/media?parent=740570"}],"wp:term":[{"taxonomy":"product_brand","embeddable":true,"href":"https:\/\/roveyayinevi.com.tr\/index.php\/wp-json\/wp\/v2\/product_brand?post=740570"},{"taxonomy":"product_cat","embeddable":true,"href":"https:\/\/roveyayinevi.com.tr\/index.php\/wp-json\/wp\/v2\/product_cat?post=740570"},{"taxonomy":"product_tag","embeddable":true,"href":"https:\/\/roveyayinevi.com.tr\/index.php\/wp-json\/wp\/v2\/product_tag?post=740570"}],"curies":[{"name":"wp","href":"https:\/\/api.w.org\/{rel}","templated":true}]}}