{"id":740569,"date":"2025-08-28T00:29:51","date_gmt":"2025-08-27T21:29:51","guid":{"rendered":"https:\/\/roveyayinevi.com.tr\/index.php\/urun\/ergenlik-doneminde-beden-egitimi-ve-spora-yatkinlik-ile-sportmenlik\/"},"modified":"2026-04-16T02:51:25","modified_gmt":"2026-04-15T23:51:25","slug":"ergenlik-doneminde-beden-egitimi-ve-spora-yatkinlik-ile-sportmenlik","status":"publish","type":"product","link":"https:\/\/roveyayinevi.com.tr\/index.php\/urun\/ergenlik-doneminde-beden-egitimi-ve-spora-yatkinlik-ile-sportmenlik\/","title":{"rendered":"Ergenlik D\u00f6neminde Beden E\u011fitimi ve Spora Yatk\u0131nl\u0131k ile Sportmenlik"},"content":{"rendered":"<p>\u0130\u00e7indekiler   B\u00d6L\u00dcM 1 \u00b7         G\u0130R\u0130\u015e   B\u00d6L\u00dcM 2 \u00b7         GENEL B\u0130LG\u0130LER \u00b7         ERGENL\u0130K D\u00d6NEM\u0130 \u00b7         E\u011e\u0130T\u0130M \u00b7         OKUL SPORLARI \u00b7         BEDEN E\u011e\u0130T\u0130M\u0130 VE SPOR \u00b7         BEDEN E\u011e\u0130T\u0130M\u0130NE YATKINLIK \u00b7         \u00d6Z YETERL\u0130K \u00b7         TUTUM \u00b7         ET\u0130K \u00b7         AHLAK \u00b7         ET\u0130K VE AHLAK \u0130L\u0130\u015eK\u0130S\u0130 \u00b7         SPORDA ET\u0130K \u00b7         SPORDA AHLAK \u00b7         FA\u0130R PLAY VE SPORTMENL\u0130K BEDEN E\u011e\u0130T\u0130M\u0130 VE SPOR DERS\u0130NDE SPORTMENL\u0130K<\/p>\n","protected":false},"excerpt":{"rendered":"<p>\u0130\u00e7indekiler B\u00d6L\u00dcM 1 \u00b7 G\u0130R\u0130\u015e B\u00d6L\u00dcM 2 \u00b7 GENEL B\u0130LG\u0130LER \u00b7 ERGENL\u0130K D\u00d6NEM\u0130 \u00b7 E\u011e\u0130T\u0130M \u00b7 OKUL SPORLARI \u00b7 BEDEN E\u011e\u0130T\u0130M\u0130 VE SPOR \u00b7 BEDEN E\u011e\u0130T\u0130M\u0130NE<span class=\"excerpt-hellip\"> [\u2026]<\/span><\/p>\n","protected":false},"featured_media":0,"template":"","meta":{"_monsterinsights_skip_tracking":false,"_monsterinsights_sitenote_active":false,"_monsterinsights_sitenote_note":"","_monsterinsights_sitenote_category":0},"product_brand":[],"product_cat":[12573,12566],"product_tag":[],"class_list":{"0":"post-740569","1":"product","2":"type-product","3":"status-publish","5":"product_cat-akademik-kitaplar","6":"product_cat-egitim","7":"pa_cilt-ciltsiz","8":"pa_tur-kitap","9":"pa_yayinevi-gazi-kitabevi","10":"pa_yazar-serhat-turan-gulten-herguner","12":"first","13":"instock","14":"sale","15":"shipping-taxable","16":"purchasable","17":"product-type-simple"},"_links":{"self":[{"href":"https:\/\/roveyayinevi.com.tr\/index.php\/wp-json\/wp\/v2\/product\/740569","targetHints":{"allow":["GET"]}}],"collection":[{"href":"https:\/\/roveyayinevi.com.tr\/index.php\/wp-json\/wp\/v2\/product"}],"about":[{"href":"https:\/\/roveyayinevi.com.tr\/index.php\/wp-json\/wp\/v2\/types\/product"}],"wp:attachment":[{"href":"https:\/\/roveyayinevi.com.tr\/index.php\/wp-json\/wp\/v2\/media?parent=740569"}],"wp:term":[{"taxonomy":"product_brand","embeddable":true,"href":"https:\/\/roveyayinevi.com.tr\/index.php\/wp-json\/wp\/v2\/product_brand?post=740569"},{"taxonomy":"product_cat","embeddable":true,"href":"https:\/\/roveyayinevi.com.tr\/index.php\/wp-json\/wp\/v2\/product_cat?post=740569"},{"taxonomy":"product_tag","embeddable":true,"href":"https:\/\/roveyayinevi.com.tr\/index.php\/wp-json\/wp\/v2\/product_tag?post=740569"}],"curies":[{"name":"wp","href":"https:\/\/api.w.org\/{rel}","templated":true}]}}