{"id":740564,"date":"2025-08-28T00:29:46","date_gmt":"2025-08-27T21:29:46","guid":{"rendered":"https:\/\/roveyayinevi.com.tr\/index.php\/urun\/aykiri-iliskiler\/"},"modified":"2026-04-16T02:51:25","modified_gmt":"2026-04-15T23:51:25","slug":"aykiri-iliskiler","status":"publish","type":"product","link":"https:\/\/roveyayinevi.com.tr\/index.php\/urun\/aykiri-iliskiler\/","title":{"rendered":"Ayk\u0131r\u0131 \u0130li\u015fkiler"},"content":{"rendered":"<p>Yosun uyan\u0131nca, g\u00f6zlerine bakakalan  Zehra\u2019ya bak\u0131p -Sence hissetti\u011fimiz bu  duygunun ad\u0131 ne, diye sordu . Zehra, hi\u00e7 beklemedi\u011fi bu soruya, biraz d\u00fc\u015f\u00fcnd\u00fckten sonra, -Bence a\u015fk . sen ne d\u00fc\u015f\u00fcn\u00fcyorsun ?     Yosun,     -Bence ba\u011fl\u0131l\u0131k&#8230; \u00c7\u00fcnk\u00fc herkesi sevebiliriz, aile yahut arkada\u015f\u0131i herkesi. A\u015fk\u2019a gelirsek!!  Bu genelde kar\u015f\u0131 cinslere \u00f6zg\u00fc erkek ve kad\u0131nlar aras\u0131nda ya\u015fanan bir his. Fakat  bizimkisi istem d\u0131\u015f\u0131, elimizde olmadan ba\u015flayan bir duyguyken, \u015fimdi nefes almak gibi bir ba\u011fl\u0131l\u0131k haline geldi.<\/p>\n","protected":false},"excerpt":{"rendered":"<p>Yosun uyan\u0131nca, g\u00f6zlerine bakakalan Zehra\u2019ya bak\u0131p -Sence hissetti\u011fimiz bu duygunun ad\u0131 ne, diye sordu . Zehra, hi\u00e7 beklemedi\u011fi bu soruya, biraz d\u00fc\u015f\u00fcnd\u00fckten sonra, -Bence a\u015fk .<span class=\"excerpt-hellip\"> [\u2026]<\/span><\/p>\n","protected":false},"featured_media":0,"template":"","meta":{"_monsterinsights_skip_tracking":false,"_monsterinsights_sitenote_active":false,"_monsterinsights_sitenote_note":"","_monsterinsights_sitenote_category":0},"product_brand":[],"product_cat":[12291,12711],"product_tag":[],"class_list":{"0":"post-740564","1":"product","2":"type-product","3":"status-publish","5":"product_cat-edebiyat","6":"product_cat-roman-oyku","7":"pa_cilt-ciltsiz","8":"pa_tur-kitap","9":"pa_yayinevi-platanus-publishing","10":"pa_yazar-firat-akbalik","12":"first","13":"instock","14":"sale","15":"shipping-taxable","16":"purchasable","17":"product-type-simple"},"_links":{"self":[{"href":"https:\/\/roveyayinevi.com.tr\/index.php\/wp-json\/wp\/v2\/product\/740564","targetHints":{"allow":["GET"]}}],"collection":[{"href":"https:\/\/roveyayinevi.com.tr\/index.php\/wp-json\/wp\/v2\/product"}],"about":[{"href":"https:\/\/roveyayinevi.com.tr\/index.php\/wp-json\/wp\/v2\/types\/product"}],"wp:attachment":[{"href":"https:\/\/roveyayinevi.com.tr\/index.php\/wp-json\/wp\/v2\/media?parent=740564"}],"wp:term":[{"taxonomy":"product_brand","embeddable":true,"href":"https:\/\/roveyayinevi.com.tr\/index.php\/wp-json\/wp\/v2\/product_brand?post=740564"},{"taxonomy":"product_cat","embeddable":true,"href":"https:\/\/roveyayinevi.com.tr\/index.php\/wp-json\/wp\/v2\/product_cat?post=740564"},{"taxonomy":"product_tag","embeddable":true,"href":"https:\/\/roveyayinevi.com.tr\/index.php\/wp-json\/wp\/v2\/product_tag?post=740564"}],"curies":[{"name":"wp","href":"https:\/\/api.w.org\/{rel}","templated":true}]}}