{"id":740561,"date":"2025-08-28T00:29:41","date_gmt":"2025-08-27T21:29:41","guid":{"rendered":"https:\/\/roveyayinevi.com.tr\/index.php\/urun\/gunese-dondum-yuzumu\/"},"modified":"2026-04-16T02:51:25","modified_gmt":"2026-04-15T23:51:25","slug":"gunese-dondum-yuzumu","status":"publish","type":"product","link":"https:\/\/roveyayinevi.com.tr\/index.php\/urun\/gunese-dondum-yuzumu\/","title":{"rendered":"G\u00fcne\u015fe D\u00f6nd\u00fcm Y\u00fcz\u00fcm\u00fc"},"content":{"rendered":"<p>Sevgili okurlar\u0131m, i\u00e7imde filizlenen bu \u015fiir ve edebiyat tutkusunu sat\u0131r sat\u0131r sizlere ula\u015ft\u0131rmak istedim. Bu yolculu\u011fa \u00e7\u0131kt\u0131\u011f\u0131mda hen\u00fcz ilkokul \u00fc\u00e7\u00fcnc\u00fc s\u0131n\u0131ftayd\u0131m. 14 ya\u015f\u0131ma kadar i\u00e7imde b\u00fcy\u00fcyen bu sevgiye daha fazla dayanamad\u0131m \u015fiirlerim radyo ve dergilerde yer almaya ba\u015flad\u0131. K\u0131br\u0131s Bayrak radyosundaki \u201cKader\u201d isimli \u015fiirim yay\u0131nland\u0131ktan sonra i\u00e7imdeki yazma hevesi daha \u00e7ok kam\u00e7\u0131land\u0131. Her \u015fey \u00e7ok g\u00fczeldi lakin biriktirip kitap haline getirmek istedi\u011fim \u015fiirlerimi yanl\u0131\u015f ellere teslim edene kadar&#8230; Bu kitab\u0131 \u00e7\u0131kar\u0131rken kaybetti\u011fim \u015fiirlerimi ve yaz\u0131lar\u0131m\u0131n benim i\u00e7in servet de\u011ferinde oldu\u011funu fark ettim. Ya\u015fad\u0131\u011f\u0131m k\u00fclt\u00fcr\u00fcn bir par\u00e7as\u0131 olan \u00e7ocuk ya\u015fta evlilik, hayat m\u00fccadelesiyle kar\u015f\u0131 kar\u015f\u0131ya kalsam bile kalemimi defterimi elimden asla b\u0131rakmad\u0131m. K\u00fc\u00e7\u00fck \u00f6yk\u00fclerimi, \u015fiirlerimi, hayata dair s\u00f6zlerimi k\u00e2\u011f\u0131da d\u00f6kt\u00fcm. \u0130\u00e7imden sanki bir nehir ak\u0131yordu ve ben onu durduramazd\u0131m. Tabiri caizse k\u0131z olmadan gelin olmak, gelin olmadan anne olmak. Bir evlili\u011fin ve hayat\u0131n sorumlulu\u011funu almak ya\u015fam gayesi bu kitab\u0131m\u0131n gecikmesine neden oldu, bir anlam da hayata tersten ba\u015flad\u0131m ama hi\u00e7bir zaman \u00fcmidimi kaybetmedim o y\u00fczden kitab\u0131m\u0131n isminin \u00ab G\u00dcNE\u015eE D\u00d6ND\u00dcM Y\u00dcZ\u00dcM\u00dc\u00bb olmas\u0131na karar verdim. \u0130lk ilkem yazar olup insanlarla hissetti\u011fim duygular\u0131 payla\u015fmakken hayat\u0131n getirdi\u011fi \u015fartlar beni farkl\u0131 y\u00f6nlere s\u00fcr\u00fckledi. Hayat\u0131m\u0131 d\u00fczene koyup \u00e7ocuklar\u0131m\u0131 b\u00fcy\u00fctt\u00fcm ve idealimi ger\u00e7ekle\u015ftirmek i\u00e7in ilk ad\u0131m\u0131 bu kitapla att\u0131m. \u00c7\u0131rp\u0131n\u0131p \u00e7\u0131kt\u0131\u011f\u0131m K\u0131z\u0131l\u0131rmak gibi i\u00e7imde akan bu co\u015fkun nehirden sizin y\u00fcre\u011finize bir damla d\u00fc\u015f\u00fcrebildiysem ne mutlu bana.<\/p>\n","protected":false},"excerpt":{"rendered":"<p>Sevgili okurlar\u0131m, i\u00e7imde filizlenen bu \u015fiir ve edebiyat tutkusunu sat\u0131r sat\u0131r sizlere ula\u015ft\u0131rmak istedim. Bu yolculu\u011fa \u00e7\u0131kt\u0131\u011f\u0131mda hen\u00fcz ilkokul \u00fc\u00e7\u00fcnc\u00fc s\u0131n\u0131ftayd\u0131m. 14 ya\u015f\u0131ma kadar i\u00e7imde b\u00fcy\u00fcyen<span class=\"excerpt-hellip\"> [\u2026]<\/span><\/p>\n","protected":false},"featured_media":0,"template":"","meta":{"_monsterinsights_skip_tracking":false,"_monsterinsights_sitenote_active":false,"_monsterinsights_sitenote_note":"","_monsterinsights_sitenote_category":0},"product_brand":[],"product_cat":[12291,12711],"product_tag":[],"class_list":{"0":"post-740561","1":"product","2":"type-product","3":"status-publish","5":"product_cat-edebiyat","6":"product_cat-roman-oyku","7":"pa_cilt-ciltsiz","8":"pa_tur-kitap","9":"pa_yayinevi-platanus-publishing","10":"pa_yazar-nazife-yildirim-unalan","12":"first","13":"instock","14":"sale","15":"shipping-taxable","16":"purchasable","17":"product-type-simple"},"_links":{"self":[{"href":"https:\/\/roveyayinevi.com.tr\/index.php\/wp-json\/wp\/v2\/product\/740561","targetHints":{"allow":["GET"]}}],"collection":[{"href":"https:\/\/roveyayinevi.com.tr\/index.php\/wp-json\/wp\/v2\/product"}],"about":[{"href":"https:\/\/roveyayinevi.com.tr\/index.php\/wp-json\/wp\/v2\/types\/product"}],"wp:attachment":[{"href":"https:\/\/roveyayinevi.com.tr\/index.php\/wp-json\/wp\/v2\/media?parent=740561"}],"wp:term":[{"taxonomy":"product_brand","embeddable":true,"href":"https:\/\/roveyayinevi.com.tr\/index.php\/wp-json\/wp\/v2\/product_brand?post=740561"},{"taxonomy":"product_cat","embeddable":true,"href":"https:\/\/roveyayinevi.com.tr\/index.php\/wp-json\/wp\/v2\/product_cat?post=740561"},{"taxonomy":"product_tag","embeddable":true,"href":"https:\/\/roveyayinevi.com.tr\/index.php\/wp-json\/wp\/v2\/product_tag?post=740561"}],"curies":[{"name":"wp","href":"https:\/\/api.w.org\/{rel}","templated":true}]}}