{"id":740560,"date":"2025-08-28T00:29:40","date_gmt":"2025-08-27T21:29:40","guid":{"rendered":"https:\/\/roveyayinevi.com.tr\/index.php\/urun\/dakikalar-icinde-din\/"},"modified":"2026-04-16T02:51:25","modified_gmt":"2026-04-15T23:51:25","slug":"dakikalar-icinde-din","status":"publish","type":"product","link":"https:\/\/roveyayinevi.com.tr\/index.php\/urun\/dakikalar-icinde-din\/","title":{"rendered":"Dakikalar \u0130\u00e7inde Din"},"content":{"rendered":"<p>YA\u015eAMIN G\u0130ZEM\u0130N\u0130 ANLAMAK \u00dcZERE\u0130NSANIN \u0130LAH\u0130 YOLCULU\u011eU Yarat\u0131l\u0131\u015f hik\u00e2yelerinden mucizelere, varolu\u015ftan \u00f6l\u00fcmden sonraki ya\u015fama, kadim dinlerden meditasyona, Zerd\u00fc\u015ftl\u00fckten Hinduizme, Vatikan\u2019dan Medine\u2019ye uzanan ilahi yolculuk\u2026 G\u00f6rseller e\u015fli\u011finde d\u00fcnyan\u0131n k\u00f6kl\u00fc inan\u00e7lar\u0131na dair 200 temel kavram \u00fczerinden kar\u015f\u0131la\u015ft\u0131rmal\u0131 bir okuma\u2026 \u00c7a\u011flar boyunca d\u00fcnyan\u0131n farkl\u0131 kesimlerinde \u00e7ok \u00e7e\u015fitli dinler var olmu\u015ftur. Baz\u0131lar\u0131 kadim, baz\u0131lar\u0131 silinip gitmi\u015f, baz\u0131lar\u0131ysa yak\u0131n zamanda ortaya \u00e7\u0131km\u0131\u015f\u2026 Her ne kadar medeniyet d\u00fcnyaya dair geni\u015f bir felsefi ve bilimsel anlay\u0131\u015f getirmi\u015fse de ya\u015fam\u0131n mucizeleri, \u00f6l\u00fcm ve evrenin yarat\u0131l\u0131\u015f\u0131 gizemini korudu. \u0130\u015fte din\u00ee inan\u00e7lar bu gizemler i\u00e7in a\u00e7\u0131klamalar sunmaya, evreni anlamland\u0131rmaya ve hayatta anlam aramaya kap\u0131 aralar. S\u00fcnni ve \u015eii, Katolik ve Protestan, Budizm ve Konf\u00fc\u00e7y\u00fcs\u00e7\u00fcl\u00fck aras\u0131ndaki farklar nelerdir? Musa, \u0130sa ve Muhammed peygamberler kimlerdi ve ger\u00e7ekte ne vaaz ettiler? Karma, cihat ve nirvana kavramlar\u0131 neden bu kadar \u00f6nemli? D\u00fcnya dinleri ya\u015fam, \u00f6l\u00fcm ve \u00f6mr\u00fcm\u00fczde nas\u0131l hareket etmemiz gerekti\u011fi hakk\u0131nda ne diyor? Dakikalar \u0130\u00e7inde serisinden Din, k\u00f6kl\u00fc inan\u00e7lar\u0131n ve uzant\u0131lar\u0131n\u0131n tarihlerine, \u00f6nemli din\u00ee metinlere, peygamberlere ve temel \u00f6\u011fretilerine dair kapsay\u0131c\u0131 bir bak\u0131\u015f&#8230; <\/p>\n","protected":false},"excerpt":{"rendered":"<p>YA\u015eAMIN G\u0130ZEM\u0130N\u0130 ANLAMAK \u00dcZERE\u0130NSANIN \u0130LAH\u0130 YOLCULU\u011eU Yarat\u0131l\u0131\u015f hik\u00e2yelerinden mucizelere, varolu\u015ftan \u00f6l\u00fcmden sonraki ya\u015fama, kadim dinlerden meditasyona, Zerd\u00fc\u015ftl\u00fckten Hinduizme, Vatikan\u2019dan Medine\u2019ye uzanan ilahi yolculuk\u2026 G\u00f6rseller e\u015fli\u011finde d\u00fcnyan\u0131n<span class=\"excerpt-hellip\"> [\u2026]<\/span><\/p>\n","protected":false},"featured_media":0,"template":"","meta":{"_monsterinsights_skip_tracking":false,"_monsterinsights_sitenote_active":false,"_monsterinsights_sitenote_note":"","_monsterinsights_sitenote_category":0},"product_brand":[],"product_cat":[13005,13006],"product_tag":[],"class_list":{"0":"post-740560","1":"product","2":"type-product","3":"status-publish","5":"product_cat-bilim-muhendislik","6":"product_cat-populer-bilim","7":"pa_cilt-ciltsiz","8":"pa_tur-kitap","9":"pa_yayinevi-kronik-kitap","10":"pa_yazar-marcus-weeks","12":"first","13":"instock","14":"sale","15":"shipping-taxable","16":"purchasable","17":"product-type-simple"},"_links":{"self":[{"href":"https:\/\/roveyayinevi.com.tr\/index.php\/wp-json\/wp\/v2\/product\/740560","targetHints":{"allow":["GET"]}}],"collection":[{"href":"https:\/\/roveyayinevi.com.tr\/index.php\/wp-json\/wp\/v2\/product"}],"about":[{"href":"https:\/\/roveyayinevi.com.tr\/index.php\/wp-json\/wp\/v2\/types\/product"}],"wp:attachment":[{"href":"https:\/\/roveyayinevi.com.tr\/index.php\/wp-json\/wp\/v2\/media?parent=740560"}],"wp:term":[{"taxonomy":"product_brand","embeddable":true,"href":"https:\/\/roveyayinevi.com.tr\/index.php\/wp-json\/wp\/v2\/product_brand?post=740560"},{"taxonomy":"product_cat","embeddable":true,"href":"https:\/\/roveyayinevi.com.tr\/index.php\/wp-json\/wp\/v2\/product_cat?post=740560"},{"taxonomy":"product_tag","embeddable":true,"href":"https:\/\/roveyayinevi.com.tr\/index.php\/wp-json\/wp\/v2\/product_tag?post=740560"}],"curies":[{"name":"wp","href":"https:\/\/api.w.org\/{rel}","templated":true}]}}