{"id":740559,"date":"2025-08-28T00:29:38","date_gmt":"2025-08-27T21:29:38","guid":{"rendered":"https:\/\/roveyayinevi.com.tr\/index.php\/urun\/gezegenimizden-bir-yasam\/"},"modified":"2026-04-16T02:51:25","modified_gmt":"2026-04-15T23:51:25","slug":"gezegenimizden-bir-yasam","status":"publish","type":"product","link":"https:\/\/roveyayinevi.com.tr\/index.php\/urun\/gezegenimizden-bir-yasam\/","title":{"rendered":"Gezegenimizden Bir Ya\u015fam"},"content":{"rendered":"<p>\u201c\u00dcnl\u00fc gezgin ve do\u011fa bilimci, okurlar\u0131na, an\u0131lar\u0131n\u0131 ve g\u00fc\u00e7l\u00fc bir manifestoyu bir arada sunuyor; ilkini yava\u015f yava\u015f, ikincisini ise bir o kadar ciddiyetle&#8230; Kritik bir e\u015fikte oldu\u011fumuzun fark\u0131nda olan Attenborough, insanlar\u0131n iyi yapt\u0131\u011f\u0131 tek \u015feyin sorunlar\u0131 \u00e7\u00f6zmek oldu\u011funa dikkat \u00e7ekerek canland\u0131r\u0131c\u0131 bir iyimserlik ta\u015f\u0131yor. Gezegenin ekolojik gelece\u011fiyle ilgilenen herkes bu m\u00fckemmel kitaba vakit ay\u0131rmak isteyecek.\u201d\u2014Kirkus Reviews   Bir zamanlar a\u015fman\u0131n g\u00fcnler alaca\u011f\u0131 \u0131l\u0131man ormanlar, yan\u0131ndan ge\u00e7mesi d\u00f6rt saat s\u00fcren bizon s\u00fcr\u00fcleri, g\u00f6ky\u00fcz\u00fcn\u00fc karartacak kadar yo\u011fun ku\u015f s\u00fcr\u00fcleri oldu\u011funu unuttuk. T\u00fcm bunlar yaln\u0131zca birka\u00e7 ku\u015fak \u00f6nce s\u0131radan \u015feylerdi. Art\u0131k \u00f6yle de\u011filler. Zenginli\u011fini yitirmi\u015f bir d\u00fcnyay\u0131 yad\u0131rgamayacak h\u00e2le geldik. \u00c7a\u011f\u0131m\u0131z\u0131n as\u0131l trajedisi bu: Gezegenimizdeki biyo\u00e7e\u015fitlili\u011fin giderek h\u0131zlanan \u00e7\u00f6k\u00fc\u015f\u00fc. Yedi\u011fimiz tavuklar\u0131 besleyecek soyay\u0131 yeti\u015ftirmek i\u00e7in yok etti\u011fimiz ormanlar\u0131n hesab\u0131 verilmedi. Al\u0131p \u00e7\u00f6pe att\u0131\u011f\u0131m\u0131z pet \u015fi\u015fenin deniz ekosisteminde yol a\u00e7t\u0131\u011f\u0131 zarar\u0131n hesab\u0131 verilmedi. Bah\u00e7emize yapt\u0131\u011f\u0131m\u0131z eklentinin briketlerindeki \u00e7imentoyu \u00fcretirken a\u00e7\u0131\u011fa \u00e7\u0131kan sera gazlar\u0131n\u0131n hesab\u0131 verilmedi. Ancak gidi\u015fat\u0131 durdurmak i\u00e7in h\u00e2l\u00e2 zaman\u0131m\u0131z var. Mutlu hayatlar\u0131m\u0131z\u0131 ya\u015famaya devam edebilir, \u00e7ocuklar\u0131m\u0131z\u0131 b\u00fcy\u00fctebilir, in\u015fa etti\u011fimiz modern toplumun u\u011fra\u015flar\u0131yla samimi bir \u015fekilde kendimizi oyalayabilir, bunu yaparken de kap\u0131daki felaketi g\u00f6rmezden gelmeyi se\u00e7ebiliriz. Ya da de\u011fi\u015febiliriz. Do\u011fa tarihi programlar\u0131n\u0131n y\u00fcz\u00fc, \u00f6mr\u00fcn\u00fc bu u\u011furda \u00e7al\u0131\u015fmalara adam\u0131\u015f \u00f6d\u00fcll\u00fc yay\u0131nc\u0131 ve do\u011fa tarih\u00e7isi David Attenborough, ge\u00e7en y\u00fczy\u0131lda d\u00fcnyada meydana gelen de\u011fi\u015fikliklerin bilimsel bir \u00f6zetini sunuyor. Do\u011fayla bar\u0131\u015f\u0131k, ya\u015fam boyu bilgeli\u011fin anahtar\u0131n\u0131n yan\u0131 s\u0131ra \u00e7a\u011f\u0131m\u0131z\u0131n t\u00fcm sorunlar\u0131na ve insanl\u0131\u011f\u0131n d\u00fcnyaya verdi\u011fi zarara ra\u011fmen gelecek i\u00e7in umutlu bir vizyon payla\u015f\u0131yor. Bu kitap yapt\u0131\u011f\u0131m\u0131z en b\u00fcy\u00fck hatan\u0131n hik\u00e2yesini anlat\u0131yor\u2014ve \u015fimdi harekete ge\u00e7ersek bu sorunu nas\u0131l \u00e7\u00f6zebilece\u011fimizi.<\/p>\n","protected":false},"excerpt":{"rendered":"<p>\u201c\u00dcnl\u00fc gezgin ve do\u011fa bilimci, okurlar\u0131na, an\u0131lar\u0131n\u0131 ve g\u00fc\u00e7l\u00fc bir manifestoyu bir arada sunuyor; ilkini yava\u015f yava\u015f, ikincisini ise bir o kadar ciddiyetle&#8230; Kritik bir e\u015fikte<span class=\"excerpt-hellip\"> [\u2026]<\/span><\/p>\n","protected":false},"featured_media":0,"template":"","meta":{"_monsterinsights_skip_tracking":false,"_monsterinsights_sitenote_active":false,"_monsterinsights_sitenote_note":"","_monsterinsights_sitenote_category":0},"product_brand":[],"product_cat":[14009,12291],"product_tag":[],"class_list":{"0":"post-740559","1":"product","2":"type-product","3":"status-publish","5":"product_cat-biyografi-otobiyografi-edebiyat","6":"product_cat-edebiyat","7":"pa_cilt-ciltsiz","8":"pa_tur-kitap","9":"pa_yayinevi-kronik-kitap","10":"pa_yazar-david-attenborough","12":"first","13":"instock","14":"sale","15":"shipping-taxable","16":"purchasable","17":"product-type-simple"},"_links":{"self":[{"href":"https:\/\/roveyayinevi.com.tr\/index.php\/wp-json\/wp\/v2\/product\/740559","targetHints":{"allow":["GET"]}}],"collection":[{"href":"https:\/\/roveyayinevi.com.tr\/index.php\/wp-json\/wp\/v2\/product"}],"about":[{"href":"https:\/\/roveyayinevi.com.tr\/index.php\/wp-json\/wp\/v2\/types\/product"}],"wp:attachment":[{"href":"https:\/\/roveyayinevi.com.tr\/index.php\/wp-json\/wp\/v2\/media?parent=740559"}],"wp:term":[{"taxonomy":"product_brand","embeddable":true,"href":"https:\/\/roveyayinevi.com.tr\/index.php\/wp-json\/wp\/v2\/product_brand?post=740559"},{"taxonomy":"product_cat","embeddable":true,"href":"https:\/\/roveyayinevi.com.tr\/index.php\/wp-json\/wp\/v2\/product_cat?post=740559"},{"taxonomy":"product_tag","embeddable":true,"href":"https:\/\/roveyayinevi.com.tr\/index.php\/wp-json\/wp\/v2\/product_tag?post=740559"}],"curies":[{"name":"wp","href":"https:\/\/api.w.org\/{rel}","templated":true}]}}