{"id":740557,"date":"2025-08-28T00:29:36","date_gmt":"2025-08-27T21:29:36","guid":{"rendered":"https:\/\/roveyayinevi.com.tr\/index.php\/urun\/attila-2\/"},"modified":"2026-04-13T02:58:48","modified_gmt":"2026-04-12T23:58:48","slug":"attila-2","status":"publish","type":"product","link":"https:\/\/roveyayinevi.com.tr\/index.php\/urun\/attila-2\/","title":{"rendered":"Attila"},"content":{"rendered":"<p>\u201cAttila, ge\u00e7 Roma d\u00f6nemi \u00fczerinde uzman Ian Hughes taraf\u0131ndan yaz\u0131lm\u0131\u015f. Attila\u2019n\u0131n ya\u015fam\u0131n\u0131n da \u00f6tesine giderek, halk\u0131 ve Ge\u00e7 Roma Avrupas\u0131\u2019na etkisi \u00fczerinde geni\u015f bir g\u00f6zlem sunuyor.\u201d Military Heritage Dergisi   \u00c7o\u011fu ki\u015fi Attila ad\u0131na a\u015finad\u0131r ancak bu tarihsel fig\u00fcr\u00fcn ard\u0131ndaki hik\u00e2yeyi bilen pek yoktur. 434 civar\u0131nda Hun imparatoru olduktan sonra Attila yirmi y\u0131l boyunca Avrupa tarihine damgas\u0131n\u0131 vurmu\u015f bir komutand\u0131r. \u0130mparatorlar\u0131 hara\u00e7 \u00f6demeye zorlay\u0131p aksi takdirde sava\u015fla tehdit ederek Roma \u0130mparatorlu\u011fu\u2019nun iki yar\u0131s\u0131n\u0131n da g\u00f6z\u00fcn\u00fc korkutmu\u015f, istekleri do\u011frultusunda y\u00f6nlendirmi\u015f ve bug\u00fcn dahi an\u0131ld\u0131\u011f\u0131 \u015fekilde \u201cTanr\u0131\u2019n\u0131n K\u0131rbac\u0131\u201d unvan\u0131n\u0131 kazanm\u0131\u015ft\u0131r. Attila, Hun \u0130mparatorlu\u011fu\u2019nun Asya\u2019daki k\u00f6klerinden ba\u015flayarak, alt\u0131n \u00e7a\u011f\u0131n\u0131 Attila d\u00f6neminde ya\u015fayacak olan Bat\u0131 Hunlar\u0131n\u0131n di\u011fer \u0131rklarla akrabal\u0131klar\u0131n\u0131, Avrupa\u2019ya g\u00f6\u00e7 edi\u015flerini, g\u00fc\u00e7lenmelerini tarihsel a\u00e7\u0131dan inceliyor, Hunlar\u0131n askeri ba\u015far\u0131lar\u0131n\u0131n ard\u0131nda yatan nedenleri irdeliyor ve b\u00f6ylece Attila\u2019y\u0131 haz\u0131rlayan ortam\u0131n \u00e7er\u00e7evesini \u00e7iziyor. Mutlak h\u00fck\u00fcmdarl\u0131\u011fa y\u00fckselme yolunda Attila nas\u0131l bir devlet miras ald\u0131? Karde\u015fi Bleda\u2019yla nas\u0131l bir ili\u015fkisi vard\u0131? Yerini koruyabilmek ve sa\u011flama alabilmek ad\u0131na \u015fantaj sistemini nas\u0131l kulland\u0131? Do\u011fu ve Bat\u0131 Roma \u0130mparatorluklar\u0131 ve di\u011fer kavimler nas\u0131l en sonunda Attila\u2019ya kar\u015f\u0131 bir araya geldi? Attila, kaderini belirleyen Galya istilas\u0131 ve Katalon Ovalar\u0131 Muharebesi\u2019nde nas\u0131l hareket etti? Papa I. Leo Attila\u2019ya Roma\u2019y\u0131 istila etmemesini s\u00f6yledi mi? D\u00fc\u011f\u00fcn gecesi sabah\u0131nda \u00f6l\u00fc bulunan Attila zehirlenmi\u015f miydi? Attila, bu ve di\u011fer bir\u00e7ok soruya cevap ararken Attila\u2019n\u0131n kusurlar\u0131yla beraber gelen karakterini ve motivasyonlar\u0131n\u0131 g\u00fcn\u00fcm\u00fcze ula\u015fan b\u00fct\u00fcn kaynaklar\u0131 taray\u0131p de\u011ferlendirerek \u00e7\u00f6z\u00fcml\u00fcyor ve yaz\u0131l\u0131 kaynaklar\u0131n ortaya koyabilece\u011fi en sahih Attila portresini sunuyor. Ian Hughes, Hun \u0130mparatoru Attila\u2019da benimsedi\u011fi ak\u0131c\u0131 ve a\u00e7\u0131k anlat\u0131m\u0131yla Roma\u2019n\u0131n \u00e7\u00f6k\u00fc\u015f\u00fcne, Hunlar\u0131n Avrupa\u2019daki varl\u0131klar\u0131na ve etkile\u015fimlerine merak duyan okurlar i\u00e7in vazge\u00e7ilmez bir kaynak sa\u011fl\u0131yor. <\/p>\n","protected":false},"excerpt":{"rendered":"<p>\u201cAttila, ge\u00e7 Roma d\u00f6nemi \u00fczerinde uzman Ian Hughes taraf\u0131ndan yaz\u0131lm\u0131\u015f. Attila\u2019n\u0131n ya\u015fam\u0131n\u0131n da \u00f6tesine giderek, halk\u0131 ve Ge\u00e7 Roma Avrupas\u0131\u2019na etkisi \u00fczerinde geni\u015f bir g\u00f6zlem sunuyor.\u201d<span class=\"excerpt-hellip\"> [\u2026]<\/span><\/p>\n","protected":false},"featured_media":0,"template":"","meta":{"_monsterinsights_skip_tracking":false,"_monsterinsights_sitenote_active":false,"_monsterinsights_sitenote_note":"","_monsterinsights_sitenote_category":0},"product_brand":[],"product_cat":[12312,12304],"product_tag":[],"class_list":{"0":"post-740557","1":"product","2":"type-product","3":"status-publish","5":"product_cat-diger","6":"product_cat-tarih","7":"pa_cilt-ciltsiz","8":"pa_tur-kitap","9":"pa_yayinevi-kronik-kitap","10":"pa_yazar-ian-hughes","12":"first","13":"instock","14":"sale","15":"shipping-taxable","16":"purchasable","17":"product-type-simple"},"_links":{"self":[{"href":"https:\/\/roveyayinevi.com.tr\/index.php\/wp-json\/wp\/v2\/product\/740557","targetHints":{"allow":["GET"]}}],"collection":[{"href":"https:\/\/roveyayinevi.com.tr\/index.php\/wp-json\/wp\/v2\/product"}],"about":[{"href":"https:\/\/roveyayinevi.com.tr\/index.php\/wp-json\/wp\/v2\/types\/product"}],"wp:attachment":[{"href":"https:\/\/roveyayinevi.com.tr\/index.php\/wp-json\/wp\/v2\/media?parent=740557"}],"wp:term":[{"taxonomy":"product_brand","embeddable":true,"href":"https:\/\/roveyayinevi.com.tr\/index.php\/wp-json\/wp\/v2\/product_brand?post=740557"},{"taxonomy":"product_cat","embeddable":true,"href":"https:\/\/roveyayinevi.com.tr\/index.php\/wp-json\/wp\/v2\/product_cat?post=740557"},{"taxonomy":"product_tag","embeddable":true,"href":"https:\/\/roveyayinevi.com.tr\/index.php\/wp-json\/wp\/v2\/product_tag?post=740557"}],"curies":[{"name":"wp","href":"https:\/\/api.w.org\/{rel}","templated":true}]}}