{"id":740556,"date":"2025-08-28T00:29:35","date_gmt":"2025-08-27T21:29:35","guid":{"rendered":"https:\/\/roveyayinevi.com.tr\/index.php\/urun\/gizli-dunya\/"},"modified":"2026-04-16T02:51:24","modified_gmt":"2026-04-15T23:51:24","slug":"gizli-dunya","status":"publish","type":"product","link":"https:\/\/roveyayinevi.com.tr\/index.php\/urun\/gizli-dunya\/","title":{"rendered":"Gizli D\u00fcnya"},"content":{"rendered":"<p>\u201cYaz\u0131l\u0131 tarihin ba\u015flang\u0131c\u0131ndan g\u00fcn\u00fcm\u00fcze kadar d\u00fcnya istihbarat tarihini yazmak g\u00f6z korkutucu bir i\u015f. Bu konuyu tek bir ciltte kapsaml\u0131, kolay anla\u015f\u0131l\u0131r ve \u015fa\u015f\u0131rt\u0131c\u0131 \u015fekilde anlatmak ise parlak bir ba\u015far\u0131. Christopher Andrew Gizli D\u00fcnya kitab\u0131nda tam da bunu yap\u0131yor.\u201d \u2014 Edward Lucas, The Times \u201cGer\u00e7ek manada ustal\u0131k eseri bir \u00e7al\u0131\u015fma \u2026 \u0130stihbarata ciddi ilgi duyan herkesin mutlaka okumas\u0131 gereken bir eser \u2026 Ortaya koydu\u011fu bilgiler, devlet y\u00f6netiminde istihbarat\u0131 \u00f6nemseyen -ya da \u00f6nemsemeyen- d\u00fcnya liderleri hakk\u0131nda \u00e7ok say\u0131da anekdot ve g\u00f6r\u00fc\u015f i\u00e7eriyor.\u201d \u2014 Joseph C. Goulden, Washington Times \u201cGizli D\u00fcnya, hayat\u0131n\u0131 b\u00fcy\u00fck oranda yirminci y\u00fczy\u0131l istihbarat ve casusluk tarihine adam\u0131\u015f, MI5\u2019in eski resm\u00ee tarih\u00e7isi ve Cambridge akademisyenlerinden Christopher Andrew\u2019un b\u00fcy\u00fck ba\u015far\u0131s\u0131.\u201d \u2014Neil Kent, The RUSE Journal \u201c\u0130ncil\u2019den g\u00fcn\u00fcm\u00fcze casuslu\u011fun farkl\u0131 t\u00fcrlerinin kapsaml\u0131 bir incelemesi \u2026 Kolayl\u0131kla okunmaya ba\u015flan\u0131yor ve \u015fa\u015f\u0131rt\u0131c\u0131 derecede e\u011flenceli. Casuslar\u0131n sa\u00e7ma olaylara dair keskin bir alg\u0131s\u0131 oldu\u011fu gibi kendilerine ait g\u00fcl\u00fcn\u00e7 ve \u00f6l\u00fcmc\u00fcl hikayeleri de var.\u201d \u2014 Ben Macintyre, \u201cBy the Book,\u201d New York Times Book Review \u201cK\u00fcresel istihbarat tarihi konusunda yaz\u0131lm\u0131\u015f ilk kitap olarak kapsam\u0131 itibar\u0131yla \u015fa\u015f\u0131rt\u0131c\u0131 ve beklenmedik mukayeseleriyle keyifli. \u0130stihbarat i\u015finin k\u0131smen tahminle alakal\u0131 oldu\u011fu d\u00fc\u015f\u00fcn\u00fcl\u00fcrse, Andrew istihbarat\u0131n tarihinin g\u00fcn\u00fcm\u00fczdeki istihbarat\u00e7\u0131lar\u0131n elinde bulunan en kuvvetli ara\u00e7 oldu\u011funu iddia ediyor. Buna uygun bi\u00e7imde, bu nefes kesici kitap g\u00fcn\u00fcm\u00fczde d\u00fcnyan\u0131n her yerindeki casus \u015fefleri i\u00e7in \u00f6nemli dersler bar\u0131nd\u0131r\u0131yor. Ortaya \u00e7\u0131kmas\u0131na Andrew\u2019un bizzat kendisinin yard\u0131m etti\u011fi konuya dair \u00e7arp\u0131c\u0131 bir gizli arkeolojik \u00e7al\u0131\u015fma.\u201d \u2014Richard J. Aldrich, Times Literary Supplement   Casuslu\u011fun tarihi binlerce y\u0131l \u00f6nceye gitmesine ra\u011fmen istihbarat operasyonlar\u0131n\u0131n bu k\u00f6kl\u00fc tarihi b\u00fcy\u00fck oranda unutulmu\u015ftur. Hatta istihbarat\u00e7\u0131lar\u0131n \u00e7o\u011fu bile bu tarihten habersizdir. Gizli D\u00fcnya bu kay\u0131p tarihi ortaya \u00e7\u0131karmay\u0131, istihbarat\u0131n k\u00fcresel geli\u015fmeler \u00fczerindeki etkisini ortaya koymay\u0131 ve istihbarat boyutunu g\u00f6rmezden gelen tarih yaz\u0131m\u0131n\u0131 sorgulamay\u0131 ama\u00e7l\u0131yor ve bunu b\u00fcy\u00fck bir ba\u015far\u0131yla ger\u00e7ekle\u015ftiriyor. Casuslar\u0131n, s\u0131rlar\u0131n ve casuslu\u011fun y\u00fczy\u0131llar\u0131 a\u015fan hik\u00e2yesine dair sundu\u011fu \u00e7arp\u0131c\u0131, ak\u0131c\u0131 ve ku\u015fat\u0131c\u0131 anlat\u0131m\u0131yla Gizli D\u00fcnya, antik d\u00fcnyada kehanetlere ba\u015fvurma gelene\u011finin terk edilip asker\u00ee harek\u00e2t\u0131n icras\u0131 i\u00e7in ger\u00e7ek istihbarat\u0131n toplanmas\u0131na ge\u00e7i\u015f s\u00fcrecinin izini s\u00fcrerek aralar\u0131nda R\u00f6nesans d\u00f6nemi Venedik\u2019inin, Ba\u011f\u0131ms\u0131zl\u0131k Sava\u015f\u0131\u2019nda Amerika\u2019n\u0131n ve \u00c7arl\u0131k Rusya\u2019s\u0131n\u0131n da oldu\u011fu bir\u00e7ok devlette istihbarat\u0131n geli\u015fimini ortaya koyuyor. D\u00fcnyan\u0131n \u00f6nde gelen istihbarat uzmanlar\u0131ndan Christopher Andrew, casuslu\u011fun k\u00fcresel tarihi hakk\u0131nda \u015fimdiye kadar yaz\u0131lm\u0131\u015f ilk kitap olan Gizli D\u00fcnya\u2019da, istihbarat\u0131n son \u00fc\u00e7 bin y\u0131l boyunca kaybolan tarihinin b\u00fcy\u00fck k\u0131sm\u0131n\u0131 dikkat \u00e7ekici bir ustal\u0131kla g\u00fcn y\u00fcz\u00fcne \u00e7\u0131kar\u0131yor. Gizli D\u00fcnya \u2013 D\u00fcnya \u0130stihbarat Tarihi, g\u00fcvenlik ve istihbarat operasyonlar\u0131n\u0131n tarihin ak\u0131\u015f\u0131na nas\u0131l etki etti\u011fini g\u00f6steren bir ba\u015fucu kitab\u0131. <\/p>\n","protected":false},"excerpt":{"rendered":"<p>\u201cYaz\u0131l\u0131 tarihin ba\u015flang\u0131c\u0131ndan g\u00fcn\u00fcm\u00fcze kadar d\u00fcnya istihbarat tarihini yazmak g\u00f6z korkutucu bir i\u015f. Bu konuyu tek bir ciltte kapsaml\u0131, kolay anla\u015f\u0131l\u0131r ve \u015fa\u015f\u0131rt\u0131c\u0131 \u015fekilde anlatmak ise<span class=\"excerpt-hellip\"> [\u2026]<\/span><\/p>\n","protected":false},"featured_media":0,"template":"","meta":{"_monsterinsights_skip_tracking":false,"_monsterinsights_sitenote_active":false,"_monsterinsights_sitenote_note":"","_monsterinsights_sitenote_category":0},"product_brand":[],"product_cat":[13072,12291],"product_tag":[],"class_list":{"0":"post-740556","1":"product","2":"type-product","3":"status-publish","5":"product_cat-arastirma-inceleme-referans","6":"product_cat-edebiyat","7":"pa_cilt-ciltsiz","8":"pa_tur-kitap","9":"pa_yayinevi-kronik-kitap","10":"pa_yazar-christopher-andrew","12":"first","13":"instock","14":"sale","15":"shipping-taxable","16":"purchasable","17":"product-type-simple"},"_links":{"self":[{"href":"https:\/\/roveyayinevi.com.tr\/index.php\/wp-json\/wp\/v2\/product\/740556","targetHints":{"allow":["GET"]}}],"collection":[{"href":"https:\/\/roveyayinevi.com.tr\/index.php\/wp-json\/wp\/v2\/product"}],"about":[{"href":"https:\/\/roveyayinevi.com.tr\/index.php\/wp-json\/wp\/v2\/types\/product"}],"wp:attachment":[{"href":"https:\/\/roveyayinevi.com.tr\/index.php\/wp-json\/wp\/v2\/media?parent=740556"}],"wp:term":[{"taxonomy":"product_brand","embeddable":true,"href":"https:\/\/roveyayinevi.com.tr\/index.php\/wp-json\/wp\/v2\/product_brand?post=740556"},{"taxonomy":"product_cat","embeddable":true,"href":"https:\/\/roveyayinevi.com.tr\/index.php\/wp-json\/wp\/v2\/product_cat?post=740556"},{"taxonomy":"product_tag","embeddable":true,"href":"https:\/\/roveyayinevi.com.tr\/index.php\/wp-json\/wp\/v2\/product_tag?post=740556"}],"curies":[{"name":"wp","href":"https:\/\/api.w.org\/{rel}","templated":true}]}}