{"id":740554,"date":"2025-08-28T00:29:32","date_gmt":"2025-08-27T21:29:32","guid":{"rendered":"https:\/\/roveyayinevi.com.tr\/index.php\/urun\/emperyalizm-ve-denge\/"},"modified":"2026-04-16T02:51:24","modified_gmt":"2026-04-15T23:51:24","slug":"emperyalizm-ve-denge","status":"publish","type":"product","link":"https:\/\/roveyayinevi.com.tr\/index.php\/urun\/emperyalizm-ve-denge\/","title":{"rendered":"Emperyalizm Ve Denge"},"content":{"rendered":"<p>\u201c\u2026Emperyalizm ve Denge 1914 \u00f6ncesi Alman d\u0131\u015f siyasetinin hi\u00e7 \u015f\u00fcphesiz ba\u015fl\u0131ca eserlerinden biri; \u00fcstelik klasik diplomasi tarihi gelene\u011fini s\u00fcrd\u00fcrmesine ra\u011fmen bu gelene\u011fin metodolojik tek yanl\u0131l\u0131\u011f\u0131n\u0131 payla\u015fmad\u0131\u011f\u0131 gibi eskinin kendini hakl\u0131 \u00e7\u0131karma zorunlulu\u011funa da kap\u0131lm\u0131yor.\u201d Volker Ulrich, S\u00fcddeutsche Zeitung   1871\u2019de b\u00fcy\u00fck \u00f6l\u00e7\u00fcde kendi idaresi alt\u0131nda kurulan Alman \u0130mparatorlu\u011fu\u2019nun ilk \u015fans\u00f6lyeli\u011fini de bizzat yapan Otto von Bismarck\u2019\u0131n d\u0131\u015f siyasetteki ba\u015fl\u0131ca hedefi, Avrupa k\u0131tas\u0131n\u0131n ortas\u0131ndaki bu gen\u00e7 ulusun g\u00fcvenli\u011fini sa\u011flamakt\u0131. D\u0131\u015f siyasetteki temel stratejisi ise sair b\u00fcy\u00fck g\u00fc\u00e7lerin \u00e7\u0131karlar\u0131n\u0131 birbirine d\u00fc\u015f\u00fcrmeye, topyek\u00fbn gerilimleri Avrupa\u2019n\u0131n merkezinden \u00e7evresine y\u00f6nlendirmeye, sonra da b\u00fcy\u00fck g\u00fc\u00e7lerin emperyalist m\u00fcdahalelerinden do\u011fan z\u0131tla\u015fmalar\u0131 Afrika ve Asya\u2019da kullanmaya d\u00f6n\u00fckt\u00fc. Bu tarz bir stratejinin uygulan\u0131p ba\u015far\u0131l\u0131 olmas\u0131n\u0131 sa\u011flayan \u015fey ise Avrupal\u0131 g\u00fc\u00e7lerin, Avrupa d\u0131\u015f\u0131 d\u00fcnyaya h\u00fckmetme yar\u0131\u015f\u0131na girdik\u00e7e diplomasinin manevra sahas\u0131n\u0131n b\u00fcy\u00fcmesi olmu\u015ftu. \u015e\u00fcphesiz ki Bismarck\u2019la birlikte bu sahay\u0131 h\u00e2kim bir tav\u0131rla kullanmay\u0131 beceren devlet adamlar\u0131na sahip olmas\u0131 Alman \u0130mparatorlu\u011fu i\u00e7in gayet elveri\u015fli olmu\u015ftu. Ancak Avrupal\u0131 b\u00fcy\u00fck g\u00fc\u00e7lerin aras\u0131na g\u00f6rece yeni kat\u0131lan bu devlet, bir \u00f6l\u00e7\u00fcde daha do\u011fu\u015ftan karakterinde bulunan, genel olarak emperyalist, \u00f6zel olaraksa \u015eark cephesinde faaliyetlerde bulunmaya mecbur kalm\u0131\u015ft\u0131. <\/p>\n","protected":false},"excerpt":{"rendered":"<p>\u201c\u2026Emperyalizm ve Denge 1914 \u00f6ncesi Alman d\u0131\u015f siyasetinin hi\u00e7 \u015f\u00fcphesiz ba\u015fl\u0131ca eserlerinden biri; \u00fcstelik klasik diplomasi tarihi gelene\u011fini s\u00fcrd\u00fcrmesine ra\u011fmen bu gelene\u011fin metodolojik tek yanl\u0131l\u0131\u011f\u0131n\u0131 payla\u015fmad\u0131\u011f\u0131<span class=\"excerpt-hellip\"> [\u2026]<\/span><\/p>\n","protected":false},"featured_media":0,"template":"","meta":{"_monsterinsights_skip_tracking":false,"_monsterinsights_sitenote_active":false,"_monsterinsights_sitenote_note":"","_monsterinsights_sitenote_category":0},"product_brand":[],"product_cat":[12305,12304],"product_tag":[],"class_list":{"0":"post-740554","1":"product","2":"type-product","3":"status-publish","5":"product_cat-dunya-tarihi","6":"product_cat-tarih","7":"pa_cilt-ciltsiz","8":"pa_tur-kitap","9":"pa_yayinevi-kronik-kitap","10":"pa_yazar-gregor-schollgen","12":"first","13":"instock","14":"sale","15":"shipping-taxable","16":"purchasable","17":"product-type-simple"},"_links":{"self":[{"href":"https:\/\/roveyayinevi.com.tr\/index.php\/wp-json\/wp\/v2\/product\/740554","targetHints":{"allow":["GET"]}}],"collection":[{"href":"https:\/\/roveyayinevi.com.tr\/index.php\/wp-json\/wp\/v2\/product"}],"about":[{"href":"https:\/\/roveyayinevi.com.tr\/index.php\/wp-json\/wp\/v2\/types\/product"}],"wp:attachment":[{"href":"https:\/\/roveyayinevi.com.tr\/index.php\/wp-json\/wp\/v2\/media?parent=740554"}],"wp:term":[{"taxonomy":"product_brand","embeddable":true,"href":"https:\/\/roveyayinevi.com.tr\/index.php\/wp-json\/wp\/v2\/product_brand?post=740554"},{"taxonomy":"product_cat","embeddable":true,"href":"https:\/\/roveyayinevi.com.tr\/index.php\/wp-json\/wp\/v2\/product_cat?post=740554"},{"taxonomy":"product_tag","embeddable":true,"href":"https:\/\/roveyayinevi.com.tr\/index.php\/wp-json\/wp\/v2\/product_tag?post=740554"}],"curies":[{"name":"wp","href":"https:\/\/api.w.org\/{rel}","templated":true}]}}