{"id":740552,"date":"2025-08-28T00:29:30","date_gmt":"2025-08-27T21:29:30","guid":{"rendered":"https:\/\/roveyayinevi.com.tr\/index.php\/urun\/tokugawa-ieyasu\/"},"modified":"2026-04-16T02:51:24","modified_gmt":"2026-04-15T23:51:24","slug":"tokugawa-ieyasu","status":"publish","type":"product","link":"https:\/\/roveyayinevi.com.tr\/index.php\/urun\/tokugawa-ieyasu\/","title":{"rendered":"Tokugawa Ieyasu"},"content":{"rendered":"<p>TOKUGAWA IEYASU   OSPREY B\u00fcy\u00fck Komutanlar Serisi 13 Tarihin en b\u00fcy\u00fck komutanlar\u0131n\u0131n ya\u015fam \u00f6yk\u00fcleri, muharebe tecr\u00fcbeleri, uygulad\u0131klar\u0131 taktikler ve stratejiler\u2026 D\u00fcnya tarihinin en b\u00fcy\u00fck komutanlar\u0131n\u0131 t\u00fcm y\u00f6nleriyle inceleyen OSPREY B\u00fcy\u00fck Komutanlar Serisi, Tokugawa Ieyasu ile devam ediyor\u2026   16. y\u00fczy\u0131l\u0131n sonlar\u0131na do\u011fru \u00fc\u00e7 b\u00fcy\u00fck general, Japonya&#8217;da as\u0131rlard\u0131r s\u00fcren i\u00e7 sava\u015flar\u0131 sona erdirdi. \u00dclkenin tek bir \u00e7at\u0131 alt\u0131nda toplanma s\u00fcreci Toyotomi Hideyoshi taraf\u0131ndan tamamlanm\u0131\u015f olsa da huzurun kal\u0131c\u0131 olmas\u0131n\u0131 sa\u011flayan ki\u015fi Tokugawa Ieyasu idi ki bu da generali Japonya\u2019n\u0131n en kilit \u015fahsiyetlerinden biri h\u00e2line getirdi. Stratejik ve siyasi ba\u015far\u0131lar\u0131yla Ieyasu, Japonya\u2019n\u0131n en b\u00fcy\u00fck samuray komutan\u0131 addedilir. K\u00fc\u00e7\u00fck ve \u00f6nemsiz bir derebeyinin bu o\u011flu hem dost hem de d\u00fc\u015fman ekabirin elinde piyon oldu\u011fu ve rehinlikle ge\u00e7en sersefil bir \u00e7ocuklu\u011fun ard\u0131ndan g\u00f6z\u00fc kara bir sava\u015f\u00e7\u0131ya d\u00f6n\u00fc\u015ferek ba\u015far\u0131 yolundaki ilk ad\u0131mlar\u0131n\u0131 atm\u0131\u015ft\u0131. Ancak onu iktidar piramidinin tepesine, g\u00f6z\u00fc karal\u0131\u011f\u0131n\u0131 ya\u015f\u0131 ilerledik\u00e7e kurnazl\u0131kla da dengeleyebilme hasleti \u00e7\u0131kartacakt\u0131. Bununla birlikte onun sava\u015f alan\u0131ndaki becerilerini ihtiyatla de\u011ferlendirmek gerekir zira \u015fans fakt\u00f6r\u00fc de Ieyasu\u2019nun ba\u015far\u0131lar\u0131nda b\u00fcy\u00fck bir rol oynam\u0131\u015ft\u0131r. \u00d6rne\u011fin Mikatagahara Muharebesi\u2019nde ma\u011flup edilen Tokugawa g\u00fc\u00e7leri, b\u00fcy\u00fck bir bozgundan ancak k\u0131\u015f mevsiminin ba\u015flamas\u0131yla kurtulabilmi\u015flerdi. Ieyasu\u2019nun Japon tarihindeki belki de en tayin edici muharebe olan Sekigahara\u2019da galip gelmesiyse b\u00fcy\u00fck \u00f6l\u00e7\u00fcde, d\u00fc\u015fman kamp\u0131ndaki derebeylerinden Kobayakawa Hideaki\u2019nin \u00e7at\u0131\u015fman\u0131n ortas\u0131nda taraf de\u011fi\u015ftirmesi sayesinde m\u00fcmk\u00fcn oldu. Bununla beraber Ieyasu, dost ve d\u00fc\u015fmanlar\u0131n\u0131 do\u011fru se\u00e7mekte \u00f6zel bir bilgeli\u011fi haizdi. Ba\u015flatt\u0131\u011f\u0131 seferleri b\u00fcy\u00fck beceriyle planlar ve hatalar\u0131ndan ders almay\u0131 iyi bilirdi. Tokugawa Ieyasu, \u00e7a\u011fda\u015flar\u0131ndan \u00e7o\u011funun aksine son derece sab\u0131rl\u0131 bir liderdi. Hideyoshi gibi yapmad\u0131 ve boyunu a\u015fan i\u015flerden hep uzak durdu. Zaferiyle Japonya\u2019ya huzur getirdi\u011fi gibi s\u00fclalesini de modern Japonya\u2019n\u0131n do\u011fu\u015funa de\u011fin iki bu\u00e7uk as\u0131r boyunca muhafaza edece\u011fi bir h\u00fck\u00fcmranl\u0131k konumuna yerle\u015ftirdi. Dahas\u0131, Japonya\u2019n\u0131n sosyo-ekonomik karakteriyle siyasi mimarisini Konf\u00fc\u00e7y\u00fcs\u00e7\u00fc ilkeler temelinde sil ba\u015ftan \u015fekillendirmek gibi muazzam bir i\u015fi de ba\u015farm\u0131\u015ft\u0131 ki b\u00f6ylece h\u00fckmetti\u011fi \u00fclkeyi kendi orta \u00e7a\u011f\u0131ndan erken modern \u00e7a\u011f\u0131na ta\u015f\u0131m\u0131\u015ft\u0131r. Bu ba\u015far\u0131lar\u0131 ger\u00e7ek anlamda b\u00fcy\u00fck bir generallik ve devlet adaml\u0131\u011f\u0131 g\u00f6stererek elde etmi\u015fti. Stephen Turnbull\u2019un \u00e7al\u0131\u015fmas\u0131, b\u00fcy\u00fck komutan Tokugawa Ieyasu\u2019nun zorluklar i\u00e7inde ge\u00e7en hayat\u0131n\u0131; \u015fogunluk makam\u0131n\u0131 yeniden tesis etme s\u00fcrecini ve s\u00fclalesinin iki bu\u00e7uk as\u0131r boyunca Japonya\u2019ya h\u00fckmetti\u011fi uzun bar\u0131\u015f ortam\u0131n\u0131 getiren sava\u015f ve seferleri hi\u00e7bir ve\u00e7hesini atlamadan k\u0131sa ve \u00f6z ele al\u0131yor. <\/p>\n","protected":false},"excerpt":{"rendered":"<p>TOKUGAWA IEYASU OSPREY B\u00fcy\u00fck Komutanlar Serisi 13 Tarihin en b\u00fcy\u00fck komutanlar\u0131n\u0131n ya\u015fam \u00f6yk\u00fcleri, muharebe tecr\u00fcbeleri, uygulad\u0131klar\u0131 taktikler ve stratejiler\u2026 D\u00fcnya tarihinin en b\u00fcy\u00fck komutanlar\u0131n\u0131 t\u00fcm y\u00f6nleriyle<span class=\"excerpt-hellip\"> [\u2026]<\/span><\/p>\n","protected":false},"featured_media":0,"template":"","meta":{"_monsterinsights_skip_tracking":false,"_monsterinsights_sitenote_active":false,"_monsterinsights_sitenote_note":"","_monsterinsights_sitenote_category":0},"product_brand":[],"product_cat":[12312,12304],"product_tag":[],"class_list":{"0":"post-740552","1":"product","2":"type-product","3":"status-publish","5":"product_cat-diger","6":"product_cat-tarih","7":"pa_cilt-ciltsiz","8":"pa_tur-kitap","9":"pa_yayinevi-kronik-kitap","10":"pa_yazar-stephen-turnbull","12":"first","13":"instock","14":"sale","15":"shipping-taxable","16":"purchasable","17":"product-type-simple"},"_links":{"self":[{"href":"https:\/\/roveyayinevi.com.tr\/index.php\/wp-json\/wp\/v2\/product\/740552","targetHints":{"allow":["GET"]}}],"collection":[{"href":"https:\/\/roveyayinevi.com.tr\/index.php\/wp-json\/wp\/v2\/product"}],"about":[{"href":"https:\/\/roveyayinevi.com.tr\/index.php\/wp-json\/wp\/v2\/types\/product"}],"wp:attachment":[{"href":"https:\/\/roveyayinevi.com.tr\/index.php\/wp-json\/wp\/v2\/media?parent=740552"}],"wp:term":[{"taxonomy":"product_brand","embeddable":true,"href":"https:\/\/roveyayinevi.com.tr\/index.php\/wp-json\/wp\/v2\/product_brand?post=740552"},{"taxonomy":"product_cat","embeddable":true,"href":"https:\/\/roveyayinevi.com.tr\/index.php\/wp-json\/wp\/v2\/product_cat?post=740552"},{"taxonomy":"product_tag","embeddable":true,"href":"https:\/\/roveyayinevi.com.tr\/index.php\/wp-json\/wp\/v2\/product_tag?post=740552"}],"curies":[{"name":"wp","href":"https:\/\/api.w.org\/{rel}","templated":true}]}}