{"id":740549,"date":"2025-08-28T00:29:27","date_gmt":"2025-08-27T21:29:27","guid":{"rendered":"https:\/\/roveyayinevi.com.tr\/index.php\/urun\/aynasi-kirilan-narsisist\/"},"modified":"2026-04-16T02:51:24","modified_gmt":"2026-04-15T23:51:24","slug":"aynasi-kirilan-narsisist","status":"publish","type":"product","link":"https:\/\/roveyayinevi.com.tr\/index.php\/urun\/aynasi-kirilan-narsisist\/","title":{"rendered":"Aynas\u0131 K\u0131r\u0131lan Narsisist"},"content":{"rendered":"<p>Yeni do\u011fmu\u015f bir bebek kendi g\u00f6r\u00fcnt\u00fcs\u00fcn\u00fc bulabilmek i\u00e7in annesinin bak\u0131\u015f\u0131n\u0131 aramaktad\u0131r. E\u011fer annesinin g\u00f6z\u00fcndeki \u0131\u015f\u0131lt\u0131da kendini bulamazsa yeti\u015fkinlikte bir ayna aramaya \u00e7\u0131kacakt\u0131r. Ya\u015fam\u0131n ilk d\u00f6nemlerinde hen\u00fcz \u00e7ok k\u00fc\u00e7\u00fck olan insan canl\u0131s\u0131 d\u0131\u015f d\u00fcnya ile kendisi aras\u0131nda ay\u00acr\u0131m yapma becerisinden yoksundur, bu nedenle kendi d\u00fcnyas\u0131 i\u00e7inde kendini g\u00fcvende hissetmesi i\u00e7in kendisini t\u00fcmg\u00fc\u00e7l\u00fc g\u00f6rmesi \u015fartt\u0131r. Zamanla ilk \u00f6teki\u2019yi sevebilecek ve ken\u00acdini de onun g\u00f6z\u00fcndeki \u0131\u015f\u0131lt\u0131 ile sevilebilir hissedecektir.   Bu \u0131\u015f\u0131lt\u0131y\u0131 ko\u015fullara ba\u011fl\u0131 g\u00f6r\u00fcrse ya da hi\u00e7 g\u00f6remezse benli\u011fini sa\u011flam tutabilmek ad\u0131na hep bir aynan\u0131n pe\u015finde ko\u015facakt\u0131r. Aynas\u0131 K\u0131r\u0131lan Narsisist, Narsisizmle ilgili ortaya koyulan g\u00f6r\u00fc\u015fleri, narsisizmin ilk ortaya \u00e7\u0131kt\u0131\u011f\u0131 d\u00f6nemden g\u00fcn\u00fcm\u00fcze kadarki geli\u015fim s\u00fcreci i\u00e7inde \u00f6zellikle psikanalitik ve psikodinamik yakla\u015f\u0131m e\u015fli\u011finde g\u00f6zden ge\u00e7irmi\u015ftir. Kitab\u0131n narsisizmin erken d\u00f6nem k\u00f6kenleri, varl\u0131ksal bo\u015flu\u011fu,  savunma mekanizmalar\u0131, ili\u015fkileri, tedavide ele al\u0131nmas\u0131 gereken \u00f6nemli noktalar\u0131 bir araya getirerek  alanda \u00e7al\u0131\u015fan uzmanlara \u0131\u015f\u0131k tutaca\u011f\u0131 kanaatindeyiz.<\/p>\n","protected":false},"excerpt":{"rendered":"<p>Yeni do\u011fmu\u015f bir bebek kendi g\u00f6r\u00fcnt\u00fcs\u00fcn\u00fc bulabilmek i\u00e7in annesinin bak\u0131\u015f\u0131n\u0131 aramaktad\u0131r. E\u011fer annesinin g\u00f6z\u00fcndeki \u0131\u015f\u0131lt\u0131da kendini bulamazsa yeti\u015fkinlikte bir ayna aramaya \u00e7\u0131kacakt\u0131r. Ya\u015fam\u0131n ilk d\u00f6nemlerinde hen\u00fcz<span class=\"excerpt-hellip\"> [\u2026]<\/span><\/p>\n","protected":false},"featured_media":0,"template":"","meta":{"_monsterinsights_skip_tracking":false,"_monsterinsights_sitenote_active":false,"_monsterinsights_sitenote_note":"","_monsterinsights_sitenote_category":0},"product_brand":[],"product_cat":[12573,12566],"product_tag":[],"class_list":{"0":"post-740549","1":"product","2":"type-product","3":"status-publish","5":"product_cat-akademik-kitaplar","6":"product_cat-egitim","7":"pa_cilt-ciltsiz","8":"pa_tur-kitap","9":"pa_yayinevi-egiten-kitap","10":"pa_yazar-bahar-akoglu","12":"first","13":"instock","14":"sale","15":"shipping-taxable","16":"purchasable","17":"product-type-simple"},"_links":{"self":[{"href":"https:\/\/roveyayinevi.com.tr\/index.php\/wp-json\/wp\/v2\/product\/740549","targetHints":{"allow":["GET"]}}],"collection":[{"href":"https:\/\/roveyayinevi.com.tr\/index.php\/wp-json\/wp\/v2\/product"}],"about":[{"href":"https:\/\/roveyayinevi.com.tr\/index.php\/wp-json\/wp\/v2\/types\/product"}],"wp:attachment":[{"href":"https:\/\/roveyayinevi.com.tr\/index.php\/wp-json\/wp\/v2\/media?parent=740549"}],"wp:term":[{"taxonomy":"product_brand","embeddable":true,"href":"https:\/\/roveyayinevi.com.tr\/index.php\/wp-json\/wp\/v2\/product_brand?post=740549"},{"taxonomy":"product_cat","embeddable":true,"href":"https:\/\/roveyayinevi.com.tr\/index.php\/wp-json\/wp\/v2\/product_cat?post=740549"},{"taxonomy":"product_tag","embeddable":true,"href":"https:\/\/roveyayinevi.com.tr\/index.php\/wp-json\/wp\/v2\/product_tag?post=740549"}],"curies":[{"name":"wp","href":"https:\/\/api.w.org\/{rel}","templated":true}]}}