{"id":740548,"date":"2025-08-28T00:29:26","date_gmt":"2025-08-27T21:29:26","guid":{"rendered":"https:\/\/roveyayinevi.com.tr\/index.php\/urun\/bambinin-cocuklari\/"},"modified":"2026-04-16T02:51:24","modified_gmt":"2026-04-15T23:51:24","slug":"bambinin-cocuklari","status":"publish","type":"product","link":"https:\/\/roveyayinevi.com.tr\/index.php\/urun\/bambinin-cocuklari\/","title":{"rendered":"Bambi\u2019nin \u00c7ocuklar\u0131"},"content":{"rendered":"<p>Sincaplar, tilkiler, tav\u015fanlar ve k\u00fc\u00e7\u00fck bir karaca ailesinin etraf\u0131nda macera dolu bir ya\u015fam.   Bambi art\u0131k b\u00fcy\u00fcm\u00fc\u015ft\u00fcr. Babas\u0131n\u0131n \u00f6l\u00fcm\u00fcnden sonra \u201cihtiyar\u201d\u0131n yerini alm\u0131\u015f ve \u00e7ocukluk arkada\u015f\u0131 Faline\u2019den \u00e7ocuklar\u0131 olmu\u015ftur: Geno ve Gurri. Anneleri iki ufakl\u0131\u011fa orman ya\u015fam\u0131n\u0131 \u00f6\u011fretmekte ve onlar\u0131 orman sakinleriyle tan\u0131\u015ft\u0131rmaktad\u0131r. Hayat b\u00f6ylece ak\u0131p giderken, k\u00f6t\u00fc sonu\u00e7lar\u0131 olan bir olay bu k\u00fc\u00e7\u00fck ailenin ya\u015fam\u0131n\u0131 alt\u00fcst edecektir. <\/p>\n","protected":false},"excerpt":{"rendered":"<p>Sincaplar, tilkiler, tav\u015fanlar ve k\u00fc\u00e7\u00fck bir karaca ailesinin etraf\u0131nda macera dolu bir ya\u015fam. Bambi art\u0131k b\u00fcy\u00fcm\u00fc\u015ft\u00fcr. Babas\u0131n\u0131n \u00f6l\u00fcm\u00fcnden sonra \u201cihtiyar\u201d\u0131n yerini alm\u0131\u015f ve \u00e7ocukluk arkada\u015f\u0131 Faline\u2019den<span class=\"excerpt-hellip\"> [\u2026]<\/span><\/p>\n","protected":false},"featured_media":0,"template":"","meta":{"_monsterinsights_skip_tracking":false,"_monsterinsights_sitenote_active":false,"_monsterinsights_sitenote_note":"","_monsterinsights_sitenote_category":0},"product_brand":[],"product_cat":[12274,12284],"product_tag":[],"class_list":{"0":"post-740548","1":"product","2":"type-product","3":"status-publish","5":"product_cat-cocuk-ve-genclik-kitaplari","6":"product_cat-hikayeler","7":"pa_cilt-ciltsiz","8":"pa_tur-kitap","9":"pa_yayinevi-artemis-yayinlari","10":"pa_yazar-felix-salter","12":"first","13":"instock","14":"sale","15":"shipping-taxable","16":"purchasable","17":"product-type-simple"},"_links":{"self":[{"href":"https:\/\/roveyayinevi.com.tr\/index.php\/wp-json\/wp\/v2\/product\/740548","targetHints":{"allow":["GET"]}}],"collection":[{"href":"https:\/\/roveyayinevi.com.tr\/index.php\/wp-json\/wp\/v2\/product"}],"about":[{"href":"https:\/\/roveyayinevi.com.tr\/index.php\/wp-json\/wp\/v2\/types\/product"}],"wp:attachment":[{"href":"https:\/\/roveyayinevi.com.tr\/index.php\/wp-json\/wp\/v2\/media?parent=740548"}],"wp:term":[{"taxonomy":"product_brand","embeddable":true,"href":"https:\/\/roveyayinevi.com.tr\/index.php\/wp-json\/wp\/v2\/product_brand?post=740548"},{"taxonomy":"product_cat","embeddable":true,"href":"https:\/\/roveyayinevi.com.tr\/index.php\/wp-json\/wp\/v2\/product_cat?post=740548"},{"taxonomy":"product_tag","embeddable":true,"href":"https:\/\/roveyayinevi.com.tr\/index.php\/wp-json\/wp\/v2\/product_tag?post=740548"}],"curies":[{"name":"wp","href":"https:\/\/api.w.org\/{rel}","templated":true}]}}